{"id":31549,"date":"2021-04-19T18:25:22","date_gmt":"2021-04-19T15:25:22","guid":{"rendered":"https:\/\/seacare.com\/de\/?page_id=31549"},"modified":"2021-04-26T19:17:52","modified_gmt":"2021-04-26T16:17:52","slug":"matrixyl","status":"publish","type":"page","link":"https:\/\/seacare.com\/de\/matrixyl\/","title":{"rendered":"Matrixyl"},"content":{"rendered":"<h1 style=\"text-align: center;\"><span data-text-color=\"primary\">Matrixyl\u00ae synthe&#8217;6\u00ae<\/span><\/h1>\n<hr \/>\n<p>Sederma pr\u00e4sentiert ein neues Produkt Matrixyl\u00ae synthe&#8217;6\u00ae, das die Frauenw\u00fcnsche erf\u00fcllt: Das f\u00fcllt die Falten von innen sowohl auf der Stirn, als auch um die Augen (so genannte \u201eKr\u00e4henf\u00fc\u00dfe\u201c) aus und macht die Haut sichtbar glatter und elastischer. Matrixyl\u00ae synthe&#8217;6\u00ae stimuliert 6 Haupthaut- und -epidermiskomponente (DEJ) durch den Matrikin-Effekt und sorgt f\u00fcr eine optimale Hautarchitektur.<\/p>\n","protected":false},"excerpt":{"rendered":"<p>Matrixyl\u00ae synthe&#8217;6\u00ae Sederma pr\u00e4sentiert ein neues Produkt Matrixyl\u00ae synthe&#8217;6\u00ae, das die Frauenw\u00fcnsche erf\u00fcllt: Das f\u00fcllt die Falten von innen sowohl auf der Stirn, als auch um die Augen (so genannte \u201eKr\u00e4henf\u00fc\u00dfe\u201c) aus und macht die Haut sichtbar glatter und elastischer. Matrixyl\u00ae synthe&#8217;6\u00ae stimuliert 6 Haupthaut- und -epidermiskomponente (DEJ) durch den Matrikin-Effekt und sorgt f\u00fcr eine [&hellip;]\n","protected":false},"author":1,"featured_media":0,"parent":0,"menu_order":0,"comment_status":"closed","ping_status":"closed","template":"","meta":{"footnotes":""},"_links":{"self":[{"href":"https:\/\/seacare.com\/de\/wp-json\/wp\/v2\/pages\/31549"}],"collection":[{"href":"https:\/\/seacare.com\/de\/wp-json\/wp\/v2\/pages"}],"about":[{"href":"https:\/\/seacare.com\/de\/wp-json\/wp\/v2\/types\/page"}],"author":[{"embeddable":true,"href":"https:\/\/seacare.com\/de\/wp-json\/wp\/v2\/users\/1"}],"replies":[{"embeddable":true,"href":"https:\/\/seacare.com\/de\/wp-json\/wp\/v2\/comments?post=31549"}],"version-history":[{"count":1,"href":"https:\/\/seacare.com\/de\/wp-json\/wp\/v2\/pages\/31549\/revisions"}],"predecessor-version":[{"id":31550,"href":"https:\/\/seacare.com\/de\/wp-json\/wp\/v2\/pages\/31549\/revisions\/31550"}],"wp:attachment":[{"href":"https:\/\/seacare.com\/de\/wp-json\/wp\/v2\/media?parent=31549"}],"curies":[{"name":"wp","href":"https:\/\/api.w.org\/{rel}","templated":true}]}}