{"id":32621,"date":"2021-04-20T17:02:43","date_gmt":"2021-04-20T14:02:43","guid":{"rendered":"https:\/\/seacare.com\/de\/?page_id=32621"},"modified":"2021-04-26T19:17:54","modified_gmt":"2021-04-26T16:17:54","slug":"mineralien-aus-dem-toten-meer","status":"publish","type":"page","link":"https:\/\/seacare.com\/de\/mineralien-aus-dem-toten-meer\/","title":{"rendered":"Mineralien aus dem Toten Meer"},"content":{"rendered":"<h1 style=\"text-align: center;\"><span data-text-color=\"primary\">Mineralien aus dem Toten Meer<\/span><\/h1>\n<p style=\"text-align: center;\">Das Tote Meer enth\u00e4lt \u00fcber 20 Mineralien, die nachweislich das Hautbild verbessern und die Haut gesund und jung halten. Sogar die an der K\u00fcste des Toten Meeren wachsenden Pflanzen haben eine hohe Konzentration an Vitaminen, Mineralien und Heil\u00f6len, die in Dermatologie, Kosmetik und Medizin verwendet werden. Die im Toten Meer enthaltenen Hauptmineralien sind f\u00fcr die reibungslose Funktion der Hautzellen von Bedeutung und tragen wesentlich zur Erhaltung der Hautgesundheit und -sch\u00f6nheit bei.<\/p>\n    <div class=\"img has-hover x md-x lg-x y md-y lg-y\" id=\"image_1520467111\">\n                <div class=\"img-inner dark\" style=\"margin:-15px 0px 0px 0px;\">\n        <img loading=\"lazy\" decoding=\"async\" width=\"994\" height=\"145\" src=\"https:\/\/seacare.com\/wp-content\/uploads\/2020\/10\/\u041c\u0438\u043d\u0435\u0440\u0430\u043b\u044b.png\" class=\"attachment-large size-large\" alt=\"Minerals\" srcset=\"https:\/\/seacare.com\/wp-content\/uploads\/2020\/10\/\u041c\u0438\u043d\u0435\u0440\u0430\u043b\u044b.png 994w, https:\/\/seacare.com\/wp-content\/uploads\/2020\/10\/\u041c\u0438\u043d\u0435\u0440\u0430\u043b\u044b-800x117.png 800w, https:\/\/seacare.com\/wp-content\/uploads\/2020\/10\/\u041c\u0438\u043d\u0435\u0440\u0430\u043b\u044b-768x112.png 768w\" sizes=\"(max-width: 994px) 100vw, 994px\" \/>                \n            <\/div>\n                   \n<style scope=\"scope\">\n\n<\/style>\n    <\/div>\n    \n<div class=\"row\"  id=\"row-1815632983\">\n<div class=\"col medium-6 small-12 large-6\"  ><div class=\"col-inner\" style=\"padding:6px 0px 0px 0px;\" >\n<p><strong>Magnesium<\/strong> ist ein Heilmineral zur Heilung des Hautgewebes, der als ein Antiallergen wirkt, den Zellstoffwechsel verbessert, sowie die Proteinsynthese und Energieproduktion stimuliert.<\/p>\n<p><strong>Jod<\/strong> tr\u00e4gt zur ordnungsgem\u00e4\u00dfen Funktion der Schilddr\u00fcse bei und verbessert den Stoffwechsel in Hautzellen.<\/p>\n<p><strong>Schwefel<\/strong> ist ein bekanntes Heilmineral. Es enth\u00e4lt wichtige Vitamine und ist ein nat\u00fcrliches Desinfektions- und antibakterielles Mittel, das gegen Akne wirksam ist. Dar\u00fcber hinaus wurde nachgewiesen, dass Schwefel Symptome der Hauterkrankungen wie Psoriasis und Ekzemen lindert.<\/p>\n<p><strong>Kalium<\/strong> ist ein wichtiger Feuchtigkeitsregulator und tr\u00e4gt zur Aufrechterhaltung einer neutralen Hautumgebung bei. Die Anzeichen eines Kaliummangels sind trockene Haut und Akne, sowie Psoriasis-Sch\u00fcbe.<\/p>\n<p><strong>Calcium<\/strong> ist ein Baustein f\u00fcr Bindegewebe unter der Hautoberfl\u00e4che und spielt eine wichtige Rolle beim Schutz der Hautzellen. Calcium reguliert die Permeabilit\u00e4t der Zellmembranen (Fettabsorption und -produktion) und normalisiert die Hautzellendifferenzierung.<\/p>\n<p><strong>Natrium<\/strong> ist ein Mineral aus dem Toten Meer, das den Stoffwechsel in Hautzellen verbessert. Natrium lindert Muskelkr\u00e4mpfe und -steifheit und sorgt f\u00fcr eine neutrale Umgebung in Hautzellen.<\/p>\n<\/div><\/div>\n<div class=\"col hide-for-small medium-6 small-12 large-6\"  ><div class=\"col-inner\" style=\"margin:6px 0px 0px 0px;\" >\n<p><strong>Zink<\/strong> ist ein Mineral, das f\u00fcr die nat\u00fcrliche Regulation des Zellwachstums und der Zellregeneration essentiell ist, die Zellerneuerung verbessert und die Kollagen- und Elastin-Synthese stimuliert (erneuert die Haut). Es ist ein gro\u00dfartiges Antioxidans. Zink verbessert die Talgregulation (Anti-Akne-Eigenschaften), hat entz\u00fcndungshemmende Eigenschaften und ist ein nat\u00fcrlicher UV-Blocker.<\/p>\n<p><strong>Strontium<\/strong> ist gegen Juckreiz wirksam, reduziert die Anzeichen der Kontaktdermatitis (ein h\u00e4ufiges Problem der Personen mit empfindlicher Haut, die regelm\u00e4\u00dfig Kosmetikmittel verwenden).<\/p>\n<p><strong>Brom<\/strong> hat beruhigende und entz\u00fcndungshemmende Wirkung, entspannt die Muskeln und beruhigt die Hautnerven.<\/p>\n<p><strong>Mangan<\/strong> ist durch seine antioxidativen Eigenschaften bekannt. Mangan erh\u00f6ht die Hautmikrozirkulation (hat verj\u00fcngende Wirkung) und verbessert den Zustand des Bindesgewebes.<\/p>\n<p><strong>Lithium<\/strong> ist ein Mineral aus dem Toten Meer, das die Wirksamkeit des Salzbades bei der Behandlung von Psoriasis erh\u00f6ht.<\/p>\n<p><strong>Bor<\/strong> ist ein Mineral, das die Symptome von Psoriasis und Psoriasis-Arthritis lindert.<\/p>\n<\/div><\/div>\n<div class=\"col show-for-small medium-6 small-12 large-6\"  ><div class=\"col-inner\" style=\"margin:-36px 0px 0px 0px;\" >\n<p class=\"o-kom-text3\"><strong><span class=\"text-head2\">\u0426\u0438\u043d\u043a<\/span><\/strong> \u2013 \u043c\u0438\u043d\u0435\u0440\u0430\u043b, \u0438\u043c\u0435\u044e\u0449\u0438\u0439 \u0432\u0430\u0436\u043d\u043e\u0435 \u0437\u043d\u0430\u0447\u0435\u043d\u0438\u0435 \u0434\u043b\u044f \u043f\u0440\u0438\u0440\u043e\u0434\u043d\u043e\u0439 \u0440\u0435\u0433\u0443\u043b\u044f\u0446\u0438\u0438 \u043a\u043b\u0435\u0442\u043e\u0447\u043d\u043e\u0433\u043e \u0440\u043e\u0441\u0442\u0430 \u0438 \u0440\u0435\u0433\u0435\u043d\u0435\u0440\u0430\u0446\u0438\u0438, \u0443\u043b\u0443\u0447\u0448\u0430\u0435\u0442 \u043e\u0431\u043d\u043e\u0432\u043b\u0435\u043d\u0438\u0435 \u043a\u043b\u0435\u0442\u043e\u043a \u0438 \u0441\u0442\u0438\u043c\u0443\u043b\u0438\u0440\u0443\u0435\u0442 \u0441\u0438\u043d\u0442\u0435\u0437 \u043a\u043e\u043b\u043b\u0430\u0433\u0435\u043d\u0430 \u0438 \u044d\u043b\u0430\u0441\u0442\u0438\u043d\u0430 (\u043e\u0431\u043d\u043e\u0432\u043b\u044f\u0435\u0442 \u043a\u043e\u0436\u0443). \u041e\u0442\u043b\u0438\u0447\u043d\u044b\u0439 \u0430\u043d\u0442\u0438\u043e\u043a\u0441\u0438\u0434\u0430\u043d\u0442. \u0426\u0438\u043d\u043a \u0443\u043b\u0443\u0447\u0448\u0430\u0435\u0442 \u0441\u0435\u0431\u043e-\u0440\u0435\u0433\u0443\u043b\u0438\u0440\u043e\u0432\u0430\u043d\u0438\u0435 (\u043f\u0440\u043e\u0442\u0438\u0432\u043e\u0443\u0433\u0440\u0435\u0432\u044b\u0435 \u0441\u0432\u043e\u0439\u0441\u0442\u0432\u0430), \u043f\u0440\u043e\u0442\u0438\u0432\u043e\u0432\u043e\u0441\u043f\u0430\u043b\u0438\u0442\u0435\u043b\u044c\u043d\u044b\u0435 \u0441\u0432\u043e\u0439\u0441\u0442\u0432\u0430 \u0438 \u044f\u0432\u043b\u044f\u0435\u0442\u0441\u044f \u043f\u0440\u0438\u0440\u043e\u0434\u043d\u044b\u043c \u0431\u043b\u043e\u043a\u0438\u0440\u0430\u0442\u043e\u0440\u043e\u043c \u0443\u043b\u044c\u0442\u0440\u0430\u0444\u0438\u043e\u043b\u0435\u0442\u043e\u0432\u044b\u0445 \u043b\u0443\u0447\u0435\u0439.<\/p>\n<p class=\"o-kom-text3\"><strong><span class=\"text-head2\">\u0421\u0442\u0440\u043e\u043d\u0446\u0438\u0439<\/span><\/strong> \u2013 \u044d\u0444\u0444\u0435\u043a\u0442\u0438\u0432\u0435\u043d \u043f\u0440\u043e\u0442\u0438\u0432 \u0437\u0443\u0434\u0430, \u0443\u043c\u0435\u043d\u044c\u0448\u0430\u0435\u0442 \u043f\u0440\u0438\u0437\u043d\u0430\u043a\u0438 \u043a\u043e\u043d\u0442\u0430\u043a\u0442\u043d\u043e\u0433\u043e \u0434\u0435\u0440\u043c\u0430\u0442\u0438\u0442\u0430 (\u043e\u0431\u0449\u0430\u044f \u043f\u0440\u043e\u0431\u043b\u0435\u043c\u0430 \u0434\u043b\u044f \u043b\u044e\u0434\u0435\u0439 \u0441 \u0447\u0443\u0432\u0441\u0442\u0432\u0438\u0442\u0435\u043b\u044c\u043d\u043e\u0439 \u043a\u043e\u0436\u0435\u0439, \u043a\u043e\u0442\u043e\u0440\u044b\u0435 \u0440\u0435\u0433\u0443\u043b\u044f\u0440\u043d\u043e \u043f\u043e\u043b\u044c\u0437\u0443\u044e\u0442\u0441\u044f \u043a\u043e\u0441\u043c\u0435\u0442\u0438\u043a\u043e\u0439).<\/p>\n<p class=\"o-kom-text3\"><strong><span class=\"text-head2\">\u0411\u0440\u043e\u043c<\/span><\/strong> &#8211; \u0438\u043c\u0435\u0435\u0442 \u0443\u0441\u043f\u043e\u043a\u0430\u0438\u0432\u0430\u044e\u0449\u0438\u0439 \u043f\u0440\u043e\u0442\u0438\u0432\u043e\u0432\u043e\u0441\u043f\u0430\u043b\u0438\u0442\u0435\u043b\u044c\u043d\u044b\u0439 \u044d\u0444\u0444\u0435\u043a\u0442, \u0440\u0430\u0441\u0441\u043b\u0430\u0431\u043b\u044f\u0435\u0442 \u043c\u044b\u0448\u0446\u044b \u0438 \u0443\u0441\u043f\u043e\u043a\u0430\u0438\u0432\u0430\u0435\u0442 \u043d\u0435\u0440\u0432\u044b \u043a\u043e\u0436\u0438.<\/p>\n<p class=\"o-kom-text3\"><strong><span class=\"text-head2\">\u041c\u0430\u0440\u0433\u0430\u043d\u0435\u0446<\/span> <\/strong>&#8211; \u0445\u043e\u0440\u043e\u0448\u043e \u0438\u0437\u0432\u0435\u0441\u0442\u0435\u043d \u0441\u0432\u043e\u0438\u043c\u0438 \u0430\u043d\u0442\u0438\u043e\u043a\u0441\u0438\u0434\u0430\u043d\u0442\u043d\u044b\u043c\u0438 \u0441\u0432\u043e\u0439\u0441\u0442\u0432\u0430\u043c\u0438. \u041c\u0430\u0440\u0433\u0430\u043d\u0435\u0446 \u0443\u0432\u0435\u043b\u0438\u0447\u0438\u0432\u0430\u0435\u0442 \u043c\u0438\u043a\u0440\u043e\u0446\u0438\u0440\u043a\u0443\u043b\u044f\u0446\u0438\u044e \u043a\u043e\u0436\u0438 (\u043e\u043a\u0430\u0437\u044b\u0432\u0430\u0435\u0442 \u043e\u043c\u043e\u043b\u0430\u0436\u0438\u0432\u0430\u044e\u0449\u0438\u0439 \u044d\u0444\u0444\u0435\u043a\u0442) \u0438 \u0443\u043b\u0443\u0447\u0448\u0430\u0435\u0442 \u0441\u043e\u0441\u0442\u043e\u044f\u043d\u0438\u0435 \u0441\u043e\u0435\u0434\u0438\u043d\u0438\u0442\u0435\u043b\u044c\u043d\u044b\u0445 \u0442\u043a\u0430\u043d\u0435\u0439.<\/p>\n<p class=\"o-kom-text3\"><strong><span class=\"text-head2\">\u041b\u0438\u0442\u0438\u0439<\/span><\/strong> &#8211; \u043c\u0438\u043d\u0435\u0440\u0430\u043b \u041c\u0435\u0440\u0442\u0432\u043e\u0433\u043e \u043c\u043e\u0440\u044f, \u043f\u043e\u0432\u044b\u0448\u0430\u044e\u0449\u0438\u0439 \u044d\u0444\u0444\u0435\u043a\u0442\u0438\u0432\u043d\u043e\u0441\u0442\u044c \u0441\u043e\u043b\u044f\u043d\u043e\u0439 \u0432\u0430\u043d\u043d\u044b \u043f\u0440\u0438 \u043b\u0435\u0447\u0435\u043d\u0438\u0438 \u043f\u0441\u043e\u0440\u0438\u0430\u0437\u0430.<\/p>\n<p><strong>Bor<\/strong> ist ein Mineral, das die Symptome von Psoriasis und Psoriasis-Arthritis lindert.<\/p>\n<\/div><\/div>\n<\/div>\n    <div class=\"img has-hover x md-x lg-x y md-y lg-y\" id=\"image_1429044555\">\n                <div class=\"img-inner dark\" >\n        <img loading=\"lazy\" decoding=\"async\" width=\"1020\" height=\"95\" src=\"https:\/\/seacare.com\/wp-content\/uploads\/2020\/10\/\u041b\u043e\u0433\u043e\u0442\u0438\u043f-\u0434\u043b\u044f-\u0421\u0430\u0438\u0306\u0442\u0430-SeaCare-\u043a\u043e\u043f\u0438\u044f-1400x130.png\" class=\"attachment-large size-large\" alt=\"Logo for the SeaCare Website\" srcset=\"https:\/\/seacare.com\/wp-content\/uploads\/2020\/10\/\u041b\u043e\u0433\u043e\u0442\u0438\u043f-\u0434\u043b\u044f-\u0421\u0430\u0438\u0306\u0442\u0430-SeaCare-\u043a\u043e\u043f\u0438\u044f-1400x130.png 1400w, https:\/\/seacare.com\/wp-content\/uploads\/2020\/10\/\u041b\u043e\u0433\u043e\u0442\u0438\u043f-\u0434\u043b\u044f-\u0421\u0430\u0438\u0306\u0442\u0430-SeaCare-\u043a\u043e\u043f\u0438\u044f-800x74.png 800w, https:\/\/seacare.com\/wp-content\/uploads\/2020\/10\/\u041b\u043e\u0433\u043e\u0442\u0438\u043f-\u0434\u043b\u044f-\u0421\u0430\u0438\u0306\u0442\u0430-SeaCare-\u043a\u043e\u043f\u0438\u044f-768x71.png 768w\" sizes=\"(max-width: 1020px) 100vw, 1020px\" \/>                \n            <\/div>\n                   \n<style scope=\"scope\">\n\n<\/style>\n    <\/div>\n    \n    <div class=\"img has-hover x md-x lg-x y md-y lg-y\" id=\"image_726384310\">\n                <div class=\"img-inner dark\" >\n                        \n            <\/div>\n                   \n<style scope=\"scope\">\n\n<\/style>\n    <\/div>\n    \n","protected":false},"excerpt":{"rendered":"<p>Mineralien aus dem Toten Meer Das Tote Meer enth\u00e4lt \u00fcber 20 Mineralien, die nachweislich das Hautbild verbessern und die Haut gesund und jung halten. Sogar die an der K\u00fcste des Toten Meeren wachsenden Pflanzen haben eine hohe Konzentration an Vitaminen, Mineralien und Heil\u00f6len, die in Dermatologie, Kosmetik und Medizin verwendet werden. Die im Toten Meer [&hellip;]\n","protected":false},"author":1,"featured_media":0,"parent":0,"menu_order":0,"comment_status":"closed","ping_status":"closed","template":"","meta":{"footnotes":""},"_links":{"self":[{"href":"https:\/\/seacare.com\/de\/wp-json\/wp\/v2\/pages\/32621"}],"collection":[{"href":"https:\/\/seacare.com\/de\/wp-json\/wp\/v2\/pages"}],"about":[{"href":"https:\/\/seacare.com\/de\/wp-json\/wp\/v2\/types\/page"}],"author":[{"embeddable":true,"href":"https:\/\/seacare.com\/de\/wp-json\/wp\/v2\/users\/1"}],"replies":[{"embeddable":true,"href":"https:\/\/seacare.com\/de\/wp-json\/wp\/v2\/comments?post=32621"}],"version-history":[{"count":3,"href":"https:\/\/seacare.com\/de\/wp-json\/wp\/v2\/pages\/32621\/revisions"}],"predecessor-version":[{"id":32624,"href":"https:\/\/seacare.com\/de\/wp-json\/wp\/v2\/pages\/32621\/revisions\/32624"}],"wp:attachment":[{"href":"https:\/\/seacare.com\/de\/wp-json\/wp\/v2\/media?parent=32621"}],"curies":[{"name":"wp","href":"https:\/\/api.w.org\/{rel}","templated":true}]}}