{"id":32633,"date":"2021-04-20T17:22:27","date_gmt":"2021-04-20T14:22:27","guid":{"rendered":"https:\/\/seacare.com\/de\/?page_id=32633"},"modified":"2021-04-26T19:17:59","modified_gmt":"2021-04-26T16:17:59","slug":"zum-haendler-der-seacare-kosmetikprodukte-werden","status":"publish","type":"page","link":"https:\/\/seacare.com\/de\/zum-haendler-der-seacare-kosmetikprodukte-werden\/","title":{"rendered":"Zum H\u00e4ndler der SeaCare Kosmetikprodukte werden"},"content":{"rendered":"<h1 class=\"text-head\"><span data-text-color=\"primary\">Zum H\u00e4ndler der SeaCare Kosmetikprodukte werden<\/span><\/h1>\n<p>Nennen Sie eine Person, die sich am Unternehmen nicht beteiligen m\u00f6chte. Fast jeder m\u00f6chte eine M\u00f6glichkeit haben, den Monatsgewinn zu haben. Wenn Sie sich gut mit Sch\u00f6nheit und Hautpflege auskennen, k\u00f6nnen Sie zum unabh\u00e4ngigen H\u00e4ndler der SeaCare Produkte werden.<\/p>\n<p>Einige der Sch\u00f6nheitsprodukte, die heute auf dem Markt immer beliebter werden, sind Sch\u00f6nheitsprodukte aus dem Toten Meer. In dieser Situation haben Sie die M\u00f6glichkeit, von der Beliebtheit und Nachfrage nach SeaCare Kosmetikprodukten zu profitieren.<\/p>\n<p>Wenn Sie zum H\u00e4ndler der SeaCare Kosmetik aus dem Toten Meer werden, erhalten Sie verschiedene finanzielle und soziale Vorteile. Finanziell erhalten Sie Gro\u00dfhandelspreise, sowie zus\u00e4tzliche Rabatte f\u00fcr Gro\u00dfauftr\u00e4ge. Sozial erhalten Sie eine M\u00f6glichkeit, neue Leute kennenzulernen und Ihren Kreis der Gesch\u00e4ftsbeziehungen zu erweitern, was zur Steigerung Ihres Einkommens beitr\u00e4gt.<\/p>\n<p>Als Hersteller einiger der besten Hautpflegeprodukte sind wir immer daran interessiert, Beziehungen zu potenziellen H\u00e4ndlern aufzubauen. Wenn Sie zum H\u00e4ndler der SeaCare Produkte werden m\u00f6chten, senden Sie bitte eine E-Mail an sales@seacare.com. Die Nachricht soll folgende Informationen enthalten:<\/p>\n<div role=\"form\" class=\"wpcf7\" id=\"wpcf7-f32636-o1\" lang=\"ru-RU\" dir=\"ltr\">\n<div class=\"screen-reader-response\"><\/div>\n<form action=\"\/de\/wp-json\/wp\/v2\/pages\/32633#wpcf7-f32636-o1\" method=\"post\" class=\"wpcf7-form\" novalidate=\"novalidate\">\n<div style=\"display: none;\">\n<input type=\"hidden\" name=\"_wpcf7\" value=\"32636\" \/>\n<input type=\"hidden\" name=\"_wpcf7_version\" value=\"5.1.7\" \/>\n<input type=\"hidden\" name=\"_wpcf7_locale\" value=\"ru_RU\" \/>\n<input type=\"hidden\" name=\"_wpcf7_unit_tag\" value=\"wpcf7-f32636-o1\" \/>\n<input type=\"hidden\" name=\"_wpcf7_container_post\" value=\"0\" \/>\n<\/div>\n<p><label> Ihr Name (erforderlich)<br \/>\n    <span class=\"wpcf7-form-control-wrap your-name\"><input type=\"text\" name=\"your-name\" value=\"\" size=\"40\" class=\"wpcf7-form-control wpcf7-text wpcf7-validates-as-required\" aria-required=\"true\" aria-invalid=\"false\" \/><\/span> <\/label><\/p>\n<p><label> Ihre E-Mail (erforderlich)<br \/>\n    <span class=\"wpcf7-form-control-wrap your-email\"><input type=\"email\" name=\"your-email\" value=\"\" size=\"40\" class=\"wpcf7-form-control wpcf7-text wpcf7-email wpcf7-validates-as-required wpcf7-validates-as-email\" aria-required=\"true\" aria-invalid=\"false\" \/><\/span> <\/label><\/p>\n<p><label> Kontakt-Telefonnummer (erforderlich)<\/p>\n<p><span class=\"wpcf7-form-control-wrap tel-978\"><input type=\"tel\" name=\"tel-978\" value=\"\" size=\"40\" class=\"wpcf7-form-control wpcf7-text wpcf7-tel wpcf7-validates-as-required wpcf7-validates-as-tel\" aria-required=\"true\" aria-invalid=\"false\" \/><\/span><\/label><\/p>\n<p><label> Firmenname (erforderlich)<\/p>\n<p><span class=\"wpcf7-form-control-wrap text-560\"><input type=\"text\" name=\"text-560\" value=\"\" size=\"40\" class=\"wpcf7-form-control wpcf7-text wpcf7-validates-as-required\" aria-required=\"true\" aria-invalid=\"false\" \/><\/span><\/label><\/p>\n<p><label> Firmenanschrift<\/p>\n<p><span class=\"wpcf7-form-control-wrap text-561\"><input type=\"text\" name=\"text-561\" value=\"\" size=\"40\" class=\"wpcf7-form-control wpcf7-text wpcf7-validates-as-required\" aria-required=\"true\" aria-invalid=\"false\" \/><\/span><\/label><\/p>\n<p><label> Nachricht<br \/>\n    <span class=\"wpcf7-form-control-wrap your-message\"><textarea name=\"your-message\" cols=\"40\" rows=\"10\" class=\"wpcf7-form-control wpcf7-textarea\" aria-invalid=\"false\"><\/textarea><\/span> <\/label><\/p>\n<p><input type=\"submit\" value=\"Senden\" class=\"wpcf7-form-control wpcf7-submit\" \/><\/p>\n<div id =\"one\">\n<span class=\"wpcf7-form-control-wrap acceptance\"><span class=\"wpcf7-form-control wpcf7-acceptance\"><span class=\"wpcf7-list-item\"><input type=\"checkbox\" name=\"acceptance\" value=\"1\" aria-invalid=\"false\" checked=\"checked\" \/><\/span><\/span><\/span>Ich stimme der <a href=\"\/ru\/soglashenie-na-obrabotku-personalnyx-dannyx\/\">Richtlinie zur Verarbeitung personenbezogener Daten zu<\/a>\n<\/div>\n<style>\n#one input:last-child {\nfloat:left;\n}\n<\/style>\n<p style=\"display: none !important;\"><label>&#916;<textarea name=\"_wpcf7_ak_hp_textarea\" cols=\"45\" rows=\"8\" maxlength=\"100\"><\/textarea><\/label><input type=\"hidden\" id=\"ak_js_1\" name=\"_wpcf7_ak_js\" value=\"50\"\/><script>document.getElementById( \"ak_js_1\" ).setAttribute( \"value\", ( new Date() ).getTime() );<\/script><\/p><div class=\"wpcf7-response-output wpcf7-display-none\"><\/div><\/form><\/div>\n<p style=\"text-align: center;\">Wir freuen uns dar\u00fcber, mit Ihnen zusammenzuarbeiten.<\/p>\n    <div class=\"img has-hover x md-x lg-x y md-y lg-y\" id=\"image_871827930\">\n                <div class=\"img-inner dark\" >\n        <img loading=\"lazy\" decoding=\"async\" width=\"1020\" height=\"95\" src=\"https:\/\/seacare.com\/wp-content\/uploads\/2020\/10\/\u041b\u043e\u0433\u043e\u0442\u0438\u043f-\u0434\u043b\u044f-\u0421\u0430\u0438\u0306\u0442\u0430-SeaCare-\u043a\u043e\u043f\u0438\u044f-1400x130.png\" class=\"attachment-large size-large\" alt=\"Logo for the SeaCare Website\" srcset=\"https:\/\/seacare.com\/wp-content\/uploads\/2020\/10\/\u041b\u043e\u0433\u043e\u0442\u0438\u043f-\u0434\u043b\u044f-\u0421\u0430\u0438\u0306\u0442\u0430-SeaCare-\u043a\u043e\u043f\u0438\u044f-1400x130.png 1400w, https:\/\/seacare.com\/wp-content\/uploads\/2020\/10\/\u041b\u043e\u0433\u043e\u0442\u0438\u043f-\u0434\u043b\u044f-\u0421\u0430\u0438\u0306\u0442\u0430-SeaCare-\u043a\u043e\u043f\u0438\u044f-800x74.png 800w, https:\/\/seacare.com\/wp-content\/uploads\/2020\/10\/\u041b\u043e\u0433\u043e\u0442\u0438\u043f-\u0434\u043b\u044f-\u0421\u0430\u0438\u0306\u0442\u0430-SeaCare-\u043a\u043e\u043f\u0438\u044f-768x71.png 768w\" sizes=\"(max-width: 1020px) 100vw, 1020px\" \/>                \n            <\/div>\n                   \n<style scope=\"scope\">\n\n<\/style>\n    <\/div>\n    \n    <div class=\"img has-hover x md-x lg-x y md-y lg-y\" id=\"image_2051786622\">\n                <div class=\"img-inner dark\" >\n                        \n            <\/div>\n                   \n<style scope=\"scope\">\n\n<\/style>\n    <\/div>\n    \n","protected":false},"excerpt":{"rendered":"<p>Zum H\u00e4ndler der SeaCare Kosmetikprodukte werden Nennen Sie eine Person, die sich am Unternehmen nicht beteiligen m\u00f6chte. Fast jeder m\u00f6chte eine M\u00f6glichkeit haben, den Monatsgewinn zu haben. Wenn Sie sich gut mit Sch\u00f6nheit und Hautpflege auskennen, k\u00f6nnen Sie zum unabh\u00e4ngigen H\u00e4ndler der SeaCare Produkte werden. Einige der Sch\u00f6nheitsprodukte, die heute auf dem Markt immer beliebter [&hellip;]\n","protected":false},"author":1,"featured_media":0,"parent":0,"menu_order":0,"comment_status":"closed","ping_status":"closed","template":"","meta":{"footnotes":""},"_links":{"self":[{"href":"https:\/\/seacare.com\/de\/wp-json\/wp\/v2\/pages\/32633"}],"collection":[{"href":"https:\/\/seacare.com\/de\/wp-json\/wp\/v2\/pages"}],"about":[{"href":"https:\/\/seacare.com\/de\/wp-json\/wp\/v2\/types\/page"}],"author":[{"embeddable":true,"href":"https:\/\/seacare.com\/de\/wp-json\/wp\/v2\/users\/1"}],"replies":[{"embeddable":true,"href":"https:\/\/seacare.com\/de\/wp-json\/wp\/v2\/comments?post=32633"}],"version-history":[{"count":4,"href":"https:\/\/seacare.com\/de\/wp-json\/wp\/v2\/pages\/32633\/revisions"}],"predecessor-version":[{"id":32639,"href":"https:\/\/seacare.com\/de\/wp-json\/wp\/v2\/pages\/32633\/revisions\/32639"}],"wp:attachment":[{"href":"https:\/\/seacare.com\/de\/wp-json\/wp\/v2\/media?parent=32633"}],"curies":[{"name":"wp","href":"https:\/\/api.w.org\/{rel}","templated":true}]}}