{"id":32662,"date":"2021-04-21T12:16:57","date_gmt":"2021-04-21T09:16:57","guid":{"rendered":"https:\/\/seacare.com\/de\/?page_id=32662"},"modified":"2021-04-26T19:17:56","modified_gmt":"2021-04-26T16:17:56","slug":"renovage","status":"publish","type":"page","link":"https:\/\/seacare.com\/de\/renovage\/","title":{"rendered":"Renovage\u2122"},"content":{"rendered":"<h1 style=\"text-align: center;\"><span data-text-color=\"primary\">Renovage\u2122<\/span><\/h1>\n<p>Renovage \u2122 ist ein franz\u00f6sischer Anti-Aging-Komplex von Sederma, dem Hersteller von Matrixyl und anderen gro\u00dfartigen Inhaltsstoffen f\u00fcr Hautpflege. In klinischen Studien wurde wissenschaftlich nachgewiesen, dass das Auftreten der Alterszeichen durch Renovage auf \u00fcberraschender Weise reduziert werden kann. Durch Renovage wird die tats\u00e4chliche Zellenlebensdauer verl\u00e4ngert!<\/p>\n","protected":false},"excerpt":{"rendered":"<p>Renovage\u2122 Renovage \u2122 ist ein franz\u00f6sischer Anti-Aging-Komplex von Sederma, dem Hersteller von Matrixyl und anderen gro\u00dfartigen Inhaltsstoffen f\u00fcr Hautpflege. In klinischen Studien wurde wissenschaftlich nachgewiesen, dass das Auftreten der Alterszeichen durch Renovage auf \u00fcberraschender Weise reduziert werden kann. Durch Renovage wird die tats\u00e4chliche Zellenlebensdauer verl\u00e4ngert!<\/p>\n","protected":false},"author":1,"featured_media":0,"parent":0,"menu_order":0,"comment_status":"closed","ping_status":"closed","template":"","meta":{"footnotes":""},"_links":{"self":[{"href":"https:\/\/seacare.com\/de\/wp-json\/wp\/v2\/pages\/32662"}],"collection":[{"href":"https:\/\/seacare.com\/de\/wp-json\/wp\/v2\/pages"}],"about":[{"href":"https:\/\/seacare.com\/de\/wp-json\/wp\/v2\/types\/page"}],"author":[{"embeddable":true,"href":"https:\/\/seacare.com\/de\/wp-json\/wp\/v2\/users\/1"}],"replies":[{"embeddable":true,"href":"https:\/\/seacare.com\/de\/wp-json\/wp\/v2\/comments?post=32662"}],"version-history":[{"count":1,"href":"https:\/\/seacare.com\/de\/wp-json\/wp\/v2\/pages\/32662\/revisions"}],"predecessor-version":[{"id":32663,"href":"https:\/\/seacare.com\/de\/wp-json\/wp\/v2\/pages\/32662\/revisions\/32663"}],"wp:attachment":[{"href":"https:\/\/seacare.com\/de\/wp-json\/wp\/v2\/media?parent=32662"}],"curies":[{"name":"wp","href":"https:\/\/api.w.org\/{rel}","templated":true}]}}