{"id":32665,"date":"2021-04-21T12:17:51","date_gmt":"2021-04-21T09:17:51","guid":{"rendered":"https:\/\/seacare.com\/de\/?page_id=32665"},"modified":"2021-04-26T19:17:48","modified_gmt":"2021-04-26T16:17:48","slug":"easyliance","status":"publish","type":"page","link":"https:\/\/seacare.com\/de\/easyliance\/","title":{"rendered":"Easyliance"},"content":{"rendered":"<h1 style=\"text-align: center;\"><span data-text-color=\"primary\">Easyliance<\/span><\/h1>\n<p>Easyliance ist ein innovatives nat\u00fcrliches Straffungsmittel, das sofortige und sichtbare Wirkung auf die Haut aus\u00fcbt, insbesondere in den Augenwinkeln und um den Mund herum. Easyliance ist 100%-ig nat\u00fcrlich und sorgt in wenigen Minuten f\u00fcr einen sichtbaren und sp\u00fcrbaren Gl\u00e4ttungseffekt, wodurch ein kontinuierlicher und elastischer Film entsteht.<\/p>\n","protected":false},"excerpt":{"rendered":"<p>Easyliance Easyliance ist ein innovatives nat\u00fcrliches Straffungsmittel, das sofortige und sichtbare Wirkung auf die Haut aus\u00fcbt, insbesondere in den Augenwinkeln und um den Mund herum. Easyliance ist 100%-ig nat\u00fcrlich und sorgt in wenigen Minuten f\u00fcr einen sichtbaren und sp\u00fcrbaren Gl\u00e4ttungseffekt, wodurch ein kontinuierlicher und elastischer Film entsteht.<\/p>\n","protected":false},"author":1,"featured_media":0,"parent":0,"menu_order":0,"comment_status":"closed","ping_status":"closed","template":"","meta":{"footnotes":""},"_links":{"self":[{"href":"https:\/\/seacare.com\/de\/wp-json\/wp\/v2\/pages\/32665"}],"collection":[{"href":"https:\/\/seacare.com\/de\/wp-json\/wp\/v2\/pages"}],"about":[{"href":"https:\/\/seacare.com\/de\/wp-json\/wp\/v2\/types\/page"}],"author":[{"embeddable":true,"href":"https:\/\/seacare.com\/de\/wp-json\/wp\/v2\/users\/1"}],"replies":[{"embeddable":true,"href":"https:\/\/seacare.com\/de\/wp-json\/wp\/v2\/comments?post=32665"}],"version-history":[{"count":1,"href":"https:\/\/seacare.com\/de\/wp-json\/wp\/v2\/pages\/32665\/revisions"}],"predecessor-version":[{"id":32666,"href":"https:\/\/seacare.com\/de\/wp-json\/wp\/v2\/pages\/32665\/revisions\/32666"}],"wp:attachment":[{"href":"https:\/\/seacare.com\/de\/wp-json\/wp\/v2\/media?parent=32665"}],"curies":[{"name":"wp","href":"https:\/\/api.w.org\/{rel}","templated":true}]}}