{"id":32667,"date":"2021-04-21T12:18:55","date_gmt":"2021-04-21T09:18:55","guid":{"rendered":"https:\/\/seacare.com\/de\/?page_id=32667"},"modified":"2021-04-26T19:17:50","modified_gmt":"2021-04-26T16:17:50","slug":"hyaluronsaeure","status":"publish","type":"page","link":"https:\/\/seacare.com\/de\/hyaluronsaeure\/","title":{"rendered":"Hyalurons\u00e4ure"},"content":{"rendered":"<h1 style=\"text-align: center;\"><span data-text-color=\"primary\">Hyalurons\u00e4ure<\/span><\/h1>\n<p>Die Hyalurons\u00e4ure ist ein wichtiger Bestandteil in vielen Anti-Aging- und Hautpflegeprodukten. Sie spendet der Haut Feuchtigkeit, reduziert das Auftreten der Falten und sorgt f\u00fcr Elastizit\u00e4t und Spannkraft der Haut, sie wird in Seren, Cremes und Lotionen verwendet. Sie schenkt der Haut ein nat\u00fcrliches Aussehen und stellt den Teint wieder her.<\/p>\n","protected":false},"excerpt":{"rendered":"<p>Hyalurons\u00e4ure Die Hyalurons\u00e4ure ist ein wichtiger Bestandteil in vielen Anti-Aging- und Hautpflegeprodukten. Sie spendet der Haut Feuchtigkeit, reduziert das Auftreten der Falten und sorgt f\u00fcr Elastizit\u00e4t und Spannkraft der Haut, sie wird in Seren, Cremes und Lotionen verwendet. Sie schenkt der Haut ein nat\u00fcrliches Aussehen und stellt den Teint wieder her.<\/p>\n","protected":false},"author":1,"featured_media":0,"parent":0,"menu_order":0,"comment_status":"closed","ping_status":"closed","template":"","meta":{"footnotes":""},"_links":{"self":[{"href":"https:\/\/seacare.com\/de\/wp-json\/wp\/v2\/pages\/32667"}],"collection":[{"href":"https:\/\/seacare.com\/de\/wp-json\/wp\/v2\/pages"}],"about":[{"href":"https:\/\/seacare.com\/de\/wp-json\/wp\/v2\/types\/page"}],"author":[{"embeddable":true,"href":"https:\/\/seacare.com\/de\/wp-json\/wp\/v2\/users\/1"}],"replies":[{"embeddable":true,"href":"https:\/\/seacare.com\/de\/wp-json\/wp\/v2\/comments?post=32667"}],"version-history":[{"count":1,"href":"https:\/\/seacare.com\/de\/wp-json\/wp\/v2\/pages\/32667\/revisions"}],"predecessor-version":[{"id":32668,"href":"https:\/\/seacare.com\/de\/wp-json\/wp\/v2\/pages\/32667\/revisions\/32668"}],"wp:attachment":[{"href":"https:\/\/seacare.com\/de\/wp-json\/wp\/v2\/media?parent=32667"}],"curies":[{"name":"wp","href":"https:\/\/api.w.org\/{rel}","templated":true}]}}