{"id":32669,"date":"2021-04-21T12:19:34","date_gmt":"2021-04-21T09:19:34","guid":{"rendered":"https:\/\/seacare.com\/de\/?page_id=32669"},"modified":"2021-04-26T19:17:48","modified_gmt":"2021-04-26T16:17:48","slug":"coenzym-q10","status":"publish","type":"page","link":"https:\/\/seacare.com\/de\/coenzym-q10\/","title":{"rendered":"Coenzym Q10"},"content":{"rendered":"<h1 style=\"text-align: center;\"><span data-text-color=\"primary\">Coenzym Q10<\/span><\/h1>\n<p>Die Vorteile von Coenzym Q10 sind f\u00fcr den K\u00f6rper unsch\u00e4tzbar. Es ist an biochemischen Prozessen in unserem K\u00f6rper beteiligt und dient als Hauptelement bei der ATP-Produktion. Aufgrund seines starken Energiepotentials dient es als Antioxidans, das den durch die Bildung freier Radikale verursachten Alterungsprozess verlangsamt.<\/p>\n","protected":false},"excerpt":{"rendered":"<p>Coenzym Q10 Die Vorteile von Coenzym Q10 sind f\u00fcr den K\u00f6rper unsch\u00e4tzbar. Es ist an biochemischen Prozessen in unserem K\u00f6rper beteiligt und dient als Hauptelement bei der ATP-Produktion. Aufgrund seines starken Energiepotentials dient es als Antioxidans, das den durch die Bildung freier Radikale verursachten Alterungsprozess verlangsamt.<\/p>\n","protected":false},"author":1,"featured_media":0,"parent":0,"menu_order":0,"comment_status":"closed","ping_status":"closed","template":"","meta":{"footnotes":""},"_links":{"self":[{"href":"https:\/\/seacare.com\/de\/wp-json\/wp\/v2\/pages\/32669"}],"collection":[{"href":"https:\/\/seacare.com\/de\/wp-json\/wp\/v2\/pages"}],"about":[{"href":"https:\/\/seacare.com\/de\/wp-json\/wp\/v2\/types\/page"}],"author":[{"embeddable":true,"href":"https:\/\/seacare.com\/de\/wp-json\/wp\/v2\/users\/1"}],"replies":[{"embeddable":true,"href":"https:\/\/seacare.com\/de\/wp-json\/wp\/v2\/comments?post=32669"}],"version-history":[{"count":1,"href":"https:\/\/seacare.com\/de\/wp-json\/wp\/v2\/pages\/32669\/revisions"}],"predecessor-version":[{"id":32670,"href":"https:\/\/seacare.com\/de\/wp-json\/wp\/v2\/pages\/32669\/revisions\/32670"}],"wp:attachment":[{"href":"https:\/\/seacare.com\/de\/wp-json\/wp\/v2\/media?parent=32669"}],"curies":[{"name":"wp","href":"https:\/\/api.w.org\/{rel}","templated":true}]}}