{"id":32671,"date":"2021-04-21T12:20:09","date_gmt":"2021-04-21T09:20:09","guid":{"rendered":"https:\/\/seacare.com\/de\/?page_id=32671"},"modified":"2021-04-26T19:17:48","modified_gmt":"2021-04-26T16:17:48","slug":"argireline","status":"publish","type":"page","link":"https:\/\/seacare.com\/de\/argireline\/","title":{"rendered":"Argireline\u00ae"},"content":{"rendered":"<h1 style=\"text-align: center;\"><span data-text-color=\"primary\">Argireline\u00ae<\/span><\/h1>\n<p>Argireline\u00ae ist ein synthetisches Peptid mit einem niedrigen Molekulargewicht, eine biologisch sichere Alternative zu Botox. Argireline verlangsamt die \u00fcberm\u00e4\u00dfige Produktion der Katecholaminen (Adrenalin, Noradrenalin), die die Bildung der mimischen Falten hervorrufen. Durch entspannende Gesichtsausdr\u00fccke kann es auch die Wirkung der Hyalurons\u00e4ure verl\u00e4ngern.<\/p>\n","protected":false},"excerpt":{"rendered":"<p>Argireline\u00ae Argireline\u00ae ist ein synthetisches Peptid mit einem niedrigen Molekulargewicht, eine biologisch sichere Alternative zu Botox. Argireline verlangsamt die \u00fcberm\u00e4\u00dfige Produktion der Katecholaminen (Adrenalin, Noradrenalin), die die Bildung der mimischen Falten hervorrufen. Durch entspannende Gesichtsausdr\u00fccke kann es auch die Wirkung der Hyalurons\u00e4ure verl\u00e4ngern.<\/p>\n","protected":false},"author":1,"featured_media":0,"parent":0,"menu_order":0,"comment_status":"closed","ping_status":"closed","template":"","meta":{"footnotes":""},"_links":{"self":[{"href":"https:\/\/seacare.com\/de\/wp-json\/wp\/v2\/pages\/32671"}],"collection":[{"href":"https:\/\/seacare.com\/de\/wp-json\/wp\/v2\/pages"}],"about":[{"href":"https:\/\/seacare.com\/de\/wp-json\/wp\/v2\/types\/page"}],"author":[{"embeddable":true,"href":"https:\/\/seacare.com\/de\/wp-json\/wp\/v2\/users\/1"}],"replies":[{"embeddable":true,"href":"https:\/\/seacare.com\/de\/wp-json\/wp\/v2\/comments?post=32671"}],"version-history":[{"count":1,"href":"https:\/\/seacare.com\/de\/wp-json\/wp\/v2\/pages\/32671\/revisions"}],"predecessor-version":[{"id":32672,"href":"https:\/\/seacare.com\/de\/wp-json\/wp\/v2\/pages\/32671\/revisions\/32672"}],"wp:attachment":[{"href":"https:\/\/seacare.com\/de\/wp-json\/wp\/v2\/media?parent=32671"}],"curies":[{"name":"wp","href":"https:\/\/api.w.org\/{rel}","templated":true}]}}