{"id":32673,"date":"2021-04-21T12:20:51","date_gmt":"2021-04-21T09:20:51","guid":{"rendered":"https:\/\/seacare.com\/de\/?page_id=32673"},"modified":"2021-04-26T19:17:50","modified_gmt":"2021-04-26T16:17:50","slug":"evermat","status":"publish","type":"page","link":"https:\/\/seacare.com\/de\/evermat\/","title":{"rendered":"Evermat\u2122"},"content":{"rendered":"<h1 style=\"text-align: center;\"><span data-text-color=\"primary\">Evermat\u2122<\/span><\/h1>\n<p>Evermat \u2122 ist ein effizienter Wirkstoff zur Pflege der fettigen Haut: er hat gro\u00dfartige mattierende Eigenschaften, verengt und verkleinert die Poren und gl\u00e4ttet die Haut. Diese Komponente basiert auf \u00d6ls\u00e4ure, Pflanzenextrakt und Butylenglykol. Evermat ist ein Inhaltsstoff mit entz\u00fcndungshemmenden Eigenschaften.<\/p>\n","protected":false},"excerpt":{"rendered":"<p>Evermat\u2122 Evermat \u2122 ist ein effizienter Wirkstoff zur Pflege der fettigen Haut: er hat gro\u00dfartige mattierende Eigenschaften, verengt und verkleinert die Poren und gl\u00e4ttet die Haut. Diese Komponente basiert auf \u00d6ls\u00e4ure, Pflanzenextrakt und Butylenglykol. Evermat ist ein Inhaltsstoff mit entz\u00fcndungshemmenden Eigenschaften.<\/p>\n","protected":false},"author":1,"featured_media":0,"parent":0,"menu_order":0,"comment_status":"closed","ping_status":"closed","template":"","meta":{"footnotes":""},"_links":{"self":[{"href":"https:\/\/seacare.com\/de\/wp-json\/wp\/v2\/pages\/32673"}],"collection":[{"href":"https:\/\/seacare.com\/de\/wp-json\/wp\/v2\/pages"}],"about":[{"href":"https:\/\/seacare.com\/de\/wp-json\/wp\/v2\/types\/page"}],"author":[{"embeddable":true,"href":"https:\/\/seacare.com\/de\/wp-json\/wp\/v2\/users\/1"}],"replies":[{"embeddable":true,"href":"https:\/\/seacare.com\/de\/wp-json\/wp\/v2\/comments?post=32673"}],"version-history":[{"count":1,"href":"https:\/\/seacare.com\/de\/wp-json\/wp\/v2\/pages\/32673\/revisions"}],"predecessor-version":[{"id":32674,"href":"https:\/\/seacare.com\/de\/wp-json\/wp\/v2\/pages\/32673\/revisions\/32674"}],"wp:attachment":[{"href":"https:\/\/seacare.com\/de\/wp-json\/wp\/v2\/media?parent=32673"}],"curies":[{"name":"wp","href":"https:\/\/api.w.org\/{rel}","templated":true}]}}