{"id":32677,"date":"2021-04-21T12:35:20","date_gmt":"2021-04-21T09:35:20","guid":{"rendered":"https:\/\/seacare.com\/de\/?page_id=32677"},"modified":"2021-04-26T19:17:59","modified_gmt":"2021-04-26T16:17:59","slug":"vitamin-a","status":"publish","type":"page","link":"https:\/\/seacare.com\/de\/vitamin-a\/","title":{"rendered":"Vitamin A"},"content":{"rendered":"<h1 style=\"text-align: center;\"><span data-text-color=\"primary\">Vitamin A<\/span><\/h1>\n<p>Vitamin A (auch Retinol genannt) hat eine Reihe der Funktionen f\u00fcr das Gesicht und sorgt f\u00fcr allgemeine Hauptgesundheit und Ausstrahlung: Das beschleunigt Hautdurchblutung; beseitigt Entz\u00fcndungsgeschehen; stimuliert Zellerneuerung; gleicht das Gesichtsrelief aus, spendet der Haut Feuchtigkeit, erh\u00f6ht die Elastizit\u00e4t und st\u00e4rkt die Hautstruktur.<\/p>\n","protected":false},"excerpt":{"rendered":"<p>Vitamin A Vitamin A (auch Retinol genannt) hat eine Reihe der Funktionen f\u00fcr das Gesicht und sorgt f\u00fcr allgemeine Hauptgesundheit und Ausstrahlung: Das beschleunigt Hautdurchblutung; beseitigt Entz\u00fcndungsgeschehen; stimuliert Zellerneuerung; gleicht das Gesichtsrelief aus, spendet der Haut Feuchtigkeit, erh\u00f6ht die Elastizit\u00e4t und st\u00e4rkt die Hautstruktur.<\/p>\n","protected":false},"author":1,"featured_media":0,"parent":0,"menu_order":0,"comment_status":"closed","ping_status":"closed","template":"","meta":{"footnotes":""},"_links":{"self":[{"href":"https:\/\/seacare.com\/de\/wp-json\/wp\/v2\/pages\/32677"}],"collection":[{"href":"https:\/\/seacare.com\/de\/wp-json\/wp\/v2\/pages"}],"about":[{"href":"https:\/\/seacare.com\/de\/wp-json\/wp\/v2\/types\/page"}],"author":[{"embeddable":true,"href":"https:\/\/seacare.com\/de\/wp-json\/wp\/v2\/users\/1"}],"replies":[{"embeddable":true,"href":"https:\/\/seacare.com\/de\/wp-json\/wp\/v2\/comments?post=32677"}],"version-history":[{"count":1,"href":"https:\/\/seacare.com\/de\/wp-json\/wp\/v2\/pages\/32677\/revisions"}],"predecessor-version":[{"id":32678,"href":"https:\/\/seacare.com\/de\/wp-json\/wp\/v2\/pages\/32677\/revisions\/32678"}],"wp:attachment":[{"href":"https:\/\/seacare.com\/de\/wp-json\/wp\/v2\/media?parent=32677"}],"curies":[{"name":"wp","href":"https:\/\/api.w.org\/{rel}","templated":true}]}}