{"id":32679,"date":"2021-04-21T12:36:14","date_gmt":"2021-04-21T09:36:14","guid":{"rendered":"https:\/\/seacare.com\/de\/?page_id=32679"},"modified":"2021-04-26T19:17:59","modified_gmt":"2021-04-26T16:17:59","slug":"vitamin-e","status":"publish","type":"page","link":"https:\/\/seacare.com\/de\/vitamin-e\/","title":{"rendered":"Vitamin E"},"content":{"rendered":"<h1 style=\"text-align: center;\"><span data-text-color=\"primary\">Vitamin E<\/span><\/h1>\n<p>Vitamin E beugt Alterzeichen vor, indem es freie Radikale neutralisiert. Vitamin E spendet der Haut Feuchtigkeit, beruhigt sie und bek\u00e4mpft auch Entz\u00fcndungen. Vitamin E bietet SPF (Sonnenschutzfaktor) und beugt UV-Sch\u00e4den vor.<\/p>\n","protected":false},"excerpt":{"rendered":"<p>Vitamin E Vitamin E beugt Alterzeichen vor, indem es freie Radikale neutralisiert. Vitamin E spendet der Haut Feuchtigkeit, beruhigt sie und bek\u00e4mpft auch Entz\u00fcndungen. Vitamin E bietet SPF (Sonnenschutzfaktor) und beugt UV-Sch\u00e4den vor.<\/p>\n","protected":false},"author":1,"featured_media":0,"parent":0,"menu_order":0,"comment_status":"closed","ping_status":"closed","template":"","meta":{"footnotes":""},"_links":{"self":[{"href":"https:\/\/seacare.com\/de\/wp-json\/wp\/v2\/pages\/32679"}],"collection":[{"href":"https:\/\/seacare.com\/de\/wp-json\/wp\/v2\/pages"}],"about":[{"href":"https:\/\/seacare.com\/de\/wp-json\/wp\/v2\/types\/page"}],"author":[{"embeddable":true,"href":"https:\/\/seacare.com\/de\/wp-json\/wp\/v2\/users\/1"}],"replies":[{"embeddable":true,"href":"https:\/\/seacare.com\/de\/wp-json\/wp\/v2\/comments?post=32679"}],"version-history":[{"count":1,"href":"https:\/\/seacare.com\/de\/wp-json\/wp\/v2\/pages\/32679\/revisions"}],"predecessor-version":[{"id":32680,"href":"https:\/\/seacare.com\/de\/wp-json\/wp\/v2\/pages\/32679\/revisions\/32680"}],"wp:attachment":[{"href":"https:\/\/seacare.com\/de\/wp-json\/wp\/v2\/media?parent=32679"}],"curies":[{"name":"wp","href":"https:\/\/api.w.org\/{rel}","templated":true}]}}