{"id":32683,"date":"2021-04-21T12:57:54","date_gmt":"2021-04-21T09:57:54","guid":{"rendered":"https:\/\/seacare.com\/de\/?page_id=32683"},"modified":"2021-04-26T19:17:50","modified_gmt":"2021-04-26T16:17:50","slug":"emulium-mellifera","status":"publish","type":"page","link":"https:\/\/seacare.com\/de\/emulium-mellifera\/","title":{"rendered":"Emulium\u00ae Mellifera"},"content":{"rendered":"<h1 style=\"text-align: center;\"><span data-text-color=\"primary\">Emulium\u00ae Mellifera<\/span><\/h1>\n<p>Emulium Mellifera verwandelt sich in einen weichen, kaum wahrnehmbaren \u201eSchleier\u201c auf der Haut, spendet der Haut gro\u00dfartige Feuchtigkeit und sch\u00fctzt sie vor sch\u00e4dlichen Umwelteinfl\u00fcssen. Im Winter wird die Haut beruhigt und vor Austrocknung gesch\u00fctzt, im Sommer ist die Haut nicht schwer und es entsteht kein \u00f6liger Glanz.<\/p>\n","protected":false},"excerpt":{"rendered":"<p>Emulium\u00ae Mellifera Emulium Mellifera verwandelt sich in einen weichen, kaum wahrnehmbaren \u201eSchleier\u201c auf der Haut, spendet der Haut gro\u00dfartige Feuchtigkeit und sch\u00fctzt sie vor sch\u00e4dlichen Umwelteinfl\u00fcssen. Im Winter wird die Haut beruhigt und vor Austrocknung gesch\u00fctzt, im Sommer ist die Haut nicht schwer und es entsteht kein \u00f6liger Glanz.<\/p>\n","protected":false},"author":1,"featured_media":0,"parent":0,"menu_order":0,"comment_status":"closed","ping_status":"closed","template":"","meta":{"footnotes":""},"_links":{"self":[{"href":"https:\/\/seacare.com\/de\/wp-json\/wp\/v2\/pages\/32683"}],"collection":[{"href":"https:\/\/seacare.com\/de\/wp-json\/wp\/v2\/pages"}],"about":[{"href":"https:\/\/seacare.com\/de\/wp-json\/wp\/v2\/types\/page"}],"author":[{"embeddable":true,"href":"https:\/\/seacare.com\/de\/wp-json\/wp\/v2\/users\/1"}],"replies":[{"embeddable":true,"href":"https:\/\/seacare.com\/de\/wp-json\/wp\/v2\/comments?post=32683"}],"version-history":[{"count":1,"href":"https:\/\/seacare.com\/de\/wp-json\/wp\/v2\/pages\/32683\/revisions"}],"predecessor-version":[{"id":32684,"href":"https:\/\/seacare.com\/de\/wp-json\/wp\/v2\/pages\/32683\/revisions\/32684"}],"wp:attachment":[{"href":"https:\/\/seacare.com\/de\/wp-json\/wp\/v2\/media?parent=32683"}],"curies":[{"name":"wp","href":"https:\/\/api.w.org\/{rel}","templated":true}]}}