{"id":32685,"date":"2021-04-21T12:58:47","date_gmt":"2021-04-21T09:58:47","guid":{"rendered":"https:\/\/seacare.com\/de\/?page_id=32685"},"modified":"2021-04-26T19:17:48","modified_gmt":"2021-04-26T16:17:48","slug":"acnacidol-bg","status":"publish","type":"page","link":"https:\/\/seacare.com\/de\/acnacidol-bg\/","title":{"rendered":"Acnacidol\u2122 BG"},"content":{"rendered":"<h1 style=\"text-align: center;\"><span data-text-color=\"primary\">Acnacidol\u2122 BG<\/span><\/h1>\n<p>Acnacidol \u2122 BG ist ein innovativer Wirkstoff aus Rizinus\u00f6l. Es ist eine Kombination von 10-Hydroxydecans\u00e4ure, Sebacins\u00e4ure und Decandiol, um das physiologische Gleichgewicht der zu Akne (Pickeln) neigenden Haut wiederherzustellen.<\/p>\n","protected":false},"excerpt":{"rendered":"<p>Acnacidol\u2122 BG Acnacidol \u2122 BG ist ein innovativer Wirkstoff aus Rizinus\u00f6l. Es ist eine Kombination von 10-Hydroxydecans\u00e4ure, Sebacins\u00e4ure und Decandiol, um das physiologische Gleichgewicht der zu Akne (Pickeln) neigenden Haut wiederherzustellen.<\/p>\n","protected":false},"author":1,"featured_media":0,"parent":0,"menu_order":0,"comment_status":"closed","ping_status":"closed","template":"","meta":{"footnotes":""},"_links":{"self":[{"href":"https:\/\/seacare.com\/de\/wp-json\/wp\/v2\/pages\/32685"}],"collection":[{"href":"https:\/\/seacare.com\/de\/wp-json\/wp\/v2\/pages"}],"about":[{"href":"https:\/\/seacare.com\/de\/wp-json\/wp\/v2\/types\/page"}],"author":[{"embeddable":true,"href":"https:\/\/seacare.com\/de\/wp-json\/wp\/v2\/users\/1"}],"replies":[{"embeddable":true,"href":"https:\/\/seacare.com\/de\/wp-json\/wp\/v2\/comments?post=32685"}],"version-history":[{"count":1,"href":"https:\/\/seacare.com\/de\/wp-json\/wp\/v2\/pages\/32685\/revisions"}],"predecessor-version":[{"id":32686,"href":"https:\/\/seacare.com\/de\/wp-json\/wp\/v2\/pages\/32685\/revisions\/32686"}],"wp:attachment":[{"href":"https:\/\/seacare.com\/de\/wp-json\/wp\/v2\/media?parent=32685"}],"curies":[{"name":"wp","href":"https:\/\/api.w.org\/{rel}","templated":true}]}}