{"id":32693,"date":"2021-04-21T13:03:02","date_gmt":"2021-04-21T10:03:02","guid":{"rendered":"https:\/\/seacare.com\/de\/?page_id=32693"},"modified":"2021-04-26T19:17:50","modified_gmt":"2021-04-26T16:17:50","slug":"eps-seafill","status":"publish","type":"page","link":"https:\/\/seacare.com\/de\/eps-seafill\/","title":{"rendered":"EPS Seafill"},"content":{"rendered":"<h1 style=\"text-align: center;\"><span data-text-color=\"primary\">EPS Seafill<\/span><\/h1>\n<p>EPS Seafill ist ein einzigartiges, reines und nat\u00fcrliches ExoPolySaccharid (EPS) f\u00fcr sofortige Anti-Falten-Wirkung. Es wird biotechnologisch unter Verwendung mariner planktonischer Mikroorganismen des Iroise-Meeres (Bretagne, Frankreich) gewonnen. EPS Seafill hat eine hohe Affinit\u00e4t zur Haut, f\u00fcllt Falten perfekt aus und gl\u00e4ttet die Hautunebenheiten.<\/p>\n","protected":false},"excerpt":{"rendered":"<p>EPS Seafill EPS Seafill ist ein einzigartiges, reines und nat\u00fcrliches ExoPolySaccharid (EPS) f\u00fcr sofortige Anti-Falten-Wirkung. Es wird biotechnologisch unter Verwendung mariner planktonischer Mikroorganismen des Iroise-Meeres (Bretagne, Frankreich) gewonnen. EPS Seafill hat eine hohe Affinit\u00e4t zur Haut, f\u00fcllt Falten perfekt aus und gl\u00e4ttet die Hautunebenheiten.<\/p>\n","protected":false},"author":1,"featured_media":0,"parent":0,"menu_order":0,"comment_status":"closed","ping_status":"closed","template":"","meta":{"footnotes":""},"_links":{"self":[{"href":"https:\/\/seacare.com\/de\/wp-json\/wp\/v2\/pages\/32693"}],"collection":[{"href":"https:\/\/seacare.com\/de\/wp-json\/wp\/v2\/pages"}],"about":[{"href":"https:\/\/seacare.com\/de\/wp-json\/wp\/v2\/types\/page"}],"author":[{"embeddable":true,"href":"https:\/\/seacare.com\/de\/wp-json\/wp\/v2\/users\/1"}],"replies":[{"embeddable":true,"href":"https:\/\/seacare.com\/de\/wp-json\/wp\/v2\/comments?post=32693"}],"version-history":[{"count":1,"href":"https:\/\/seacare.com\/de\/wp-json\/wp\/v2\/pages\/32693\/revisions"}],"predecessor-version":[{"id":32694,"href":"https:\/\/seacare.com\/de\/wp-json\/wp\/v2\/pages\/32693\/revisions\/32694"}],"wp:attachment":[{"href":"https:\/\/seacare.com\/de\/wp-json\/wp\/v2\/media?parent=32693"}],"curies":[{"name":"wp","href":"https:\/\/api.w.org\/{rel}","templated":true}]}}