{"id":32695,"date":"2021-04-21T13:03:54","date_gmt":"2021-04-21T10:03:54","guid":{"rendered":"https:\/\/seacare.com\/de\/?page_id=32695"},"modified":"2021-04-26T19:17:57","modified_gmt":"2021-04-26T16:17:57","slug":"sesaflash","status":"publish","type":"page","link":"https:\/\/seacare.com\/de\/sesaflash\/","title":{"rendered":"SesaFlash\u00ae"},"content":{"rendered":"<h1 style=\"text-align: center;\"><span data-text-color=\"primary\">SesaFlash\u00ae<\/span><\/h1>\n<p>SesaFlash\u00ae ist ein starker nat\u00fcrlicher Inhaltsstoff auf Sesambasis, der in Hautpflegeprodukten verwendet wird. CezaFlash ist daf\u00fcr bekannt, Falten und Tr\u00e4nens\u00e4cke fast gleich zu verstecken. Es hat einen sichtbaren Effekt innerhalb von 5-10 Minuten und ist somit ein ideales Hautpflegeprodukt, das vor dem Make-Up angewendet werden kann.<\/p>\n","protected":false},"excerpt":{"rendered":"<p>SesaFlash\u00ae SesaFlash\u00ae ist ein starker nat\u00fcrlicher Inhaltsstoff auf Sesambasis, der in Hautpflegeprodukten verwendet wird. CezaFlash ist daf\u00fcr bekannt, Falten und Tr\u00e4nens\u00e4cke fast gleich zu verstecken. Es hat einen sichtbaren Effekt innerhalb von 5-10 Minuten und ist somit ein ideales Hautpflegeprodukt, das vor dem Make-Up angewendet werden kann.<\/p>\n","protected":false},"author":1,"featured_media":0,"parent":0,"menu_order":0,"comment_status":"closed","ping_status":"closed","template":"","meta":{"footnotes":""},"_links":{"self":[{"href":"https:\/\/seacare.com\/de\/wp-json\/wp\/v2\/pages\/32695"}],"collection":[{"href":"https:\/\/seacare.com\/de\/wp-json\/wp\/v2\/pages"}],"about":[{"href":"https:\/\/seacare.com\/de\/wp-json\/wp\/v2\/types\/page"}],"author":[{"embeddable":true,"href":"https:\/\/seacare.com\/de\/wp-json\/wp\/v2\/users\/1"}],"replies":[{"embeddable":true,"href":"https:\/\/seacare.com\/de\/wp-json\/wp\/v2\/comments?post=32695"}],"version-history":[{"count":1,"href":"https:\/\/seacare.com\/de\/wp-json\/wp\/v2\/pages\/32695\/revisions"}],"predecessor-version":[{"id":32696,"href":"https:\/\/seacare.com\/de\/wp-json\/wp\/v2\/pages\/32695\/revisions\/32696"}],"wp:attachment":[{"href":"https:\/\/seacare.com\/de\/wp-json\/wp\/v2\/media?parent=32695"}],"curies":[{"name":"wp","href":"https:\/\/api.w.org\/{rel}","templated":true}]}}