{"id":32697,"date":"2021-04-21T13:05:51","date_gmt":"2021-04-21T10:05:51","guid":{"rendered":"https:\/\/seacare.com\/de\/?page_id=32697"},"modified":"2021-04-26T19:17:55","modified_gmt":"2021-04-26T16:17:55","slug":"primalhyal-gold","status":"publish","type":"page","link":"https:\/\/seacare.com\/de\/primalhyal-gold\/","title":{"rendered":"PrimalHyal\u2122 Gold"},"content":{"rendered":"<h1 style=\"text-align: center;\"><span data-text-color=\"primary\">PrimalHyal\u2122 Gold<\/span><\/h1>\n<p>PrimalHyal \u2122 Gold ist eine neue technologische L\u00f6sung des Schweizer Chemieunternehmens Givaudan, die auf Basis nachhaltiger Produktionsprozesse (Bio-Fermentation) entwickelt wurde und die Einf\u00fchrung von hydratisiertem Hyaluronat in kosmetische Formulierungen auf \u00d6lbasis erm\u00f6glicht. PrimalHyal Gold unterst\u00fctzt die Kollagensynthese und h\u00e4lt die Hautfeuchtigkeit aufrecht.<\/p>\n","protected":false},"excerpt":{"rendered":"<p>PrimalHyal\u2122 Gold PrimalHyal \u2122 Gold ist eine neue technologische L\u00f6sung des Schweizer Chemieunternehmens Givaudan, die auf Basis nachhaltiger Produktionsprozesse (Bio-Fermentation) entwickelt wurde und die Einf\u00fchrung von hydratisiertem Hyaluronat in kosmetische Formulierungen auf \u00d6lbasis erm\u00f6glicht. PrimalHyal Gold unterst\u00fctzt die Kollagensynthese und h\u00e4lt die Hautfeuchtigkeit aufrecht.<\/p>\n","protected":false},"author":1,"featured_media":0,"parent":0,"menu_order":0,"comment_status":"closed","ping_status":"closed","template":"","meta":{"footnotes":""},"_links":{"self":[{"href":"https:\/\/seacare.com\/de\/wp-json\/wp\/v2\/pages\/32697"}],"collection":[{"href":"https:\/\/seacare.com\/de\/wp-json\/wp\/v2\/pages"}],"about":[{"href":"https:\/\/seacare.com\/de\/wp-json\/wp\/v2\/types\/page"}],"author":[{"embeddable":true,"href":"https:\/\/seacare.com\/de\/wp-json\/wp\/v2\/users\/1"}],"replies":[{"embeddable":true,"href":"https:\/\/seacare.com\/de\/wp-json\/wp\/v2\/comments?post=32697"}],"version-history":[{"count":1,"href":"https:\/\/seacare.com\/de\/wp-json\/wp\/v2\/pages\/32697\/revisions"}],"predecessor-version":[{"id":32699,"href":"https:\/\/seacare.com\/de\/wp-json\/wp\/v2\/pages\/32697\/revisions\/32699"}],"wp:attachment":[{"href":"https:\/\/seacare.com\/de\/wp-json\/wp\/v2\/media?parent=32697"}],"curies":[{"name":"wp","href":"https:\/\/api.w.org\/{rel}","templated":true}]}}