{"id":32702,"date":"2021-04-21T13:07:35","date_gmt":"2021-04-21T10:07:35","guid":{"rendered":"https:\/\/seacare.com\/de\/?page_id=32702"},"modified":"2021-04-26T19:17:47","modified_gmt":"2021-04-26T16:17:47","slug":"abil-soft-af-300","status":"publish","type":"page","link":"https:\/\/seacare.com\/de\/abil-soft-af-300\/","title":{"rendered":"ABIL\u00ae Soft AF 300"},"content":{"rendered":"<h1 style=\"text-align: center;\"><span data-text-color=\"primary\">ABIL\u00ae Soft AF 300<\/span><\/h1>\n<p>ABIL\u00ae Soft AF 300 ist ein Hochleistungs-Aminopropyl-Dimethicone. Es ist ein neues hochmolekulares Aminosilikonpr\u00e4parat f\u00fcr Haarsp\u00fclungen. ABIL\u00ae Soft AF 300 bietet deutlich verbesserte Konditionierungs- und Erweichungseigenschaften der Haarpflegeprodukte.<\/p>\n","protected":false},"excerpt":{"rendered":"<p>ABIL\u00ae Soft AF 300 ABIL\u00ae Soft AF 300 ist ein Hochleistungs-Aminopropyl-Dimethicone. Es ist ein neues hochmolekulares Aminosilikonpr\u00e4parat f\u00fcr Haarsp\u00fclungen. ABIL\u00ae Soft AF 300 bietet deutlich verbesserte Konditionierungs- und Erweichungseigenschaften der Haarpflegeprodukte.<\/p>\n","protected":false},"author":1,"featured_media":0,"parent":0,"menu_order":0,"comment_status":"closed","ping_status":"closed","template":"","meta":{"footnotes":""},"_links":{"self":[{"href":"https:\/\/seacare.com\/de\/wp-json\/wp\/v2\/pages\/32702"}],"collection":[{"href":"https:\/\/seacare.com\/de\/wp-json\/wp\/v2\/pages"}],"about":[{"href":"https:\/\/seacare.com\/de\/wp-json\/wp\/v2\/types\/page"}],"author":[{"embeddable":true,"href":"https:\/\/seacare.com\/de\/wp-json\/wp\/v2\/users\/1"}],"replies":[{"embeddable":true,"href":"https:\/\/seacare.com\/de\/wp-json\/wp\/v2\/comments?post=32702"}],"version-history":[{"count":1,"href":"https:\/\/seacare.com\/de\/wp-json\/wp\/v2\/pages\/32702\/revisions"}],"predecessor-version":[{"id":32703,"href":"https:\/\/seacare.com\/de\/wp-json\/wp\/v2\/pages\/32702\/revisions\/32703"}],"wp:attachment":[{"href":"https:\/\/seacare.com\/de\/wp-json\/wp\/v2\/media?parent=32702"}],"curies":[{"name":"wp","href":"https:\/\/api.w.org\/{rel}","templated":true}]}}