{"id":32705,"date":"2021-04-21T13:08:50","date_gmt":"2021-04-21T10:08:50","guid":{"rendered":"https:\/\/seacare.com\/de\/?page_id=32705"},"modified":"2021-04-26T19:17:47","modified_gmt":"2021-04-26T16:17:47","slug":"abil-soft-af-200","status":"publish","type":"page","link":"https:\/\/seacare.com\/de\/abil-soft-af-200\/","title":{"rendered":"ABIL\u00ae Soft AF 200"},"content":{"rendered":"<h1 style=\"text-align: center;\"><span data-text-color=\"primary\">ABIL\u00ae Soft AF 200<\/span><\/h1>\n<p>ABIL\u00ae Soft AF 200 ist ein neuer Inhaltsstoff f\u00fcr kosteng\u00fcnstige und effiziente Haarkonditionierung, der f\u00fcr bessere Konditionierung optimiert ist. Aminosilikon bietet gro\u00dfartige Haarkonditionierung und macht das Haar weich, glatt, behaglich, handlich und k\u00e4mmbar.<\/p>\n","protected":false},"excerpt":{"rendered":"<p>ABIL\u00ae Soft AF 200 ABIL\u00ae Soft AF 200 ist ein neuer Inhaltsstoff f\u00fcr kosteng\u00fcnstige und effiziente Haarkonditionierung, der f\u00fcr bessere Konditionierung optimiert ist. Aminosilikon bietet gro\u00dfartige Haarkonditionierung und macht das Haar weich, glatt, behaglich, handlich und k\u00e4mmbar.<\/p>\n","protected":false},"author":1,"featured_media":0,"parent":0,"menu_order":0,"comment_status":"closed","ping_status":"closed","template":"","meta":{"footnotes":""},"_links":{"self":[{"href":"https:\/\/seacare.com\/de\/wp-json\/wp\/v2\/pages\/32705"}],"collection":[{"href":"https:\/\/seacare.com\/de\/wp-json\/wp\/v2\/pages"}],"about":[{"href":"https:\/\/seacare.com\/de\/wp-json\/wp\/v2\/types\/page"}],"author":[{"embeddable":true,"href":"https:\/\/seacare.com\/de\/wp-json\/wp\/v2\/users\/1"}],"replies":[{"embeddable":true,"href":"https:\/\/seacare.com\/de\/wp-json\/wp\/v2\/comments?post=32705"}],"version-history":[{"count":1,"href":"https:\/\/seacare.com\/de\/wp-json\/wp\/v2\/pages\/32705\/revisions"}],"predecessor-version":[{"id":32706,"href":"https:\/\/seacare.com\/de\/wp-json\/wp\/v2\/pages\/32705\/revisions\/32706"}],"wp:attachment":[{"href":"https:\/\/seacare.com\/de\/wp-json\/wp\/v2\/media?parent=32705"}],"curies":[{"name":"wp","href":"https:\/\/api.w.org\/{rel}","templated":true}]}}