{"id":32707,"date":"2021-04-21T13:09:45","date_gmt":"2021-04-21T10:09:45","guid":{"rendered":"https:\/\/seacare.com\/de\/?page_id=32707"},"modified":"2021-04-26T19:17:48","modified_gmt":"2021-04-26T16:17:48","slug":"aquaxyl","status":"publish","type":"page","link":"https:\/\/seacare.com\/de\/aquaxyl\/","title":{"rendered":"Aquaxyl\u2122"},"content":{"rendered":"<h1 style=\"text-align: center;\"><span data-text-color=\"primary\">Aquaxyl\u2122<\/span><\/h1>\n<p>Aquaxyl \u2122 bietet 3D-Befeuchtung zur Zirkulation der Feuchtigkeit in allen Hautschichten und Erh\u00f6hung des Hyalurons\u00e4urespiegels. Die Hautbarriere wird innerhalb von 24 Stunden gest\u00e4rkt, wodurch der Feuchtigkeitsverlust begrenzt wird. Das Ergebnis ist eine weichere und gl\u00e4ttere Haut nach 28 Tagen mit normalen Schuppen und Gl\u00e4tten kleiner Falten.<\/p>\n","protected":false},"excerpt":{"rendered":"<p>Aquaxyl\u2122 Aquaxyl \u2122 bietet 3D-Befeuchtung zur Zirkulation der Feuchtigkeit in allen Hautschichten und Erh\u00f6hung des Hyalurons\u00e4urespiegels. Die Hautbarriere wird innerhalb von 24 Stunden gest\u00e4rkt, wodurch der Feuchtigkeitsverlust begrenzt wird. Das Ergebnis ist eine weichere und gl\u00e4ttere Haut nach 28 Tagen mit normalen Schuppen und Gl\u00e4tten kleiner Falten.<\/p>\n","protected":false},"author":1,"featured_media":0,"parent":0,"menu_order":0,"comment_status":"closed","ping_status":"closed","template":"","meta":{"footnotes":""},"_links":{"self":[{"href":"https:\/\/seacare.com\/de\/wp-json\/wp\/v2\/pages\/32707"}],"collection":[{"href":"https:\/\/seacare.com\/de\/wp-json\/wp\/v2\/pages"}],"about":[{"href":"https:\/\/seacare.com\/de\/wp-json\/wp\/v2\/types\/page"}],"author":[{"embeddable":true,"href":"https:\/\/seacare.com\/de\/wp-json\/wp\/v2\/users\/1"}],"replies":[{"embeddable":true,"href":"https:\/\/seacare.com\/de\/wp-json\/wp\/v2\/comments?post=32707"}],"version-history":[{"count":1,"href":"https:\/\/seacare.com\/de\/wp-json\/wp\/v2\/pages\/32707\/revisions"}],"predecessor-version":[{"id":32708,"href":"https:\/\/seacare.com\/de\/wp-json\/wp\/v2\/pages\/32707\/revisions\/32708"}],"wp:attachment":[{"href":"https:\/\/seacare.com\/de\/wp-json\/wp\/v2\/media?parent=32707"}],"curies":[{"name":"wp","href":"https:\/\/api.w.org\/{rel}","templated":true}]}}