{"id":32709,"date":"2021-04-21T13:10:39","date_gmt":"2021-04-21T10:10:39","guid":{"rendered":"https:\/\/seacare.com\/de\/?page_id=32709"},"modified":"2021-04-26T19:17:48","modified_gmt":"2021-04-26T16:17:48","slug":"duraquench-iq","status":"publish","type":"page","link":"https:\/\/seacare.com\/de\/duraquench-iq\/","title":{"rendered":"DuraQuench\u2122 IQ"},"content":{"rendered":"<h1 style=\"text-align: center;\"><span data-text-color=\"primary\">DuraQuench\u2122 IQ<\/span><\/h1>\n<p>DuraQuench \u2122 IQ ist ein effizienter feuchtigkeitsspendender Komplex, der durch den Doppelmechanismus eine intelligente Strukturschicht auf der Hautoberfl\u00e4che bildet und gleichzeitig den Feuchtigkeitsverlust von innen reguliert und so die nat\u00fcrliche Hautbarriere st\u00e4rkt. Er sorgt f\u00fcr anhaltende Hautbefeuchtung und -geschmeidigkeit.<\/p>\n","protected":false},"excerpt":{"rendered":"<p>DuraQuench\u2122 IQ DuraQuench \u2122 IQ ist ein effizienter feuchtigkeitsspendender Komplex, der durch den Doppelmechanismus eine intelligente Strukturschicht auf der Hautoberfl\u00e4che bildet und gleichzeitig den Feuchtigkeitsverlust von innen reguliert und so die nat\u00fcrliche Hautbarriere st\u00e4rkt. Er sorgt f\u00fcr anhaltende Hautbefeuchtung und -geschmeidigkeit.<\/p>\n","protected":false},"author":1,"featured_media":0,"parent":0,"menu_order":0,"comment_status":"closed","ping_status":"closed","template":"","meta":{"footnotes":""},"_links":{"self":[{"href":"https:\/\/seacare.com\/de\/wp-json\/wp\/v2\/pages\/32709"}],"collection":[{"href":"https:\/\/seacare.com\/de\/wp-json\/wp\/v2\/pages"}],"about":[{"href":"https:\/\/seacare.com\/de\/wp-json\/wp\/v2\/types\/page"}],"author":[{"embeddable":true,"href":"https:\/\/seacare.com\/de\/wp-json\/wp\/v2\/users\/1"}],"replies":[{"embeddable":true,"href":"https:\/\/seacare.com\/de\/wp-json\/wp\/v2\/comments?post=32709"}],"version-history":[{"count":1,"href":"https:\/\/seacare.com\/de\/wp-json\/wp\/v2\/pages\/32709\/revisions"}],"predecessor-version":[{"id":32710,"href":"https:\/\/seacare.com\/de\/wp-json\/wp\/v2\/pages\/32709\/revisions\/32710"}],"wp:attachment":[{"href":"https:\/\/seacare.com\/de\/wp-json\/wp\/v2\/media?parent=32709"}],"curies":[{"name":"wp","href":"https:\/\/api.w.org\/{rel}","templated":true}]}}