{"id":32712,"date":"2021-04-21T13:11:25","date_gmt":"2021-04-21T10:11:25","guid":{"rendered":"https:\/\/seacare.com\/de\/?page_id=32712"},"modified":"2021-04-26T19:17:48","modified_gmt":"2021-04-26T16:17:48","slug":"dermosoft-gmcy","status":"publish","type":"page","link":"https:\/\/seacare.com\/de\/dermosoft-gmcy\/","title":{"rendered":"Dermosoft\u00ae GMCY"},"content":{"rendered":"<h1 style=\"text-align: center;\"><span data-text-color=\"primary\">Dermosoft\u00ae GMCY<\/span><\/h1>\n<p>Dermosoft\u00ae GMCY hat feuchtigkeitsspendende und regenerierende Eigenschaften. Das hilft bei der Verbesserung und Aufrechterhaltung der Hautfeuchtigkeit und des -gleichgewichts. Dar\u00fcber hinaus hilft Dermosoft GMCY aufgrund seiner starken Aktivit\u00e4t gegen Propionibacterium-Akne bei der Bek\u00e4mpfung der Hautunreinheiten.<\/p>\n","protected":false},"excerpt":{"rendered":"<p>Dermosoft\u00ae GMCY Dermosoft\u00ae GMCY hat feuchtigkeitsspendende und regenerierende Eigenschaften. Das hilft bei der Verbesserung und Aufrechterhaltung der Hautfeuchtigkeit und des -gleichgewichts. Dar\u00fcber hinaus hilft Dermosoft GMCY aufgrund seiner starken Aktivit\u00e4t gegen Propionibacterium-Akne bei der Bek\u00e4mpfung der Hautunreinheiten.<\/p>\n","protected":false},"author":1,"featured_media":0,"parent":0,"menu_order":0,"comment_status":"closed","ping_status":"closed","template":"","meta":{"footnotes":""},"_links":{"self":[{"href":"https:\/\/seacare.com\/de\/wp-json\/wp\/v2\/pages\/32712"}],"collection":[{"href":"https:\/\/seacare.com\/de\/wp-json\/wp\/v2\/pages"}],"about":[{"href":"https:\/\/seacare.com\/de\/wp-json\/wp\/v2\/types\/page"}],"author":[{"embeddable":true,"href":"https:\/\/seacare.com\/de\/wp-json\/wp\/v2\/users\/1"}],"replies":[{"embeddable":true,"href":"https:\/\/seacare.com\/de\/wp-json\/wp\/v2\/comments?post=32712"}],"version-history":[{"count":1,"href":"https:\/\/seacare.com\/de\/wp-json\/wp\/v2\/pages\/32712\/revisions"}],"predecessor-version":[{"id":32713,"href":"https:\/\/seacare.com\/de\/wp-json\/wp\/v2\/pages\/32712\/revisions\/32713"}],"wp:attachment":[{"href":"https:\/\/seacare.com\/de\/wp-json\/wp\/v2\/media?parent=32712"}],"curies":[{"name":"wp","href":"https:\/\/api.w.org\/{rel}","templated":true}]}}