{"id":32716,"date":"2021-04-21T13:13:12","date_gmt":"2021-04-21T10:13:12","guid":{"rendered":"https:\/\/seacare.com\/de\/?page_id=32716"},"modified":"2021-04-26T19:17:48","modified_gmt":"2021-04-26T16:17:48","slug":"amisoft-cs-22","status":"publish","type":"page","link":"https:\/\/seacare.com\/de\/amisoft-cs-22\/","title":{"rendered":"Amisoft \u00ae CS-22"},"content":{"rendered":"<h1 style=\"text-align: center;\"><span data-text-color=\"primary\">Amisoft \u00ae CS-22<\/span><\/h1>\n<p>Amisoft \u00ae CS-22 ist ein nat\u00fcrlicher Inhaltsstoff aus Aminos\u00e4uren, L-Glutamins\u00e4ure und Kokosfetts\u00e4uren. Amisoft\u00ae CS-22 hat eine gro\u00dfartige Konditionierungswirkung auf die Haut, hinterl\u00e4sst ein Gef\u00fchl der Fl\u00fcssigkeitszufuhr ohne Spannung und hat eine \u00e4hnliche Wirkung auf das Haar, wodurch das Haar seidig, weich und glatt wird.<\/p>\n","protected":false},"excerpt":{"rendered":"<p>Amisoft \u00ae CS-22 Amisoft \u00ae CS-22 ist ein nat\u00fcrlicher Inhaltsstoff aus Aminos\u00e4uren, L-Glutamins\u00e4ure und Kokosfetts\u00e4uren. Amisoft\u00ae CS-22 hat eine gro\u00dfartige Konditionierungswirkung auf die Haut, hinterl\u00e4sst ein Gef\u00fchl der Fl\u00fcssigkeitszufuhr ohne Spannung und hat eine \u00e4hnliche Wirkung auf das Haar, wodurch das Haar seidig, weich und glatt wird.<\/p>\n","protected":false},"author":1,"featured_media":0,"parent":0,"menu_order":0,"comment_status":"closed","ping_status":"closed","template":"","meta":{"footnotes":""},"_links":{"self":[{"href":"https:\/\/seacare.com\/de\/wp-json\/wp\/v2\/pages\/32716"}],"collection":[{"href":"https:\/\/seacare.com\/de\/wp-json\/wp\/v2\/pages"}],"about":[{"href":"https:\/\/seacare.com\/de\/wp-json\/wp\/v2\/types\/page"}],"author":[{"embeddable":true,"href":"https:\/\/seacare.com\/de\/wp-json\/wp\/v2\/users\/1"}],"replies":[{"embeddable":true,"href":"https:\/\/seacare.com\/de\/wp-json\/wp\/v2\/comments?post=32716"}],"version-history":[{"count":1,"href":"https:\/\/seacare.com\/de\/wp-json\/wp\/v2\/pages\/32716\/revisions"}],"predecessor-version":[{"id":32717,"href":"https:\/\/seacare.com\/de\/wp-json\/wp\/v2\/pages\/32716\/revisions\/32717"}],"wp:attachment":[{"href":"https:\/\/seacare.com\/de\/wp-json\/wp\/v2\/media?parent=32716"}],"curies":[{"name":"wp","href":"https:\/\/api.w.org\/{rel}","templated":true}]}}