{"id":32722,"date":"2021-04-21T14:48:02","date_gmt":"2021-04-21T11:48:02","guid":{"rendered":"https:\/\/seacare.com\/de\/?page_id=32722"},"modified":"2021-04-26T19:17:56","modified_gmt":"2021-04-26T16:17:56","slug":"salz-aus-dem-toten-meer","status":"publish","type":"page","link":"https:\/\/seacare.com\/de\/salz-aus-dem-toten-meer\/","title":{"rendered":"Salz aus dem Toten Meer"},"content":{"rendered":"<h1 style=\"text-align: center;\"><span data-text-color=\"primary\">Salz aus dem Toten Meer<\/span><\/h1>\n<p>Das Salz aus dem Toten Meer ist mit erforderlichen Mineralien angereicht, das Salz aus dem Toten Meer kann gerade so sein, was wir f\u00fcr unsere allgemeine Gesundheit und unser Wohlbefinden ben\u00f6tigen. Das Salz aus dem Toten Meer enth\u00e4lt eine Vielzahl von Mineralien, darunter Kalium, Kalzium, Magnesium, Natrium und Schwefelspuren, die eine wichtige Rolle f\u00fcr unsere allgemeine Gesundheit spielen. Das Schwefelgehalt ist aufgrund seiner antibakteriellen Eigenschaften zur Reinigung der Hauptoberfl\u00e4che hervorragend geeignet.<\/p>\n","protected":false},"excerpt":{"rendered":"<p>Salz aus dem Toten Meer Das Salz aus dem Toten Meer ist mit erforderlichen Mineralien angereicht, das Salz aus dem Toten Meer kann gerade so sein, was wir f\u00fcr unsere allgemeine Gesundheit und unser Wohlbefinden ben\u00f6tigen. Das Salz aus dem Toten Meer enth\u00e4lt eine Vielzahl von Mineralien, darunter Kalium, Kalzium, Magnesium, Natrium und Schwefelspuren, die [&hellip;]\n","protected":false},"author":1,"featured_media":0,"parent":0,"menu_order":0,"comment_status":"closed","ping_status":"closed","template":"","meta":{"footnotes":""},"_links":{"self":[{"href":"https:\/\/seacare.com\/de\/wp-json\/wp\/v2\/pages\/32722"}],"collection":[{"href":"https:\/\/seacare.com\/de\/wp-json\/wp\/v2\/pages"}],"about":[{"href":"https:\/\/seacare.com\/de\/wp-json\/wp\/v2\/types\/page"}],"author":[{"embeddable":true,"href":"https:\/\/seacare.com\/de\/wp-json\/wp\/v2\/users\/1"}],"replies":[{"embeddable":true,"href":"https:\/\/seacare.com\/de\/wp-json\/wp\/v2\/comments?post=32722"}],"version-history":[{"count":1,"href":"https:\/\/seacare.com\/de\/wp-json\/wp\/v2\/pages\/32722\/revisions"}],"predecessor-version":[{"id":32723,"href":"https:\/\/seacare.com\/de\/wp-json\/wp\/v2\/pages\/32722\/revisions\/32723"}],"wp:attachment":[{"href":"https:\/\/seacare.com\/de\/wp-json\/wp\/v2\/media?parent=32722"}],"curies":[{"name":"wp","href":"https:\/\/api.w.org\/{rel}","templated":true}]}}