{"id":32724,"date":"2021-04-21T14:50:47","date_gmt":"2021-04-21T11:50:47","guid":{"rendered":"https:\/\/seacare.com\/de\/?page_id=32724"},"modified":"2021-04-26T19:17:56","modified_gmt":"2021-04-26T16:17:56","slug":"schlamm-aus-dem-toten-meer","status":"publish","type":"page","link":"https:\/\/seacare.com\/de\/schlamm-aus-dem-toten-meer\/","title":{"rendered":"Schlamm aus dem Toten Meer"},"content":{"rendered":"<h1 style=\"text-align: center;\"><span data-text-color=\"primary\">Schlamm aus dem Toten Meer<\/span><\/h1>\n<p>Der Schlamm aus dem Toten Meer wird zur Behandlung der Erkrankungen wie Psoriasis, Arthritis, Akne und chronischen R\u00fcckenschmerzen verwendet. Durch viele Studien werden Behauptungen best\u00e4tigt, dass der Schlamm aus dem Toten Meer Schmerzen lindern, Entz\u00fcndungen reduzieren und vieles mehr kann. Der Schlamm aus dem Toten Meer kann als Kompresse verwendet werden.<\/p>\n","protected":false},"excerpt":{"rendered":"<p>Schlamm aus dem Toten Meer Der Schlamm aus dem Toten Meer wird zur Behandlung der Erkrankungen wie Psoriasis, Arthritis, Akne und chronischen R\u00fcckenschmerzen verwendet. Durch viele Studien werden Behauptungen best\u00e4tigt, dass der Schlamm aus dem Toten Meer Schmerzen lindern, Entz\u00fcndungen reduzieren und vieles mehr kann. Der Schlamm aus dem Toten Meer kann als Kompresse verwendet [&hellip;]\n","protected":false},"author":1,"featured_media":0,"parent":0,"menu_order":0,"comment_status":"closed","ping_status":"closed","template":"","meta":{"footnotes":""},"_links":{"self":[{"href":"https:\/\/seacare.com\/de\/wp-json\/wp\/v2\/pages\/32724"}],"collection":[{"href":"https:\/\/seacare.com\/de\/wp-json\/wp\/v2\/pages"}],"about":[{"href":"https:\/\/seacare.com\/de\/wp-json\/wp\/v2\/types\/page"}],"author":[{"embeddable":true,"href":"https:\/\/seacare.com\/de\/wp-json\/wp\/v2\/users\/1"}],"replies":[{"embeddable":true,"href":"https:\/\/seacare.com\/de\/wp-json\/wp\/v2\/comments?post=32724"}],"version-history":[{"count":1,"href":"https:\/\/seacare.com\/de\/wp-json\/wp\/v2\/pages\/32724\/revisions"}],"predecessor-version":[{"id":32725,"href":"https:\/\/seacare.com\/de\/wp-json\/wp\/v2\/pages\/32724\/revisions\/32725"}],"wp:attachment":[{"href":"https:\/\/seacare.com\/de\/wp-json\/wp\/v2\/media?parent=32724"}],"curies":[{"name":"wp","href":"https:\/\/api.w.org\/{rel}","templated":true}]}}