{"id":32726,"date":"2021-04-21T14:52:01","date_gmt":"2021-04-21T11:52:01","guid":{"rendered":"https:\/\/seacare.com\/de\/?page_id=32726"},"modified":"2021-04-26T19:17:50","modified_gmt":"2021-04-26T16:17:50","slug":"gold","status":"publish","type":"page","link":"https:\/\/seacare.com\/de\/gold\/","title":{"rendered":"Gold"},"content":{"rendered":"<h1 style=\"text-align: center;\"><span data-text-color=\"primary\">Gold<\/span><\/h1>\n<p>Die Goldanwendung f\u00fcr Hautpflege ist heutzutage popul\u00e4r geworden. Die Goldanwendung in Hautpflegeprodukten war jedoch sehr bekannt und wurde von den Japanern, R\u00f6mern und \u00c4gyptern von Anfang an anwendet. Das Gold reduziert Falten, feine Linien und Flecken. Es stimuliert Hautzellen, sowie verhindert vorzeitige Hautalterung.<\/p>\n","protected":false},"excerpt":{"rendered":"<p>Gold Die Goldanwendung f\u00fcr Hautpflege ist heutzutage popul\u00e4r geworden. Die Goldanwendung in Hautpflegeprodukten war jedoch sehr bekannt und wurde von den Japanern, R\u00f6mern und \u00c4gyptern von Anfang an anwendet. Das Gold reduziert Falten, feine Linien und Flecken. Es stimuliert Hautzellen, sowie verhindert vorzeitige Hautalterung.<\/p>\n","protected":false},"author":1,"featured_media":0,"parent":0,"menu_order":0,"comment_status":"closed","ping_status":"closed","template":"","meta":{"footnotes":""},"_links":{"self":[{"href":"https:\/\/seacare.com\/de\/wp-json\/wp\/v2\/pages\/32726"}],"collection":[{"href":"https:\/\/seacare.com\/de\/wp-json\/wp\/v2\/pages"}],"about":[{"href":"https:\/\/seacare.com\/de\/wp-json\/wp\/v2\/types\/page"}],"author":[{"embeddable":true,"href":"https:\/\/seacare.com\/de\/wp-json\/wp\/v2\/users\/1"}],"replies":[{"embeddable":true,"href":"https:\/\/seacare.com\/de\/wp-json\/wp\/v2\/comments?post=32726"}],"version-history":[{"count":1,"href":"https:\/\/seacare.com\/de\/wp-json\/wp\/v2\/pages\/32726\/revisions"}],"predecessor-version":[{"id":32727,"href":"https:\/\/seacare.com\/de\/wp-json\/wp\/v2\/pages\/32726\/revisions\/32727"}],"wp:attachment":[{"href":"https:\/\/seacare.com\/de\/wp-json\/wp\/v2\/media?parent=32726"}],"curies":[{"name":"wp","href":"https:\/\/api.w.org\/{rel}","templated":true}]}}