{"id":32728,"date":"2021-04-21T14:53:06","date_gmt":"2021-04-21T11:53:06","guid":{"rendered":"https:\/\/seacare.com\/de\/?page_id=32728"},"modified":"2021-04-26T19:17:48","modified_gmt":"2021-04-26T16:17:48","slug":"arganoel","status":"publish","type":"page","link":"https:\/\/seacare.com\/de\/arganoel\/","title":{"rendered":"Argan\u00f6l"},"content":{"rendered":"<h1 style=\"text-align: center;\"><span data-text-color=\"primary\">Argan\u00f6l<\/span><\/h1>\n<p>Das Argan\u00f6l wird am h\u00e4ufigsten anwendet, um der Haut Feuchtigkeit zu spenden und sie zu erweichen. Das Argan\u00f6l ist mit seinem hohen Gehalt an Vitamin E und Fetts\u00e4uren ein ideales Produkt zur nat\u00fcrlichen Hautregeneration. Es kann schnell einziehen, wobei die Haut nicht gefettet bzw. gereizt wird, und ist somit ein gro\u00dfartiges Naturprodukt, um der Haut Feuchtigkeit zu spenden.<\/p>\n","protected":false},"excerpt":{"rendered":"<p>Argan\u00f6l Das Argan\u00f6l wird am h\u00e4ufigsten anwendet, um der Haut Feuchtigkeit zu spenden und sie zu erweichen. Das Argan\u00f6l ist mit seinem hohen Gehalt an Vitamin E und Fetts\u00e4uren ein ideales Produkt zur nat\u00fcrlichen Hautregeneration. Es kann schnell einziehen, wobei die Haut nicht gefettet bzw. gereizt wird, und ist somit ein gro\u00dfartiges Naturprodukt, um der [&hellip;]\n","protected":false},"author":1,"featured_media":0,"parent":0,"menu_order":0,"comment_status":"closed","ping_status":"closed","template":"","meta":{"footnotes":""},"_links":{"self":[{"href":"https:\/\/seacare.com\/de\/wp-json\/wp\/v2\/pages\/32728"}],"collection":[{"href":"https:\/\/seacare.com\/de\/wp-json\/wp\/v2\/pages"}],"about":[{"href":"https:\/\/seacare.com\/de\/wp-json\/wp\/v2\/types\/page"}],"author":[{"embeddable":true,"href":"https:\/\/seacare.com\/de\/wp-json\/wp\/v2\/users\/1"}],"replies":[{"embeddable":true,"href":"https:\/\/seacare.com\/de\/wp-json\/wp\/v2\/comments?post=32728"}],"version-history":[{"count":1,"href":"https:\/\/seacare.com\/de\/wp-json\/wp\/v2\/pages\/32728\/revisions"}],"predecessor-version":[{"id":32729,"href":"https:\/\/seacare.com\/de\/wp-json\/wp\/v2\/pages\/32728\/revisions\/32729"}],"wp:attachment":[{"href":"https:\/\/seacare.com\/de\/wp-json\/wp\/v2\/media?parent=32728"}],"curies":[{"name":"wp","href":"https:\/\/api.w.org\/{rel}","templated":true}]}}