{"id":32731,"date":"2021-04-21T14:54:35","date_gmt":"2021-04-21T11:54:35","guid":{"rendered":"https:\/\/seacare.com\/de\/?page_id=32731"},"modified":"2021-04-26T19:17:50","modified_gmt":"2021-04-26T16:17:50","slug":"inka-inchi-oel","status":"publish","type":"page","link":"https:\/\/seacare.com\/de\/inka-inchi-oel\/","title":{"rendered":"Inka-Inchi-\u00d6l"},"content":{"rendered":"<h1 style=\"text-align: center;\"><span data-text-color=\"primary\">Inka-Inchi-\u00d6l<\/span><\/h1>\n<p>Das Inka-Inchi-\u00d6l ist eine einzigartige Pflanzenquelle f\u00fcr essentielle Fetts\u00e4uren, einschlie\u00dflich Omega-6-Linolens\u00e4ure und Omega-3-Alpha-Linolens\u00e4ure. Der menschliche K\u00f6rper produziert diese Fetts\u00e4uren nicht selbst, sie sind jedoch f\u00fcr das Wohlbefinden erforderlich. Das Inka-Inchi-\u00d6l ist auch reich an Antioxidantien.<\/p>\n","protected":false},"excerpt":{"rendered":"<p>Inka-Inchi-\u00d6l Das Inka-Inchi-\u00d6l ist eine einzigartige Pflanzenquelle f\u00fcr essentielle Fetts\u00e4uren, einschlie\u00dflich Omega-6-Linolens\u00e4ure und Omega-3-Alpha-Linolens\u00e4ure. Der menschliche K\u00f6rper produziert diese Fetts\u00e4uren nicht selbst, sie sind jedoch f\u00fcr das Wohlbefinden erforderlich. Das Inka-Inchi-\u00d6l ist auch reich an Antioxidantien.<\/p>\n","protected":false},"author":1,"featured_media":0,"parent":0,"menu_order":0,"comment_status":"closed","ping_status":"closed","template":"","meta":{"footnotes":""},"_links":{"self":[{"href":"https:\/\/seacare.com\/de\/wp-json\/wp\/v2\/pages\/32731"}],"collection":[{"href":"https:\/\/seacare.com\/de\/wp-json\/wp\/v2\/pages"}],"about":[{"href":"https:\/\/seacare.com\/de\/wp-json\/wp\/v2\/types\/page"}],"author":[{"embeddable":true,"href":"https:\/\/seacare.com\/de\/wp-json\/wp\/v2\/users\/1"}],"replies":[{"embeddable":true,"href":"https:\/\/seacare.com\/de\/wp-json\/wp\/v2\/comments?post=32731"}],"version-history":[{"count":1,"href":"https:\/\/seacare.com\/de\/wp-json\/wp\/v2\/pages\/32731\/revisions"}],"predecessor-version":[{"id":32732,"href":"https:\/\/seacare.com\/de\/wp-json\/wp\/v2\/pages\/32731\/revisions\/32732"}],"wp:attachment":[{"href":"https:\/\/seacare.com\/de\/wp-json\/wp\/v2\/media?parent=32731"}],"curies":[{"name":"wp","href":"https:\/\/api.w.org\/{rel}","templated":true}]}}