{"id":32733,"date":"2021-04-21T14:55:38","date_gmt":"2021-04-21T11:55:38","guid":{"rendered":"https:\/\/seacare.com\/de\/?page_id=32733"},"modified":"2021-04-26T19:17:48","modified_gmt":"2021-04-26T16:17:48","slug":"aloe-vera","status":"publish","type":"page","link":"https:\/\/seacare.com\/de\/aloe-vera\/","title":{"rendered":"Aloe Vera"},"content":{"rendered":"<h1 style=\"text-align: center;\"><span data-text-color=\"primary\">Aloe Vera<\/span><\/h1>\n<p>Aloe Vera spendet der K\u00f6rperhaut Feuchtigkeit und n\u00e4hrt sie, f\u00f6rdert die Heilung, Wiederherstellung und Verj\u00fcngung der oberen Epithelschicht. Aloe Vera ist auch n\u00fctzlich bei der Bek\u00e4mpfung von Hautalterung, Elastizit\u00e4ts- und Feuchtigkeitsverlust. Es ist ein gutes Prophylaxemittel gegen Schwangerschaftsstreifen und hilft, diese in einem fr\u00fchen Stadium zu bek\u00e4mpfen.<\/p>\n","protected":false},"excerpt":{"rendered":"<p>Aloe Vera Aloe Vera spendet der K\u00f6rperhaut Feuchtigkeit und n\u00e4hrt sie, f\u00f6rdert die Heilung, Wiederherstellung und Verj\u00fcngung der oberen Epithelschicht. Aloe Vera ist auch n\u00fctzlich bei der Bek\u00e4mpfung von Hautalterung, Elastizit\u00e4ts- und Feuchtigkeitsverlust. Es ist ein gutes Prophylaxemittel gegen Schwangerschaftsstreifen und hilft, diese in einem fr\u00fchen Stadium zu bek\u00e4mpfen.<\/p>\n","protected":false},"author":1,"featured_media":0,"parent":0,"menu_order":0,"comment_status":"closed","ping_status":"closed","template":"","meta":{"footnotes":""},"_links":{"self":[{"href":"https:\/\/seacare.com\/de\/wp-json\/wp\/v2\/pages\/32733"}],"collection":[{"href":"https:\/\/seacare.com\/de\/wp-json\/wp\/v2\/pages"}],"about":[{"href":"https:\/\/seacare.com\/de\/wp-json\/wp\/v2\/types\/page"}],"author":[{"embeddable":true,"href":"https:\/\/seacare.com\/de\/wp-json\/wp\/v2\/users\/1"}],"replies":[{"embeddable":true,"href":"https:\/\/seacare.com\/de\/wp-json\/wp\/v2\/comments?post=32733"}],"version-history":[{"count":1,"href":"https:\/\/seacare.com\/de\/wp-json\/wp\/v2\/pages\/32733\/revisions"}],"predecessor-version":[{"id":32734,"href":"https:\/\/seacare.com\/de\/wp-json\/wp\/v2\/pages\/32733\/revisions\/32734"}],"wp:attachment":[{"href":"https:\/\/seacare.com\/de\/wp-json\/wp\/v2\/media?parent=32733"}],"curies":[{"name":"wp","href":"https:\/\/api.w.org\/{rel}","templated":true}]}}