{"id":32739,"date":"2021-04-21T14:59:16","date_gmt":"2021-04-21T11:59:16","guid":{"rendered":"https:\/\/seacare.com\/de\/?page_id=32739"},"modified":"2021-04-26T19:17:50","modified_gmt":"2021-04-26T16:17:50","slug":"jojobaoel","status":"publish","type":"page","link":"https:\/\/seacare.com\/de\/jojobaoel\/","title":{"rendered":"Jojoba\u00f6l"},"content":{"rendered":"<h1 style=\"text-align: center;\"><span data-text-color=\"primary\">Jojoba\u00f6l<\/span><\/h1>\n<p>Das Jojoba\u00f6l strafft die Haut, spendet der Haut Feuchtigkeit und macht sie weniger trocken. Das hilft gegen Falten, der Alterungsprozess verlangsamt sich in der Haut, der Teint gleicht sich aus. Das hilft bei der Bek\u00e4mpfung von Cellulite, indem es die Haut gl\u00e4ttet. Das st\u00e4rkt das Haar, indem die klebrige Schicht entfernt wird und das Haar weich und angenehm in Griff ist.<\/p>\n","protected":false},"excerpt":{"rendered":"<p>Jojoba\u00f6l Das Jojoba\u00f6l strafft die Haut, spendet der Haut Feuchtigkeit und macht sie weniger trocken. Das hilft gegen Falten, der Alterungsprozess verlangsamt sich in der Haut, der Teint gleicht sich aus. Das hilft bei der Bek\u00e4mpfung von Cellulite, indem es die Haut gl\u00e4ttet. Das st\u00e4rkt das Haar, indem die klebrige Schicht entfernt wird und das [&hellip;]\n","protected":false},"author":1,"featured_media":0,"parent":0,"menu_order":0,"comment_status":"closed","ping_status":"closed","template":"","meta":{"footnotes":""},"_links":{"self":[{"href":"https:\/\/seacare.com\/de\/wp-json\/wp\/v2\/pages\/32739"}],"collection":[{"href":"https:\/\/seacare.com\/de\/wp-json\/wp\/v2\/pages"}],"about":[{"href":"https:\/\/seacare.com\/de\/wp-json\/wp\/v2\/types\/page"}],"author":[{"embeddable":true,"href":"https:\/\/seacare.com\/de\/wp-json\/wp\/v2\/users\/1"}],"replies":[{"embeddable":true,"href":"https:\/\/seacare.com\/de\/wp-json\/wp\/v2\/comments?post=32739"}],"version-history":[{"count":1,"href":"https:\/\/seacare.com\/de\/wp-json\/wp\/v2\/pages\/32739\/revisions"}],"predecessor-version":[{"id":32740,"href":"https:\/\/seacare.com\/de\/wp-json\/wp\/v2\/pages\/32739\/revisions\/32740"}],"wp:attachment":[{"href":"https:\/\/seacare.com\/de\/wp-json\/wp\/v2\/media?parent=32739"}],"curies":[{"name":"wp","href":"https:\/\/api.w.org\/{rel}","templated":true}]}}