{"id":32742,"date":"2021-04-21T15:42:02","date_gmt":"2021-04-21T12:42:02","guid":{"rendered":"https:\/\/seacare.com\/de\/?page_id=32742"},"modified":"2021-04-26T19:17:50","modified_gmt":"2021-04-26T16:17:50","slug":"hanfoel","status":"publish","type":"page","link":"https:\/\/seacare.com\/de\/hanfoel\/","title":{"rendered":"Hanf\u00f6l"},"content":{"rendered":"<h1 style=\"text-align: center;\"><span data-text-color=\"primary\">Hanf\u00f6l<\/span><\/h1>\n<p>Das Hanf\u00f6l kann in jedem Alter und mit jedem Hauttyp verwendet werden. Das Hanf\u00f6l f\u00fcr das Gesicht gilt als eine der tiefsten Zellfeuchtigkeitsmittel, stellt die Elastizit\u00e4t wieder her, pflegt, macht weich, gl\u00e4ttet Falten und \u00fcbt antibakterielle Wirkung. Das hilft auch, Wassermolek\u00fcle in der Haut zu halten.<\/p>\n","protected":false},"excerpt":{"rendered":"<p>Hanf\u00f6l Das Hanf\u00f6l kann in jedem Alter und mit jedem Hauttyp verwendet werden. Das Hanf\u00f6l f\u00fcr das Gesicht gilt als eine der tiefsten Zellfeuchtigkeitsmittel, stellt die Elastizit\u00e4t wieder her, pflegt, macht weich, gl\u00e4ttet Falten und \u00fcbt antibakterielle Wirkung. Das hilft auch, Wassermolek\u00fcle in der Haut zu halten.<\/p>\n","protected":false},"author":1,"featured_media":0,"parent":0,"menu_order":0,"comment_status":"closed","ping_status":"closed","template":"","meta":{"footnotes":""},"_links":{"self":[{"href":"https:\/\/seacare.com\/de\/wp-json\/wp\/v2\/pages\/32742"}],"collection":[{"href":"https:\/\/seacare.com\/de\/wp-json\/wp\/v2\/pages"}],"about":[{"href":"https:\/\/seacare.com\/de\/wp-json\/wp\/v2\/types\/page"}],"author":[{"embeddable":true,"href":"https:\/\/seacare.com\/de\/wp-json\/wp\/v2\/users\/1"}],"replies":[{"embeddable":true,"href":"https:\/\/seacare.com\/de\/wp-json\/wp\/v2\/comments?post=32742"}],"version-history":[{"count":1,"href":"https:\/\/seacare.com\/de\/wp-json\/wp\/v2\/pages\/32742\/revisions"}],"predecessor-version":[{"id":32743,"href":"https:\/\/seacare.com\/de\/wp-json\/wp\/v2\/pages\/32742\/revisions\/32743"}],"wp:attachment":[{"href":"https:\/\/seacare.com\/de\/wp-json\/wp\/v2\/media?parent=32742"}],"curies":[{"name":"wp","href":"https:\/\/api.w.org\/{rel}","templated":true}]}}