{"id":32744,"date":"2021-04-21T15:43:26","date_gmt":"2021-04-21T12:43:26","guid":{"rendered":"https:\/\/seacare.com\/de\/?page_id=32744"},"modified":"2021-04-26T19:17:55","modified_gmt":"2021-04-26T16:17:55","slug":"olivenoel","status":"publish","type":"page","link":"https:\/\/seacare.com\/de\/olivenoel\/","title":{"rendered":"Oliven\u00f6l"},"content":{"rendered":"<h1 style=\"text-align: center;\"><span data-text-color=\"primary\">Oliven\u00f6l<\/span><\/h1>\n<p>Das Oliven\u00f6l enth\u00e4lt vier Hauptantioxidantien, wodurch es als Reinigungsmittel, Feuchtigkeitscreme und Hautschutzmittel verwendet werden kann. Zu diesen Antioxidantien geh\u00f6ren Vitamine A und E. Vitamin E ist einer der Gr\u00fcnde f\u00fcr Anti-Aging-Wirkung des \u00d6ls, weil es die Hautelastizit\u00e4t wiederherstellt.<\/p>\n","protected":false},"excerpt":{"rendered":"<p>Oliven\u00f6l Das Oliven\u00f6l enth\u00e4lt vier Hauptantioxidantien, wodurch es als Reinigungsmittel, Feuchtigkeitscreme und Hautschutzmittel verwendet werden kann. Zu diesen Antioxidantien geh\u00f6ren Vitamine A und E. Vitamin E ist einer der Gr\u00fcnde f\u00fcr Anti-Aging-Wirkung des \u00d6ls, weil es die Hautelastizit\u00e4t wiederherstellt.<\/p>\n","protected":false},"author":1,"featured_media":0,"parent":0,"menu_order":0,"comment_status":"closed","ping_status":"closed","template":"","meta":{"footnotes":""},"_links":{"self":[{"href":"https:\/\/seacare.com\/de\/wp-json\/wp\/v2\/pages\/32744"}],"collection":[{"href":"https:\/\/seacare.com\/de\/wp-json\/wp\/v2\/pages"}],"about":[{"href":"https:\/\/seacare.com\/de\/wp-json\/wp\/v2\/types\/page"}],"author":[{"embeddable":true,"href":"https:\/\/seacare.com\/de\/wp-json\/wp\/v2\/users\/1"}],"replies":[{"embeddable":true,"href":"https:\/\/seacare.com\/de\/wp-json\/wp\/v2\/comments?post=32744"}],"version-history":[{"count":1,"href":"https:\/\/seacare.com\/de\/wp-json\/wp\/v2\/pages\/32744\/revisions"}],"predecessor-version":[{"id":32745,"href":"https:\/\/seacare.com\/de\/wp-json\/wp\/v2\/pages\/32744\/revisions\/32745"}],"wp:attachment":[{"href":"https:\/\/seacare.com\/de\/wp-json\/wp\/v2\/media?parent=32744"}],"curies":[{"name":"wp","href":"https:\/\/api.w.org\/{rel}","templated":true}]}}