{"id":32746,"date":"2021-04-21T15:44:37","date_gmt":"2021-04-21T12:44:37","guid":{"rendered":"https:\/\/seacare.com\/de\/?page_id=32746"},"modified":"2021-04-26T19:17:58","modified_gmt":"2021-04-26T16:17:58","slug":"squalanoel","status":"publish","type":"page","link":"https:\/\/seacare.com\/de\/squalanoel\/","title":{"rendered":"Squalan\u00f6l"},"content":{"rendered":"<h1 style=\"text-align: center;\"><span data-text-color=\"primary\">Squalan\u00f6l<\/span><\/h1>\n<p>Das Squalan\u00f6l ist ein gro\u00dfartiges Feuchtigkeitsmittel und macht die Haut weich und zart. Das Squalan\u00f6l sch\u00fctzt die Haut vor freien Radikalen, die Altersflecken und vorzeitiges Altern verursachen k\u00f6nnen. Es ist zur Behandlung und Vorbeugung der trockenen Haut um die Augen ideal geeignet.<\/p>\n","protected":false},"excerpt":{"rendered":"<p>Squalan\u00f6l Das Squalan\u00f6l ist ein gro\u00dfartiges Feuchtigkeitsmittel und macht die Haut weich und zart. Das Squalan\u00f6l sch\u00fctzt die Haut vor freien Radikalen, die Altersflecken und vorzeitiges Altern verursachen k\u00f6nnen. Es ist zur Behandlung und Vorbeugung der trockenen Haut um die Augen ideal geeignet.<\/p>\n","protected":false},"author":1,"featured_media":0,"parent":0,"menu_order":0,"comment_status":"closed","ping_status":"closed","template":"","meta":{"footnotes":""},"_links":{"self":[{"href":"https:\/\/seacare.com\/de\/wp-json\/wp\/v2\/pages\/32746"}],"collection":[{"href":"https:\/\/seacare.com\/de\/wp-json\/wp\/v2\/pages"}],"about":[{"href":"https:\/\/seacare.com\/de\/wp-json\/wp\/v2\/types\/page"}],"author":[{"embeddable":true,"href":"https:\/\/seacare.com\/de\/wp-json\/wp\/v2\/users\/1"}],"replies":[{"embeddable":true,"href":"https:\/\/seacare.com\/de\/wp-json\/wp\/v2\/comments?post=32746"}],"version-history":[{"count":1,"href":"https:\/\/seacare.com\/de\/wp-json\/wp\/v2\/pages\/32746\/revisions"}],"predecessor-version":[{"id":32747,"href":"https:\/\/seacare.com\/de\/wp-json\/wp\/v2\/pages\/32746\/revisions\/32747"}],"wp:attachment":[{"href":"https:\/\/seacare.com\/de\/wp-json\/wp\/v2\/media?parent=32746"}],"curies":[{"name":"wp","href":"https:\/\/api.w.org\/{rel}","templated":true}]}}