{"id":32748,"date":"2021-04-21T15:46:30","date_gmt":"2021-04-21T12:46:30","guid":{"rendered":"https:\/\/seacare.com\/de\/?page_id=32748"},"modified":"2021-04-26T19:17:48","modified_gmt":"2021-04-26T16:17:48","slug":"avocadooel","status":"publish","type":"page","link":"https:\/\/seacare.com\/de\/avocadooel\/","title":{"rendered":"Avocado\u00f6l"},"content":{"rendered":"<h1 style=\"text-align: center;\"><span data-text-color=\"primary\">Avocado\u00f6l<\/span><\/h1>\n<p>Das Avocado\u00f6l ist reich an Proteinen und unges\u00e4ttigten Fetten, die N\u00e4hrstoffe f\u00fcr die Haut sind. Das Avocado\u00f6l enth\u00e4lt Omega-3-Fetts\u00e4uren &#8211; gleich wie Fisch\u00f6l. Der hohe Gehalt an Sterolin macht die Haut weich und reduziert Altersflecken.<\/p>\n","protected":false},"excerpt":{"rendered":"<p>Avocado\u00f6l Das Avocado\u00f6l ist reich an Proteinen und unges\u00e4ttigten Fetten, die N\u00e4hrstoffe f\u00fcr die Haut sind. Das Avocado\u00f6l enth\u00e4lt Omega-3-Fetts\u00e4uren &#8211; gleich wie Fisch\u00f6l. Der hohe Gehalt an Sterolin macht die Haut weich und reduziert Altersflecken.<\/p>\n","protected":false},"author":1,"featured_media":0,"parent":0,"menu_order":0,"comment_status":"closed","ping_status":"closed","template":"","meta":{"footnotes":""},"_links":{"self":[{"href":"https:\/\/seacare.com\/de\/wp-json\/wp\/v2\/pages\/32748"}],"collection":[{"href":"https:\/\/seacare.com\/de\/wp-json\/wp\/v2\/pages"}],"about":[{"href":"https:\/\/seacare.com\/de\/wp-json\/wp\/v2\/types\/page"}],"author":[{"embeddable":true,"href":"https:\/\/seacare.com\/de\/wp-json\/wp\/v2\/users\/1"}],"replies":[{"embeddable":true,"href":"https:\/\/seacare.com\/de\/wp-json\/wp\/v2\/comments?post=32748"}],"version-history":[{"count":1,"href":"https:\/\/seacare.com\/de\/wp-json\/wp\/v2\/pages\/32748\/revisions"}],"predecessor-version":[{"id":32749,"href":"https:\/\/seacare.com\/de\/wp-json\/wp\/v2\/pages\/32748\/revisions\/32749"}],"wp:attachment":[{"href":"https:\/\/seacare.com\/de\/wp-json\/wp\/v2\/media?parent=32748"}],"curies":[{"name":"wp","href":"https:\/\/api.w.org\/{rel}","templated":true}]}}