{"id":32750,"date":"2021-04-21T15:50:40","date_gmt":"2021-04-21T12:50:40","guid":{"rendered":"https:\/\/seacare.com\/de\/?page_id=32750"},"modified":"2021-04-26T19:17:52","modified_gmt":"2021-04-26T16:17:52","slug":"mandeloel","status":"publish","type":"page","link":"https:\/\/seacare.com\/de\/mandeloel\/","title":{"rendered":"Mandel\u00f6l"},"content":{"rendered":"<h1 style=\"text-align: center;\"><span data-text-color=\"primary\">Mandel\u00f6l<\/span><\/h1>\n<p>Durch die Verwendung nat\u00fcrlicher Sch\u00f6nheitsprodukte mit dem S\u00fc\u00dfmandel\u00f6l-Extrakt zur t\u00e4glichen Hautpflege wird Ihr Haar gl\u00e4nzend, kr\u00e4ftig und gesund. N\u00fctzliche Vitamine, Fette und andere wohltuende S\u00fc\u00dfmandel\u00f6lelemente erhalten Ihr Haar und sorgen f\u00fcr nat\u00fcrliche N\u00e4hrung und Pflege aller Haartypen.<\/p>\n","protected":false},"excerpt":{"rendered":"<p>Mandel\u00f6l Durch die Verwendung nat\u00fcrlicher Sch\u00f6nheitsprodukte mit dem S\u00fc\u00dfmandel\u00f6l-Extrakt zur t\u00e4glichen Hautpflege wird Ihr Haar gl\u00e4nzend, kr\u00e4ftig und gesund. N\u00fctzliche Vitamine, Fette und andere wohltuende S\u00fc\u00dfmandel\u00f6lelemente erhalten Ihr Haar und sorgen f\u00fcr nat\u00fcrliche N\u00e4hrung und Pflege aller Haartypen.<\/p>\n","protected":false},"author":1,"featured_media":0,"parent":0,"menu_order":0,"comment_status":"closed","ping_status":"closed","template":"","meta":{"footnotes":""},"_links":{"self":[{"href":"https:\/\/seacare.com\/de\/wp-json\/wp\/v2\/pages\/32750"}],"collection":[{"href":"https:\/\/seacare.com\/de\/wp-json\/wp\/v2\/pages"}],"about":[{"href":"https:\/\/seacare.com\/de\/wp-json\/wp\/v2\/types\/page"}],"author":[{"embeddable":true,"href":"https:\/\/seacare.com\/de\/wp-json\/wp\/v2\/users\/1"}],"replies":[{"embeddable":true,"href":"https:\/\/seacare.com\/de\/wp-json\/wp\/v2\/comments?post=32750"}],"version-history":[{"count":1,"href":"https:\/\/seacare.com\/de\/wp-json\/wp\/v2\/pages\/32750\/revisions"}],"predecessor-version":[{"id":32751,"href":"https:\/\/seacare.com\/de\/wp-json\/wp\/v2\/pages\/32750\/revisions\/32751"}],"wp:attachment":[{"href":"https:\/\/seacare.com\/de\/wp-json\/wp\/v2\/media?parent=32750"}],"curies":[{"name":"wp","href":"https:\/\/api.w.org\/{rel}","templated":true}]}}