{"id":32752,"date":"2021-04-21T15:52:27","date_gmt":"2021-04-21T12:52:27","guid":{"rendered":"https:\/\/seacare.com\/de\/?page_id=32752"},"modified":"2021-04-26T19:17:50","modified_gmt":"2021-04-26T16:17:50","slug":"kakaobutter","status":"publish","type":"page","link":"https:\/\/seacare.com\/de\/kakaobutter\/","title":{"rendered":"Kakaobutter"},"content":{"rendered":"<h1 style=\"text-align: center;\"><span data-text-color=\"primary\">Kakaobutter<\/span><\/h1>\n<p>Die Kakaobutter wird h\u00e4ufig verwendet, um Dehnungsstreifen zu reduzieren. Dieses Geheimnis ist den meisten schwangeren Frauen in der ganzen Welt bekannt. Viele Frauen behaupten, dass die regelm\u00e4\u00dfige Anwendung der Kakaobutter dazu beitr\u00e4gt, Schwangerschaftsstreifen zu beseitigen. Es ist auch bekannt, dass die Kakaobutter Narben entfernt.<\/p>\n","protected":false},"excerpt":{"rendered":"<p>Kakaobutter Die Kakaobutter wird h\u00e4ufig verwendet, um Dehnungsstreifen zu reduzieren. Dieses Geheimnis ist den meisten schwangeren Frauen in der ganzen Welt bekannt. Viele Frauen behaupten, dass die regelm\u00e4\u00dfige Anwendung der Kakaobutter dazu beitr\u00e4gt, Schwangerschaftsstreifen zu beseitigen. Es ist auch bekannt, dass die Kakaobutter Narben entfernt.<\/p>\n","protected":false},"author":1,"featured_media":0,"parent":0,"menu_order":0,"comment_status":"closed","ping_status":"closed","template":"","meta":{"footnotes":""},"_links":{"self":[{"href":"https:\/\/seacare.com\/de\/wp-json\/wp\/v2\/pages\/32752"}],"collection":[{"href":"https:\/\/seacare.com\/de\/wp-json\/wp\/v2\/pages"}],"about":[{"href":"https:\/\/seacare.com\/de\/wp-json\/wp\/v2\/types\/page"}],"author":[{"embeddable":true,"href":"https:\/\/seacare.com\/de\/wp-json\/wp\/v2\/users\/1"}],"replies":[{"embeddable":true,"href":"https:\/\/seacare.com\/de\/wp-json\/wp\/v2\/comments?post=32752"}],"version-history":[{"count":1,"href":"https:\/\/seacare.com\/de\/wp-json\/wp\/v2\/pages\/32752\/revisions"}],"predecessor-version":[{"id":32753,"href":"https:\/\/seacare.com\/de\/wp-json\/wp\/v2\/pages\/32752\/revisions\/32753"}],"wp:attachment":[{"href":"https:\/\/seacare.com\/de\/wp-json\/wp\/v2\/media?parent=32752"}],"curies":[{"name":"wp","href":"https:\/\/api.w.org\/{rel}","templated":true}]}}