{"id":32754,"date":"2021-04-21T15:54:20","date_gmt":"2021-04-21T12:54:20","guid":{"rendered":"https:\/\/seacare.com\/de\/?page_id=32754"},"modified":"2021-04-26T19:17:52","modified_gmt":"2021-04-26T16:17:52","slug":"macadamia-nussoel","status":"publish","type":"page","link":"https:\/\/seacare.com\/de\/macadamia-nussoel\/","title":{"rendered":"Macadamia-Nuss\u00f6l"},"content":{"rendered":"<h1 style=\"text-align: center;\"><span data-text-color=\"primary\">Macadamia-Nuss\u00f6l<\/span><\/h1>\n<p>Das Macadamia-Nuss\u00f6l ist ein sehr ungew\u00f6hnliches Pflanzen\u00f6l mit gro\u00dfartigen haut\u00e4hnlichen Eigenschaften. Aufgrund seines hohen Gehalts an verschiedenen Fetts\u00e4uren ist das Macadamia\u00f6l sehr vorteilhaft f\u00fcr trockene, reife Haut. Die \u00d6l- und Linols\u00e4ure verleihen dem Macadamia\u00f6l fantastische regenerierende und feuchtigkeitsspendende Eigenschaften.<\/p>\n","protected":false},"excerpt":{"rendered":"<p>Macadamia-Nuss\u00f6l Das Macadamia-Nuss\u00f6l ist ein sehr ungew\u00f6hnliches Pflanzen\u00f6l mit gro\u00dfartigen haut\u00e4hnlichen Eigenschaften. Aufgrund seines hohen Gehalts an verschiedenen Fetts\u00e4uren ist das Macadamia\u00f6l sehr vorteilhaft f\u00fcr trockene, reife Haut. Die \u00d6l- und Linols\u00e4ure verleihen dem Macadamia\u00f6l fantastische regenerierende und feuchtigkeitsspendende Eigenschaften.<\/p>\n","protected":false},"author":1,"featured_media":0,"parent":0,"menu_order":0,"comment_status":"closed","ping_status":"closed","template":"","meta":{"footnotes":""},"_links":{"self":[{"href":"https:\/\/seacare.com\/de\/wp-json\/wp\/v2\/pages\/32754"}],"collection":[{"href":"https:\/\/seacare.com\/de\/wp-json\/wp\/v2\/pages"}],"about":[{"href":"https:\/\/seacare.com\/de\/wp-json\/wp\/v2\/types\/page"}],"author":[{"embeddable":true,"href":"https:\/\/seacare.com\/de\/wp-json\/wp\/v2\/users\/1"}],"replies":[{"embeddable":true,"href":"https:\/\/seacare.com\/de\/wp-json\/wp\/v2\/comments?post=32754"}],"version-history":[{"count":1,"href":"https:\/\/seacare.com\/de\/wp-json\/wp\/v2\/pages\/32754\/revisions"}],"predecessor-version":[{"id":32755,"href":"https:\/\/seacare.com\/de\/wp-json\/wp\/v2\/pages\/32754\/revisions\/32755"}],"wp:attachment":[{"href":"https:\/\/seacare.com\/de\/wp-json\/wp\/v2\/media?parent=32754"}],"curies":[{"name":"wp","href":"https:\/\/api.w.org\/{rel}","templated":true}]}}