{"id":32756,"date":"2021-04-21T15:56:39","date_gmt":"2021-04-21T12:56:39","guid":{"rendered":"https:\/\/seacare.com\/de\/?page_id=32756"},"modified":"2021-04-26T19:17:48","modified_gmt":"2021-04-26T16:17:48","slug":"arnika-extrakt","status":"publish","type":"page","link":"https:\/\/seacare.com\/de\/arnika-extrakt\/","title":{"rendered":"Arnika-Extrakt"},"content":{"rendered":"<h1 style=\"text-align: center;\"><span data-text-color=\"primary\">Arnika-Extrakt<\/span><\/h1>\n<p>Sesquiterpenlacton (Gelenalin) ist die wichtigste Regenerationssubstanz der Arnika, die zusammen mit Flavonoiden die Haut nach Belastung beruhigt und erneuert. Antiseptische, antibakterielle und entz\u00fcndungshemmende Eigenschaften des Arnika-Extrakts sind zur Bek\u00e4mpfung der Entz\u00fcndungen n\u00fctzlich.<\/p>\n","protected":false},"excerpt":{"rendered":"<p>Arnika-Extrakt Sesquiterpenlacton (Gelenalin) ist die wichtigste Regenerationssubstanz der Arnika, die zusammen mit Flavonoiden die Haut nach Belastung beruhigt und erneuert. Antiseptische, antibakterielle und entz\u00fcndungshemmende Eigenschaften des Arnika-Extrakts sind zur Bek\u00e4mpfung der Entz\u00fcndungen n\u00fctzlich.<\/p>\n","protected":false},"author":1,"featured_media":0,"parent":0,"menu_order":0,"comment_status":"closed","ping_status":"closed","template":"","meta":{"footnotes":""},"_links":{"self":[{"href":"https:\/\/seacare.com\/de\/wp-json\/wp\/v2\/pages\/32756"}],"collection":[{"href":"https:\/\/seacare.com\/de\/wp-json\/wp\/v2\/pages"}],"about":[{"href":"https:\/\/seacare.com\/de\/wp-json\/wp\/v2\/types\/page"}],"author":[{"embeddable":true,"href":"https:\/\/seacare.com\/de\/wp-json\/wp\/v2\/users\/1"}],"replies":[{"embeddable":true,"href":"https:\/\/seacare.com\/de\/wp-json\/wp\/v2\/comments?post=32756"}],"version-history":[{"count":1,"href":"https:\/\/seacare.com\/de\/wp-json\/wp\/v2\/pages\/32756\/revisions"}],"predecessor-version":[{"id":32757,"href":"https:\/\/seacare.com\/de\/wp-json\/wp\/v2\/pages\/32756\/revisions\/32757"}],"wp:attachment":[{"href":"https:\/\/seacare.com\/de\/wp-json\/wp\/v2\/media?parent=32756"}],"curies":[{"name":"wp","href":"https:\/\/api.w.org\/{rel}","templated":true}]}}