{"id":32760,"date":"2021-04-21T15:59:03","date_gmt":"2021-04-21T12:59:03","guid":{"rendered":"https:\/\/seacare.com\/de\/?page_id=32760"},"modified":"2021-04-26T19:17:50","modified_gmt":"2021-04-26T16:17:50","slug":"fluegeltang-extrakt","status":"publish","type":"page","link":"https:\/\/seacare.com\/de\/fluegeltang-extrakt\/","title":{"rendered":"Fl\u00fcgeltang-Extrakt"},"content":{"rendered":"<h1 style=\"text-align: center;\"><span data-text-color=\"primary\">Fl\u00fcgeltang-Extrakt<\/span><\/h1>\n<p>Der Fl\u00fcgeltang-Extrakt ist ein umweltzertifiziertes Seetang\u00f6l, das viele bekannte Anti-Aging-Vorteile bietet. Der Fl\u00fcgeltang-Extrakt ist reich an Aminos\u00e4uren, Antioxidantien, Vitaminen und Mineralien. Der Fl\u00fcgeltang-Extrakt kann helfen, die Gesundheit und das Hautbild zu verbessern.<\/p>\n","protected":false},"excerpt":{"rendered":"<p>Fl\u00fcgeltang-Extrakt Der Fl\u00fcgeltang-Extrakt ist ein umweltzertifiziertes Seetang\u00f6l, das viele bekannte Anti-Aging-Vorteile bietet. Der Fl\u00fcgeltang-Extrakt ist reich an Aminos\u00e4uren, Antioxidantien, Vitaminen und Mineralien. Der Fl\u00fcgeltang-Extrakt kann helfen, die Gesundheit und das Hautbild zu verbessern.<\/p>\n","protected":false},"author":1,"featured_media":0,"parent":0,"menu_order":0,"comment_status":"closed","ping_status":"closed","template":"","meta":{"footnotes":""},"_links":{"self":[{"href":"https:\/\/seacare.com\/de\/wp-json\/wp\/v2\/pages\/32760"}],"collection":[{"href":"https:\/\/seacare.com\/de\/wp-json\/wp\/v2\/pages"}],"about":[{"href":"https:\/\/seacare.com\/de\/wp-json\/wp\/v2\/types\/page"}],"author":[{"embeddable":true,"href":"https:\/\/seacare.com\/de\/wp-json\/wp\/v2\/users\/1"}],"replies":[{"embeddable":true,"href":"https:\/\/seacare.com\/de\/wp-json\/wp\/v2\/comments?post=32760"}],"version-history":[{"count":1,"href":"https:\/\/seacare.com\/de\/wp-json\/wp\/v2\/pages\/32760\/revisions"}],"predecessor-version":[{"id":32761,"href":"https:\/\/seacare.com\/de\/wp-json\/wp\/v2\/pages\/32760\/revisions\/32761"}],"wp:attachment":[{"href":"https:\/\/seacare.com\/de\/wp-json\/wp\/v2\/media?parent=32760"}],"curies":[{"name":"wp","href":"https:\/\/api.w.org\/{rel}","templated":true}]}}