{"id":32762,"date":"2021-04-21T16:00:04","date_gmt":"2021-04-21T13:00:04","guid":{"rendered":"https:\/\/seacare.com\/de\/?page_id=32762"},"modified":"2021-04-26T19:17:59","modified_gmt":"2021-04-26T16:17:59","slug":"zitronenoel","status":"publish","type":"page","link":"https:\/\/seacare.com\/de\/zitronenoel\/","title":{"rendered":"Zitronen\u00f6l"},"content":{"rendered":"<h1 style=\"text-align: center;\"><span data-text-color=\"primary\">Zitronen\u00f6l<\/span><\/h1>\n<p>Das aufgetragene Zitronen\u00f6l kann das Hautbild deutlich verbessern und j\u00fcnger machen. Aufgrund seiner Bindef\u00e4higkeit und antiseptischen Wirkung kann es schlaffe oder stumpfe Haut regenerieren. Das Zitronen\u00f6l t\u00f6tet verschiedene auf der Haut lebende Krankheitserreger ab und behandelt Hauterkrankungen und Pickel.<\/p>\n","protected":false},"excerpt":{"rendered":"<p>Zitronen\u00f6l Das aufgetragene Zitronen\u00f6l kann das Hautbild deutlich verbessern und j\u00fcnger machen. Aufgrund seiner Bindef\u00e4higkeit und antiseptischen Wirkung kann es schlaffe oder stumpfe Haut regenerieren. Das Zitronen\u00f6l t\u00f6tet verschiedene auf der Haut lebende Krankheitserreger ab und behandelt Hauterkrankungen und Pickel.<\/p>\n","protected":false},"author":1,"featured_media":0,"parent":0,"menu_order":0,"comment_status":"closed","ping_status":"closed","template":"","meta":{"footnotes":""},"_links":{"self":[{"href":"https:\/\/seacare.com\/de\/wp-json\/wp\/v2\/pages\/32762"}],"collection":[{"href":"https:\/\/seacare.com\/de\/wp-json\/wp\/v2\/pages"}],"about":[{"href":"https:\/\/seacare.com\/de\/wp-json\/wp\/v2\/types\/page"}],"author":[{"embeddable":true,"href":"https:\/\/seacare.com\/de\/wp-json\/wp\/v2\/users\/1"}],"replies":[{"embeddable":true,"href":"https:\/\/seacare.com\/de\/wp-json\/wp\/v2\/comments?post=32762"}],"version-history":[{"count":1,"href":"https:\/\/seacare.com\/de\/wp-json\/wp\/v2\/pages\/32762\/revisions"}],"predecessor-version":[{"id":32763,"href":"https:\/\/seacare.com\/de\/wp-json\/wp\/v2\/pages\/32762\/revisions\/32763"}],"wp:attachment":[{"href":"https:\/\/seacare.com\/de\/wp-json\/wp\/v2\/media?parent=32762"}],"curies":[{"name":"wp","href":"https:\/\/api.w.org\/{rel}","templated":true}]}}