{"id":32764,"date":"2021-04-21T16:01:30","date_gmt":"2021-04-21T13:01:30","guid":{"rendered":"https:\/\/seacare.com\/de\/?page_id=32764"},"modified":"2021-04-26T19:17:55","modified_gmt":"2021-04-26T16:17:55","slug":"orangenoel","status":"publish","type":"page","link":"https:\/\/seacare.com\/de\/orangenoel\/","title":{"rendered":"Orangen\u00f6l"},"content":{"rendered":"<h1 style=\"text-align: center;\"><span data-text-color=\"primary\">Orangen\u00f6l<\/span><\/h1>\n<p>Die S\u00fc\u00dforange oder Citrus sinensis ist eine Frucht, woraus dieses wirksame \u00d6l hergestellt wird, das aufgrund seines Aromas, sowie seiner antioxidativen und antiseptischen Eigenschaften h\u00e4ufig in verschiedenen Hautpflegeprodukten verwendet wird. Die Orangen\u00f6l-Vorteile bestehen darin, die Haut vor freien Radikalen zu sch\u00fctzen und Pickel zu heilen.<\/p>\n","protected":false},"excerpt":{"rendered":"<p>Orangen\u00f6l Die S\u00fc\u00dforange oder Citrus sinensis ist eine Frucht, woraus dieses wirksame \u00d6l hergestellt wird, das aufgrund seines Aromas, sowie seiner antioxidativen und antiseptischen Eigenschaften h\u00e4ufig in verschiedenen Hautpflegeprodukten verwendet wird. Die Orangen\u00f6l-Vorteile bestehen darin, die Haut vor freien Radikalen zu sch\u00fctzen und Pickel zu heilen.<\/p>\n","protected":false},"author":1,"featured_media":0,"parent":0,"menu_order":0,"comment_status":"closed","ping_status":"closed","template":"","meta":{"footnotes":""},"_links":{"self":[{"href":"https:\/\/seacare.com\/de\/wp-json\/wp\/v2\/pages\/32764"}],"collection":[{"href":"https:\/\/seacare.com\/de\/wp-json\/wp\/v2\/pages"}],"about":[{"href":"https:\/\/seacare.com\/de\/wp-json\/wp\/v2\/types\/page"}],"author":[{"embeddable":true,"href":"https:\/\/seacare.com\/de\/wp-json\/wp\/v2\/users\/1"}],"replies":[{"embeddable":true,"href":"https:\/\/seacare.com\/de\/wp-json\/wp\/v2\/comments?post=32764"}],"version-history":[{"count":1,"href":"https:\/\/seacare.com\/de\/wp-json\/wp\/v2\/pages\/32764\/revisions"}],"predecessor-version":[{"id":32765,"href":"https:\/\/seacare.com\/de\/wp-json\/wp\/v2\/pages\/32764\/revisions\/32765"}],"wp:attachment":[{"href":"https:\/\/seacare.com\/de\/wp-json\/wp\/v2\/media?parent=32764"}],"curies":[{"name":"wp","href":"https:\/\/api.w.org\/{rel}","templated":true}]}}