{"id":32766,"date":"2021-04-21T16:02:27","date_gmt":"2021-04-21T13:02:27","guid":{"rendered":"https:\/\/seacare.com\/de\/?page_id=32766"},"modified":"2021-04-26T19:17:50","modified_gmt":"2021-04-26T16:17:50","slug":"hagebuttenoel","status":"publish","type":"page","link":"https:\/\/seacare.com\/de\/hagebuttenoel\/","title":{"rendered":"Hagebutten\u00f6l"},"content":{"rendered":"<h1 style=\"text-align: center;\"><span data-text-color=\"primary\">Hagebutten\u00f6l<\/span><\/h1>\n<p>Das Hagebutten\u00f6l ist ein Superprodukt, das viele Vorteile f\u00fcr alle Hauttypen bietet, von der Hautaufhellung bis zur Verbesserung des Feuchtigkeitsgehalts und der Elastizit\u00e4t. Es besteht zu fast 89% aus essentiellen Fetts\u00e4uren, einschlie\u00dflich Omega-3, Omega-6 und Omega-9, die die Kollagen- und Elastin-Regeneration und neue -Produktion stimulieren.<\/p>\n","protected":false},"excerpt":{"rendered":"<p>Hagebutten\u00f6l Das Hagebutten\u00f6l ist ein Superprodukt, das viele Vorteile f\u00fcr alle Hauttypen bietet, von der Hautaufhellung bis zur Verbesserung des Feuchtigkeitsgehalts und der Elastizit\u00e4t. Es besteht zu fast 89% aus essentiellen Fetts\u00e4uren, einschlie\u00dflich Omega-3, Omega-6 und Omega-9, die die Kollagen- und Elastin-Regeneration und neue -Produktion stimulieren.<\/p>\n","protected":false},"author":1,"featured_media":0,"parent":0,"menu_order":0,"comment_status":"closed","ping_status":"closed","template":"","meta":{"footnotes":""},"_links":{"self":[{"href":"https:\/\/seacare.com\/de\/wp-json\/wp\/v2\/pages\/32766"}],"collection":[{"href":"https:\/\/seacare.com\/de\/wp-json\/wp\/v2\/pages"}],"about":[{"href":"https:\/\/seacare.com\/de\/wp-json\/wp\/v2\/types\/page"}],"author":[{"embeddable":true,"href":"https:\/\/seacare.com\/de\/wp-json\/wp\/v2\/users\/1"}],"replies":[{"embeddable":true,"href":"https:\/\/seacare.com\/de\/wp-json\/wp\/v2\/comments?post=32766"}],"version-history":[{"count":1,"href":"https:\/\/seacare.com\/de\/wp-json\/wp\/v2\/pages\/32766\/revisions"}],"predecessor-version":[{"id":32767,"href":"https:\/\/seacare.com\/de\/wp-json\/wp\/v2\/pages\/32766\/revisions\/32767"}],"wp:attachment":[{"href":"https:\/\/seacare.com\/de\/wp-json\/wp\/v2\/media?parent=32766"}],"curies":[{"name":"wp","href":"https:\/\/api.w.org\/{rel}","templated":true}]}}