{"id":32768,"date":"2021-04-21T16:03:31","date_gmt":"2021-04-21T13:03:31","guid":{"rendered":"https:\/\/seacare.com\/de\/?page_id=32768"},"modified":"2021-04-26T19:17:56","modified_gmt":"2021-04-26T16:17:56","slug":"reispulver","status":"publish","type":"page","link":"https:\/\/seacare.com\/de\/reispulver\/","title":{"rendered":"Reispulver"},"content":{"rendered":"<h1 style=\"text-align: center;\"><span data-text-color=\"primary\">Reispulver<\/span><\/h1>\n<p>Das Reispulver enth\u00e4lt viele Vitamine und Mineralien f\u00fcr klare und makellose Haut. Das Reispulver ist k\u00f6rnig von Natur, deswegen kann es die Haut exfolieren, wodurch sie weich und geschmeidig wird. Es kann zur Hautaufhellung verwendet werden, insbesondere wenn Sie unter Verf\u00e4rbungen oder Hyperpigmentierungen leiden.<\/p>\n","protected":false},"excerpt":{"rendered":"<p>Reispulver Das Reispulver enth\u00e4lt viele Vitamine und Mineralien f\u00fcr klare und makellose Haut. Das Reispulver ist k\u00f6rnig von Natur, deswegen kann es die Haut exfolieren, wodurch sie weich und geschmeidig wird. Es kann zur Hautaufhellung verwendet werden, insbesondere wenn Sie unter Verf\u00e4rbungen oder Hyperpigmentierungen leiden.<\/p>\n","protected":false},"author":1,"featured_media":0,"parent":0,"menu_order":0,"comment_status":"closed","ping_status":"closed","template":"","meta":{"footnotes":""},"_links":{"self":[{"href":"https:\/\/seacare.com\/de\/wp-json\/wp\/v2\/pages\/32768"}],"collection":[{"href":"https:\/\/seacare.com\/de\/wp-json\/wp\/v2\/pages"}],"about":[{"href":"https:\/\/seacare.com\/de\/wp-json\/wp\/v2\/types\/page"}],"author":[{"embeddable":true,"href":"https:\/\/seacare.com\/de\/wp-json\/wp\/v2\/users\/1"}],"replies":[{"embeddable":true,"href":"https:\/\/seacare.com\/de\/wp-json\/wp\/v2\/comments?post=32768"}],"version-history":[{"count":1,"href":"https:\/\/seacare.com\/de\/wp-json\/wp\/v2\/pages\/32768\/revisions"}],"predecessor-version":[{"id":32769,"href":"https:\/\/seacare.com\/de\/wp-json\/wp\/v2\/pages\/32768\/revisions\/32769"}],"wp:attachment":[{"href":"https:\/\/seacare.com\/de\/wp-json\/wp\/v2\/media?parent=32768"}],"curies":[{"name":"wp","href":"https:\/\/api.w.org\/{rel}","templated":true}]}}