{"id":32770,"date":"2021-04-21T16:07:28","date_gmt":"2021-04-21T13:07:28","guid":{"rendered":"https:\/\/seacare.com\/de\/?page_id=32770"},"modified":"2021-04-26T19:17:48","modified_gmt":"2021-04-26T16:17:48","slug":"andorn-extrakt","status":"publish","type":"page","link":"https:\/\/seacare.com\/de\/andorn-extrakt\/","title":{"rendered":"Andorn-Extrakt"},"content":{"rendered":"<h1 style=\"text-align: center;\"><span data-text-color=\"primary\">Andorn-Extrakt<\/span><\/h1>\n<p>Der gew\u00f6hnliche Andorn, auch Pferdeminze, ist ein Heilkraut, das zur Familie der Lippenbl\u00fctter (Lippenbl\u00fctengew\u00e4chse) geh\u00f6rt. Der Andorn-Extrakt hilft, den Blutdruck und den Blutzuckerspiegel zu senken, was zu einem lebenswichtigen Hautschutz und einer Verj\u00fcngung f\u00fchrt.<\/p>\n","protected":false},"excerpt":{"rendered":"<p>Andorn-Extrakt Der gew\u00f6hnliche Andorn, auch Pferdeminze, ist ein Heilkraut, das zur Familie der Lippenbl\u00fctter (Lippenbl\u00fctengew\u00e4chse) geh\u00f6rt. Der Andorn-Extrakt hilft, den Blutdruck und den Blutzuckerspiegel zu senken, was zu einem lebenswichtigen Hautschutz und einer Verj\u00fcngung f\u00fchrt.<\/p>\n","protected":false},"author":1,"featured_media":0,"parent":0,"menu_order":0,"comment_status":"closed","ping_status":"closed","template":"","meta":{"footnotes":""},"_links":{"self":[{"href":"https:\/\/seacare.com\/de\/wp-json\/wp\/v2\/pages\/32770"}],"collection":[{"href":"https:\/\/seacare.com\/de\/wp-json\/wp\/v2\/pages"}],"about":[{"href":"https:\/\/seacare.com\/de\/wp-json\/wp\/v2\/types\/page"}],"author":[{"embeddable":true,"href":"https:\/\/seacare.com\/de\/wp-json\/wp\/v2\/users\/1"}],"replies":[{"embeddable":true,"href":"https:\/\/seacare.com\/de\/wp-json\/wp\/v2\/comments?post=32770"}],"version-history":[{"count":1,"href":"https:\/\/seacare.com\/de\/wp-json\/wp\/v2\/pages\/32770\/revisions"}],"predecessor-version":[{"id":32771,"href":"https:\/\/seacare.com\/de\/wp-json\/wp\/v2\/pages\/32770\/revisions\/32771"}],"wp:attachment":[{"href":"https:\/\/seacare.com\/de\/wp-json\/wp\/v2\/media?parent=32770"}],"curies":[{"name":"wp","href":"https:\/\/api.w.org\/{rel}","templated":true}]}}