{"id":33230,"date":"2021-04-23T18:29:31","date_gmt":"2021-04-23T15:29:31","guid":{"rendered":"https:\/\/seacare.com\/de\/?page_id=33230"},"modified":"2021-04-26T19:17:58","modified_gmt":"2021-04-26T16:17:58","slug":"ueber-das-unternehmen","status":"publish","type":"page","link":"https:\/\/seacare.com\/de\/ueber-das-unternehmen\/","title":{"rendered":"\u00dcber das Unternehmen"},"content":{"rendered":"\n  <div class=\"banner has-hover\" id=\"banner-688506690\">\n          <div class=\"banner-inner fill\">\n        <div class=\"banner-bg fill\" >\n            <div class=\"bg fill bg-fill \"><\/div>\n                                    \n                    <\/div><!-- bg-layers -->\n        <div class=\"banner-layers container\">\n            <div class=\"fill banner-link\"><\/div>            \n        <\/div><!-- .banner-layers -->\n      <\/div><!-- .banner-inner -->\n\n              <div class=\"height-fix is-invisible\"><img loading=\"lazy\" decoding=\"async\" width=\"1903\" height=\"600\" src=\"https:\/\/seacare.com\/wp-content\/uploads\/2017\/06\/\u0411\u0435\u0437-\u0438\u043c\u0435\u043d\u0438-6-4.png\" class=\"attachment-orginal size-orginal\" alt=\"\" srcset=\"https:\/\/seacare.com\/wp-content\/uploads\/2017\/06\/\u0411\u0435\u0437-\u0438\u043c\u0435\u043d\u0438-6-4.png 1903w, https:\/\/seacare.com\/wp-content\/uploads\/2017\/06\/\u0411\u0435\u0437-\u0438\u043c\u0435\u043d\u0438-6-4-800x252.png 800w, https:\/\/seacare.com\/wp-content\/uploads\/2017\/06\/\u0411\u0435\u0437-\u0438\u043c\u0435\u043d\u0438-6-4-768x242.png 768w, https:\/\/seacare.com\/wp-content\/uploads\/2017\/06\/\u0411\u0435\u0437-\u0438\u043c\u0435\u043d\u0438-6-4-1400x441.png 1400w\" sizes=\"(max-width: 1903px) 100vw, 1903px\" \/><\/div>\n            \n<style scope=\"scope\">\n\n#banner-688506690 .bg.bg-loaded {\n  background-image: url(https:\/\/seacare.com\/wp-content\/uploads\/2017\/06\/\u0411\u0435\u0437-\u0438\u043c\u0435\u043d\u0438-6-4.png);\n}\n<\/style>\n  <\/div><!-- .banner -->\n\n\n<div class=\"row\"  id=\"row-1592893489\">\n<div class=\"col small-12 large-12\"  ><div class=\"col-inner\"  >\n<p><strong>SeaCare Group<\/strong> ist ein internationales Kosmetikunternehmen mit Hauptsitz in Toronto, Ontario, Kanada. Das Unternehmen produziert, vertreibt und vertreibt fortschrittliche kosmetische und therapeutische Produkte aus Salzen, Schlamm und Mineralien aus dem Toten Meer, aktiven Anti-Aging-Inhaltsstoffen und nat\u00fcrlichen \u00d6len.<\/p>\n<p>Um einige der besten Hautpflegeprodukte zu produzieren, arbeitet SeaCare gemeinsam mit weltweit f\u00fchrenden Forschungslabors wie:<\/p>\n<p class=\"o-kom-text3\"><img decoding=\"async\" class=\"marker\" style=\"font-size: 14.4px;\" src=\"\/wp-content\/uploads\/2013\/08\/punkt.png\" \/> Sederma, Frankreich \u2013 produziert Matrixyl\u00ae und Renovage\u2122, starke Anti-Aging-Wirkstoffe, die alle Anzeichen von funktioneller und struktureller Alterung verz\u00f6gern und bek\u00e4mpfen, einschlie\u00dflich schlaffe Haut, Altersflecken, Trockenheit, vergr\u00f6\u00dferte Poren und Rauheit; <span style=\"font-size: 14.4px;\"><br \/>\n<\/span><img decoding=\"async\" class=\"marker\" src=\"\/wp-content\/uploads\/2013\/08\/punkt.png\" \/> Soliance, Frankreich \u2013 produziert Easyliance \u2122 , einen fortschrittlichen Wirkstoff, der eine Dehnung des Films auf der Hautoberfl\u00e4che f\u00fcr einen sofortigen und dauerhaften Straffungseffekt bildet;<br \/>\n<img decoding=\"async\" class=\"marker\" src=\"\/wp-content\/uploads\/2013\/08\/punkt.png\" \/> Gattefoss\u00e9, Frankreich \u2013 produziert Emulium\u00ae Mellifera, nat\u00fcrlicher Emulgator, der eine hervorragende Befeuchtung und sch\u00fctzt die Haut vor sch\u00e4dlichen Umwelteinfl\u00fcssen;<br \/>\n<img decoding=\"async\" class=\"marker\" src=\"\/wp-content\/uploads\/2013\/08\/punkt.png\" \/> Sophim, Frankreich \u2013 produziert Argan\u00f6l, Bio-Zutat, extrem Reich an n\u00fctzlichen N\u00e4hrstoffen wie Fetts\u00e4uren und Vitamin E spendet Feuchtigkeit und macht die Haut weich, verleiht Ihr einen Jungen Glanz und reduziert die Sichtbarkeit von Falten;<br \/>\n<img decoding=\"async\" class=\"marker\" src=\"\/wp-content\/uploads\/2013\/08\/punkt.png\" \/> Greentech, Frankreich-produziert Lipactive Inca Inchi, ein \u00d6l mit essentiellen Fetts\u00e4uren angereichert, die empfohlen werden, um eine verj\u00fcngende Wirkung zu erzielen, die Haut zu reparieren, zu heilen und zu befeuchten;<br \/>\n<img decoding=\"async\" class=\"marker\" src=\"\/wp-content\/uploads\/2013\/08\/punkt.png\" \/> Mibelle, Schweiz-produziert Coenzyme Q10, das den nat\u00fcrlichen Schutz unterst\u00fctzt, Falten reduziert, die Haut verj\u00fcngt und als Antioxidans wirkt.<\/p>\n<p style=\"text-align: center;\"><img decoding=\"async\" src=\"\/wp-content\/uploads\/2013\/08\/o-kompanii.png\" \/><\/p>\n<\/div><\/div>\n<div class=\"col small-12 large-12\"  ><div class=\"col-inner\"  >\n<p>Die Spezialisten der SeaCare Group garantieren eine gleichbleibend hohe Qualit\u00e4t der Produkte durch zahlreiche Testkontrollen, die t\u00e4glich in den Labors des Unternehmens durchgef\u00fchrt werden. Jedes SeaCare-Produkt basiert auf den besten nat\u00fcrlichen Inhaltsstoffen und enth\u00e4lt keine Parabene, Propylenglykol, Mineral\u00f6le, Silikone, Petrolatum und SLS.<\/p>\n<p>Mit fortschrittlichen Wirkstoffen bietet SeaCare eine gro\u00dfe Auswahl an hochwirksamen Produkten.<\/p>\n<p>Alle Produkte SeaCare, die Mineralien aus dem Toten Meer, haben das Zeichen &#8220;Original-Israelischer Produkte des Toten Meeres von Hoher Qualit\u00e4t&#8221;, das vom Verband der Hersteller von Israel und der Israelischen Verband der Hersteller von Kosmetika.<\/p>\n<p>Alle Bio-Kosmetikprodukte von SeaCare haben das ECOCERT \u00ae COSMOS ORGANIC Logo, werden nach strengen COSMOS-Standards hergestellt und sind von ECOCERT zertifiziert.<\/p>\n<p>SeaCare Group ist bestrebt, erstklassigen Service zu bieten, dem Sie vertrauen k\u00f6nnen. Unsere Kundenbetreuung ist bem\u00fcht, alle Anfragen innerhalb eines Arbeitstages zu beantworten.<\/p>\n<p>Mit SeaCare k\u00f6nnen Sie sicher sein, dass Sie die besten innovativen Produkte sowie pers\u00f6nliche Beratung von unseren professionellen Kosmetikern erhalten.<\/p>\n<\/div><\/div>\n<\/div>\n    <div class=\"img has-hover x md-x lg-x y md-y lg-y\" id=\"image_762776885\">\n                <div class=\"img-inner dark\" >\n        <img loading=\"lazy\" decoding=\"async\" width=\"1020\" height=\"95\" src=\"https:\/\/seacare.com\/wp-content\/uploads\/2020\/10\/\u041b\u043e\u0433\u043e\u0442\u0438\u043f-\u0434\u043b\u044f-\u0421\u0430\u0438\u0306\u0442\u0430-SeaCare-\u043a\u043e\u043f\u0438\u044f-1400x130.png\" class=\"attachment-large size-large\" alt=\"\" srcset=\"https:\/\/seacare.com\/wp-content\/uploads\/2020\/10\/\u041b\u043e\u0433\u043e\u0442\u0438\u043f-\u0434\u043b\u044f-\u0421\u0430\u0438\u0306\u0442\u0430-SeaCare-\u043a\u043e\u043f\u0438\u044f-1400x130.png 1400w, https:\/\/seacare.com\/wp-content\/uploads\/2020\/10\/\u041b\u043e\u0433\u043e\u0442\u0438\u043f-\u0434\u043b\u044f-\u0421\u0430\u0438\u0306\u0442\u0430-SeaCare-\u043a\u043e\u043f\u0438\u044f-800x74.png 800w, https:\/\/seacare.com\/wp-content\/uploads\/2020\/10\/\u041b\u043e\u0433\u043e\u0442\u0438\u043f-\u0434\u043b\u044f-\u0421\u0430\u0438\u0306\u0442\u0430-SeaCare-\u043a\u043e\u043f\u0438\u044f-768x71.png 768w\" sizes=\"(max-width: 1020px) 100vw, 1020px\" \/>                \n            <\/div>\n                   \n<style scope=\"scope\">\n\n<\/style>\n    <\/div>\n    \n","protected":false},"excerpt":{"rendered":"","protected":false},"author":1,"featured_media":32308,"parent":0,"menu_order":0,"comment_status":"closed","ping_status":"closed","template":"","meta":{"footnotes":""},"_links":{"self":[{"href":"https:\/\/seacare.com\/de\/wp-json\/wp\/v2\/pages\/33230"}],"collection":[{"href":"https:\/\/seacare.com\/de\/wp-json\/wp\/v2\/pages"}],"about":[{"href":"https:\/\/seacare.com\/de\/wp-json\/wp\/v2\/types\/page"}],"author":[{"embeddable":true,"href":"https:\/\/seacare.com\/de\/wp-json\/wp\/v2\/users\/1"}],"replies":[{"embeddable":true,"href":"https:\/\/seacare.com\/de\/wp-json\/wp\/v2\/comments?post=33230"}],"version-history":[{"count":1,"href":"https:\/\/seacare.com\/de\/wp-json\/wp\/v2\/pages\/33230\/revisions"}],"predecessor-version":[{"id":33231,"href":"https:\/\/seacare.com\/de\/wp-json\/wp\/v2\/pages\/33230\/revisions\/33231"}],"wp:featuredmedia":[{"embeddable":true,"href":"https:\/\/seacare.com\/de\/wp-json\/wp\/v2\/media\/32308"}],"wp:attachment":[{"href":"https:\/\/seacare.com\/de\/wp-json\/wp\/v2\/media?parent=33230"}],"curies":[{"name":"wp","href":"https:\/\/api.w.org\/{rel}","templated":true}]}}