{"id":33186,"date":"2020-07-16T10:46:13","date_gmt":"2021-04-23T08:07:53","guid":{"rendered":"https:\/\/seacare.com\/ru\/?post_type=product&#038;p=33186"},"modified":"2021-04-26T19:08:19","modified_gmt":"2021-04-26T16:08:19","slug":"handmilch-150-ml-seacare","status":"publish","type":"product","link":"https:\/\/seacare.com\/de\/produkt\/handmilch-150-ml-seacare\/","title":{"rendered":"Handmilch, 150 ml, Sea\u0421are"},"content":{"rendered":"<p>Die SeaCare Handmilch enth\u00e4lt sorgf\u00e4ltig ausgew\u00e4hlte Kombinationen von Wirkstoffen, nat\u00fcrlichen \u00d6len und Mineralien. Die Formel ist mit Mineralien aus dem Toten Meer angereichert und enth\u00e4lt au\u00dferdem Dermosoft OMP, einen multifunktionalen Inhaltsstoff mit starker Antimikrobieller Aktivit\u00e4t, hat feuchtigkeitsspendende und regenerierende Eigenschaften, sowie Pentavitin, einen 100%-ig nat\u00fcrlichen Kr\u00e4uterextrakt, der feuchtigkeitsspendende Eigenschaften hat und einen verbesserten Hautschutz gegen Austrocknung und Empfindlichkeit bietet. Die Milch hat eine leichte Textur und zieht schnell ein. Sie enth\u00e4lt auch Hamamelis, einen nat\u00fcrlichen Inhaltsstoff, der das Bild trockener oder rauer Haut verbessert, Schuppenbildung reduziert und die Hautelastizit\u00e4t wiederherstellt; die Hyalurons\u00e4ure, die die Kollagensynthese unterst\u00fctzt und auch die Hautfeuchtigkeit aufrechterh\u00e4lt; Sheabutter, Mandel- und Squalanbutter sind wirksame nat\u00fcrliche Inhaltsstoffe, die der Haut Feuchtigkeit spenden und sie weich machen. Die SeaCare Handmilch spendet der Haut Feuchtigkeit, entspannt und beruhigt m\u00fcde Haut und macht sie weich, zart und glatt.<\/p>\n<p><strong>Anwendung<\/strong>: Die Handmilch in kreisenden Bewegungen in die H\u00e4nde solange einmassieren, bis sie vollst\u00e4ndig eingezogen ist.<\/p>\n<h3>Schl\u00fcsselinhaltsstoffe<\/h3>\n<hr \/>\n<div class=\"row\"  id=\"row-475942998\">\n<div class=\"col medium-6 small-12 large-6\"  ><div class=\"col-inner\"  >\n<div class=\"row\"  id=\"row-618800685\">\n<div class=\"col medium-3 small-12 large-3\"  ><div class=\"col-inner\"  >\n    <div class=\"img has-hover x md-x lg-x y md-y lg-y\" id=\"image_335703583\">\n                <div class=\"img-inner dark\" >\n        <img loading=\"lazy\" decoding=\"async\" width=\"500\" height=\"500\" src=\"https:\/\/seacare.com\/wp-content\/uploads\/2017\/03\/minerals-1.png\" class=\"attachment-large size-large\" alt=\"\" srcset=\"https:\/\/seacare.com\/wp-content\/uploads\/2017\/03\/minerals-1.png 500w, https:\/\/seacare.com\/wp-content\/uploads\/2017\/03\/minerals-1-280x280.png 280w, https:\/\/seacare.com\/wp-content\/uploads\/2017\/03\/minerals-1-400x400.png 400w, https:\/\/seacare.com\/wp-content\/uploads\/2017\/03\/minerals-1-180x180.png 180w, https:\/\/seacare.com\/wp-content\/uploads\/2017\/03\/minerals-1-300x300.png 300w\" sizes=\"(max-width: 500px) 100vw, 500px\" \/>                \n            <\/div>\n                   \n<style scope=\"scope\">\n\n<\/style>\n    <\/div>\n    \n<\/div><\/div>\n<div class=\"col medium-9 small-12 large-9\"  ><div class=\"col-inner\"  >\n<h4 class=\"text-head\">Mineralien aus dem Toten Meer<\/h4>\n<p>Das Tote Meer enth\u00e4lt \u00fcber 20 Mineralien, die nachweislich das Hautbild verbessern und die Haut gesund und jung halten. Sogar die an der K\u00fcste des Toten Meeren wachsenden <a href=\"\/de\/mineralien-aus-dem-toten-meer\/\">Mehr Details&#8230;<\/a><\/p>\n<\/div><\/div>\n<\/div>\n<\/div><\/div>\n<div class=\"col medium-6 small-12 large-6\"  ><div class=\"col-inner\"  >\n<div class=\"row\"  id=\"row-1741294628\">\n<div class=\"col medium-3 small-12 large-3\"  ><div class=\"col-inner\"  >\n    <div class=\"img has-hover x md-x lg-x y md-y lg-y\" id=\"image_586476510\">\n                <div class=\"img-inner dark\" >\n        <img loading=\"lazy\" decoding=\"async\" width=\"500\" height=\"500\" src=\"https:\/\/seacare.com\/wp-content\/uploads\/2017\/03\/hamamelis.png\" class=\"attachment-large size-large\" alt=\"\" srcset=\"https:\/\/seacare.com\/wp-content\/uploads\/2017\/03\/hamamelis.png 500w, https:\/\/seacare.com\/wp-content\/uploads\/2017\/03\/hamamelis-280x280.png 280w, https:\/\/seacare.com\/wp-content\/uploads\/2017\/03\/hamamelis-400x400.png 400w, https:\/\/seacare.com\/wp-content\/uploads\/2017\/03\/hamamelis-180x180.png 180w, https:\/\/seacare.com\/wp-content\/uploads\/2017\/03\/hamamelis-300x300.png 300w\" sizes=\"(max-width: 500px) 100vw, 500px\" \/>                \n            <\/div>\n                   \n<style scope=\"scope\">\n\n<\/style>\n    <\/div>\n    \n<\/div><\/div>\n<div class=\"col medium-9 small-12 large-9\"  ><div class=\"col-inner\"  >\n<h4>Hamamelis<\/h4>\n<p>Hamamelis sch\u00fctzt die Haut vor Entz\u00fcndungen durch freie Radikale in den Hautzellen. Hamamelis gilt als starkes Heilmittel, das die Hautproteine verdickt, die dann eine sch\u00fctzende Kruste <a style=\"font-size: 14.4px;\" href=\"\/de\/hamamelis\/\">\u00a0Mehr Details&#8230;<\/a><\/p>\n<\/div><\/div>\n<\/div>\n<\/div><\/div>\n<div class=\"col medium-6 small-12 large-6\"  ><div class=\"col-inner\"  >\n<div class=\"row\"  id=\"row-1957225454\">\n<div class=\"col medium-3 small-12 large-3\"  ><div class=\"col-inner\"  >\n    <div class=\"img has-hover x md-x lg-x y md-y lg-y\" id=\"image_778693123\">\n                <div class=\"img-inner dark\" >\n        <img loading=\"lazy\" decoding=\"async\" width=\"500\" height=\"500\" src=\"https:\/\/seacare.com\/wp-content\/uploads\/2017\/03\/pentavitin.png\" class=\"attachment-large size-large\" alt=\"\" srcset=\"https:\/\/seacare.com\/wp-content\/uploads\/2017\/03\/pentavitin.png 500w, https:\/\/seacare.com\/wp-content\/uploads\/2017\/03\/pentavitin-280x280.png 280w, https:\/\/seacare.com\/wp-content\/uploads\/2017\/03\/pentavitin-400x400.png 400w, https:\/\/seacare.com\/wp-content\/uploads\/2017\/03\/pentavitin-180x180.png 180w, https:\/\/seacare.com\/wp-content\/uploads\/2017\/03\/pentavitin-300x300.png 300w\" sizes=\"(max-width: 500px) 100vw, 500px\" \/>                \n            <\/div>\n                   \n<style scope=\"scope\">\n\n<\/style>\n    <\/div>\n    \n<\/div><\/div>\n<div class=\"col medium-9 small-12 large-9\"  ><div class=\"col-inner\"  >\n<h4 class=\"text-head\">PENTAVITIN\u00ae<\/h4>\n<p>PENTAVITIN\u00ae ist ein 100%-ig nat\u00fcrlicher Inhaltsstoff pflanzlicher Herkunft. Seine Wirksamkeit basiert auf der einzigartigen Zusammensetzung, die einem in der menschlichen Haut <a href=\"\/de\/pentavitin\/\">Mehr Details&#8230;<\/a><\/p>\n<\/div><\/div>\n<\/div>\n<\/div><\/div>\n<div class=\"col medium-6 small-12 large-6\"  ><div class=\"col-inner\"  >\n<div class=\"row\"  id=\"row-866399665\">\n<div class=\"col medium-3 small-12 large-3\"  ><div class=\"col-inner\"  >\n    <div class=\"img has-hover x md-x lg-x y md-y lg-y\" id=\"image_403525606\">\n                <div class=\"img-inner dark\" >\n        <img loading=\"lazy\" decoding=\"async\" width=\"500\" height=\"500\" src=\"https:\/\/seacare.com\/wp-content\/uploads\/2020\/07\/3.jpg\" class=\"attachment-large size-large\" alt=\"\" srcset=\"https:\/\/seacare.com\/wp-content\/uploads\/2020\/07\/3.jpg 500w, https:\/\/seacare.com\/wp-content\/uploads\/2020\/07\/3-247x247.jpg 247w, https:\/\/seacare.com\/wp-content\/uploads\/2020\/07\/3-400x400.jpg 400w, https:\/\/seacare.com\/wp-content\/uploads\/2020\/07\/3-180x180.jpg 180w\" sizes=\"(max-width: 500px) 100vw, 500px\" \/>                \n            <\/div>\n                   \n<style scope=\"scope\">\n\n<\/style>\n    <\/div>\n    \n<\/div><\/div>\n<div class=\"col medium-9 small-12 large-9\"  ><div class=\"col-inner\"  >\n<h4 class=\"text-head\">Dermosoft\u00ae OMP<\/h4>\n<p>Dermosoft\u00ae OMP ist ein multifunktionaler kosmetischer Inhaltsstoff mit starker Antimikrobenaktivit\u00e4t, der feuchtigkeitsspendende und regenerierende <a href=\"\/de\/dermosoft-omp\/\">Mehr Details&#8230;<\/a><\/p>\n<\/div><\/div>\n<\/div>\n<\/div><\/div>\n<div class=\"col medium-6 small-12 large-6\"  ><div class=\"col-inner\"  >\n<div class=\"row\"  id=\"row-77367474\">\n<div class=\"col medium-3 small-12 large-3\"  ><div class=\"col-inner\"  >\n    <div class=\"img has-hover x md-x lg-x y md-y lg-y\" id=\"image_1217549559\">\n                <div class=\"img-inner dark\" >\n        <img loading=\"lazy\" decoding=\"async\" width=\"500\" height=\"500\" src=\"https:\/\/seacare.com\/wp-content\/uploads\/2017\/03\/shea.png\" class=\"attachment-large size-large\" alt=\"\" srcset=\"https:\/\/seacare.com\/wp-content\/uploads\/2017\/03\/shea.png 500w, https:\/\/seacare.com\/wp-content\/uploads\/2017\/03\/shea-280x280.png 280w, https:\/\/seacare.com\/wp-content\/uploads\/2017\/03\/shea-400x400.png 400w, https:\/\/seacare.com\/wp-content\/uploads\/2017\/03\/shea-180x180.png 180w, https:\/\/seacare.com\/wp-content\/uploads\/2017\/03\/shea-300x300.png 300w\" sizes=\"(max-width: 500px) 100vw, 500px\" \/>                \n            <\/div>\n                   \n<style scope=\"scope\">\n\n<\/style>\n    <\/div>\n    \n<\/div><\/div>\n<div class=\"col medium-9 small-12 large-9\"  ><div class=\"col-inner\"  >\n<h4 class=\"text-head\">Sheabutter<\/h4>\n<p>Die Sheabutter ist f\u00fcr Behandlung der Hautproblemen wie Hautunreinheiten, Falten, Ekzemen und Dermatitis von Bedeutung. Die Sheabutter hat auch Eigenschaften\u00a0\u00a0<a href=\"\/de\/sheabutter\/\">Mehr Details&#8230;<\/a><\/p>\n<\/div><\/div>\n<\/div>\n<\/div><\/div>\n<div class=\"col medium-6 small-12 large-6\"  ><div class=\"col-inner\"  >\n<div class=\"row\"  id=\"row-1087110924\">\n<div class=\"col medium-3 small-12 large-3\"  ><div class=\"col-inner\"  >\n    <div class=\"img has-hover x md-x lg-x y md-y lg-y\" id=\"image_1003017426\">\n                <div class=\"img-inner dark\" >\n        <img loading=\"lazy\" decoding=\"async\" width=\"500\" height=\"500\" src=\"https:\/\/seacare.com\/wp-content\/uploads\/2017\/03\/mindal.png\" class=\"attachment-large size-large\" alt=\"\" srcset=\"https:\/\/seacare.com\/wp-content\/uploads\/2017\/03\/mindal.png 500w, https:\/\/seacare.com\/wp-content\/uploads\/2017\/03\/mindal-280x280.png 280w, https:\/\/seacare.com\/wp-content\/uploads\/2017\/03\/mindal-400x400.png 400w, https:\/\/seacare.com\/wp-content\/uploads\/2017\/03\/mindal-180x180.png 180w, https:\/\/seacare.com\/wp-content\/uploads\/2017\/03\/mindal-300x300.png 300w\" sizes=\"(max-width: 500px) 100vw, 500px\" \/>                \n            <\/div>\n                   \n<style scope=\"scope\">\n\n<\/style>\n    <\/div>\n    \n<\/div><\/div>\n<div class=\"col medium-9 small-12 large-9\"  ><div class=\"col-inner\"  >\n<h4>Mandel\u00f6l<\/h4>\n<p>Durch die Verwendung nat\u00fcrlicher Sch\u00f6nheitsprodukte mit dem S\u00fc\u00dfmandel\u00f6l-Extrakt zur t\u00e4glichen Hautpflege wird Ihr Haar gl\u00e4nzend, kr\u00e4ftig und gesund. <a href=\"\/de\/mandeloel\/\">Mehr Details&#8230;<\/a><\/p>\n<\/div><\/div>\n<\/div>\n<\/div><\/div>\n<div class=\"col medium-6 small-12 large-6\"  ><div class=\"col-inner\"  >\n<div class=\"row\"  id=\"row-1740855856\">\n<div class=\"col medium-3 small-12 large-3\"  ><div class=\"col-inner\"  >\n    <div class=\"img has-hover x md-x lg-x y md-y lg-y\" id=\"image_564393359\">\n                <div class=\"img-inner dark\" >\n        <img loading=\"lazy\" decoding=\"async\" width=\"500\" height=\"500\" src=\"https:\/\/seacare.com\/wp-content\/uploads\/2018\/10\/Squalin2png.png\" class=\"attachment-large size-large\" alt=\"\u0421\u043a\u0432\u0430\u043b\u0430\u043d\u043e\u0432\u043e\u0435 \u043c\u0430\u0441\u043b\u043e\" srcset=\"https:\/\/seacare.com\/wp-content\/uploads\/2018\/10\/Squalin2png.png 500w, https:\/\/seacare.com\/wp-content\/uploads\/2018\/10\/Squalin2png-247x247.png 247w, https:\/\/seacare.com\/wp-content\/uploads\/2018\/10\/Squalin2png-400x400.png 400w, https:\/\/seacare.com\/wp-content\/uploads\/2018\/10\/Squalin2png-180x180.png 180w\" sizes=\"(max-width: 500px) 100vw, 500px\" \/>                \n            <\/div>\n                   \n<style scope=\"scope\">\n\n<\/style>\n    <\/div>\n    \n<\/div><\/div>\n<div class=\"col medium-9 small-12 large-9\"  ><div class=\"col-inner\"  >\n<h4>Squalan\u00f6l<\/h4>\n<p>Das Squalan\u00f6l ist ein gro\u00dfartiges Feuchtigkeitsmittel und macht die Haut weich und zart. Das Squalan\u00f6l sch\u00fctzt die Haut vor freien Radikalen, die Altersflecken und vorzeitiges\u00a0\u00a0<a href=\"\/de\/squalanoel\/\">Mehr Details&#8230;<\/a><\/p>\n<\/div><\/div>\n<\/div>\n<\/div><\/div>\n<div class=\"col medium-6 small-12 large-6\"  ><div class=\"col-inner\"  >\n<div class=\"row\"  id=\"row-2098688326\">\n<div class=\"col medium-3 small-12 large-3\"  ><div class=\"col-inner\"  >\n    <div class=\"img has-hover x md-x lg-x y md-y lg-y\" id=\"image_603129779\">\n                <div class=\"img-inner dark\" >\n        <img loading=\"lazy\" decoding=\"async\" width=\"500\" height=\"500\" src=\"https:\/\/seacare.com\/wp-content\/uploads\/2020\/07\/Hyaluronic-Acid.png\" class=\"attachment-large size-large\" alt=\"\" srcset=\"https:\/\/seacare.com\/wp-content\/uploads\/2020\/07\/Hyaluronic-Acid.png 500w, https:\/\/seacare.com\/wp-content\/uploads\/2020\/07\/Hyaluronic-Acid-247x247.png 247w, https:\/\/seacare.com\/wp-content\/uploads\/2020\/07\/Hyaluronic-Acid-400x400.png 400w, https:\/\/seacare.com\/wp-content\/uploads\/2020\/07\/Hyaluronic-Acid-180x180.png 180w\" sizes=\"(max-width: 500px) 100vw, 500px\" \/>                \n            <\/div>\n                   \n<style scope=\"scope\">\n\n<\/style>\n    <\/div>\n    \n<\/div><\/div>\n<div class=\"col medium-9 small-12 large-9\"  ><div class=\"col-inner\"  >\n<h4 class=\"text-head\">Hyalurons\u00e4ure<\/h4>\n<p>Die Hyalurons\u00e4ure ist ein wichtiger Bestandteil in vielen Anti-Aging- und Hautpflegeprodukten. Sie spendet der Haut Feuchtigkeit, reduziert das Auftreten der Falten und sorgt\u00a0\u00a0<a href=\"\/de\/hyaluronsaeure\/\">Mehr Details&#8230;<\/a><\/p>\n<\/div><\/div>\n<\/div>\n<\/div><\/div>\n<\/div>\n<h3>Andere Produkte in der Linie<\/h3>\n\n  \n    <div class=\"row large-columns-4 medium-columns- small-columns-2 row-small slider row-slider slider-nav-reveal slider-nav-push\"  data-flickity-options='{\"imagesLoaded\": true, \"groupCells\": \"100%\", \"dragThreshold\" : 5, \"cellAlign\": \"left\",\"wrapAround\": true,\"prevNextButtons\": true,\"percentPosition\": true,\"pageDots\": false, \"rightToLeft\": false, \"autoPlay\" : false}'>\n\n  \t<\/div>\n<h3>\u00c4hnliche Produkte in anderen Linien<\/h3>\n\n  \n    <div class=\"row large-columns-4 medium-columns- small-columns-2 row-small slider row-slider slider-nav-reveal slider-nav-push\"  data-flickity-options='{\"imagesLoaded\": true, \"groupCells\": \"100%\", \"dragThreshold\" : 5, \"cellAlign\": \"left\",\"wrapAround\": true,\"prevNextButtons\": true,\"percentPosition\": true,\"pageDots\": false, \"rightToLeft\": false, \"autoPlay\" : false}'>\n\n  \t\n\t            \t\t\t\t\t\n<div class=\"product-small col has-hover post-33205 product type-product status-publish has-post-thumbnail product_cat-hand-und-fusscremes product_cat-koerperkosmetik product_cat-kosmetik-fuer-maenner-de product_tag-fuer-maenner product_tag-glatte-haut product_tag-schoene-haut first instock shipping-taxable purchasable product-type-simple\">\n\t<div class=\"col-inner\">\t\n\t\n<div class=\"badge-container absolute left top z-1\">\n<\/div>\t<div class=\"product-small box \">\n\t\t<div class=\"box-image\">\n\t\t\t<div class=\"image-none\">\n\t\t\t\t<a href=\"https:\/\/seacare.com\/de\/produkt\/handcreme-fuer-maenner-150-ml-seacare\/\">\n\t\t\t\t\t<img loading=\"lazy\" decoding=\"async\" width=\"247\" height=\"300\" src=\"https:\/\/seacare.com\/wp-content\/uploads\/2020\/07\/Hand-Cream-Men-SC-1-copy-247x300.jpg\" class=\"attachment-shop_catalog size-shop_catalog wp-post-image\" alt=\"Hand Cream Men SC\" title=\"Hand Cream Men SC\" \/>\t\t\t\t<\/a>\n\t\t\t<\/div>\n\t\t\t<div class=\"image-tools is-small top right show-on-hover\">\n\t\t\t\t\t\t\t<\/div>\n\t\t\t<div class=\"image-tools is-small hide-for-small bottom left show-on-hover\">\n\t\t\t\t\t\t\t<\/div>\n\t\t\t<div class=\"image-tools grid-tools text-center hide-for-small bottom hover-slide-in show-on-hover\">\n\t\t\t\t  <a class=\"quick-view\" data-prod=\"33205\" href=\"#quick-view\">Schnellansicht<\/a>\t\t\t<\/div>\n\t\t\t\t\t<\/div><!-- box-image -->\n\n\t\t<div class=\"box-text box-text-products\">\n\t\t\t<div class=\"title-wrapper\">  <p class=\"category uppercase is-smaller no-text-overflow product-cat op-7\">\n        Hand- und Fu\u00dfcremes   <\/p> <p class=\"name product-title\"><a href=\"https:\/\/seacare.com\/de\/produkt\/handcreme-fuer-maenner-150-ml-seacare\/\">Handcreme f\u00fcr M\u00e4nner, 150 ml, Sea\u0421are<\/a><\/p><\/div><div class=\"price-wrapper\">\n\t<span class=\"price\"><span class=\"woocommerce-Price-amount amount\"><span class=\"woocommerce-Price-currencySymbol\">&#36;<\/span>&nbsp;28.90<\/span><\/span>\n<\/div>\t\t<\/div><!-- box-text -->\n\t<\/div><!-- box -->\n\t\t<\/div><!-- .col-inner -->\n<\/div><!-- col -->\t            \t\t\t\t\t\n<div class=\"product-small col has-hover post-33241 product type-product status-publish has-post-thumbnail product_cat-bio-spa-kosmetik product_cat-bio-spa-kosmetik-de product_cat-hand-und-fusscremes product_cat-koerperkosmetik product_tag-glatte-haut product_tag-schoene-haut  instock shipping-taxable purchasable product-type-simple\">\n\t<div class=\"col-inner\">\t\n\t\n<div class=\"badge-container absolute left top z-1\">\n<\/div>\t<div class=\"product-small box \">\n\t\t<div class=\"box-image\">\n\t\t\t<div class=\"image-none\">\n\t\t\t\t<a href=\"https:\/\/seacare.com\/de\/produkt\/bio-handcreme-150-ml-seacare\/\">\n\t\t\t\t\t<img loading=\"lazy\" decoding=\"async\" width=\"247\" height=\"300\" src=\"https:\/\/seacare.com\/wp-content\/uploads\/2020\/06\/Organic-Care-Hand-Cream-SC-1-copy-247x300.jpg\" class=\"attachment-shop_catalog size-shop_catalog wp-post-image\" alt=\"Organic Care Hand Cream \u041b\u0435\u0442\u0443\u0430\u043b\u044c\" title=\"Organic Care Hand Cream \u041b\u0435\u0442\u0443\u0430\u043b\u044c\" \/>\t\t\t\t<\/a>\n\t\t\t<\/div>\n\t\t\t<div class=\"image-tools is-small top right show-on-hover\">\n\t\t\t\t\t\t\t<\/div>\n\t\t\t<div class=\"image-tools is-small hide-for-small bottom left show-on-hover\">\n\t\t\t\t\t\t\t<\/div>\n\t\t\t<div class=\"image-tools grid-tools text-center hide-for-small bottom hover-slide-in show-on-hover\">\n\t\t\t\t  <a class=\"quick-view\" data-prod=\"33241\" href=\"#quick-view\">Schnellansicht<\/a>\t\t\t<\/div>\n\t\t\t\t\t<\/div><!-- box-image -->\n\n\t\t<div class=\"box-text box-text-products\">\n\t\t\t<div class=\"title-wrapper\">  <p class=\"category uppercase is-smaller no-text-overflow product-cat op-7\">\n        Bio-SPA-Kosmetik   <\/p> <p class=\"name product-title\"><a href=\"https:\/\/seacare.com\/de\/produkt\/bio-handcreme-150-ml-seacare\/\">Bio-Handcreme, 150 ml, SeaCare<\/a><\/p><\/div><div class=\"price-wrapper\">\n\t<span class=\"price\"><span class=\"woocommerce-Price-amount amount\"><span class=\"woocommerce-Price-currencySymbol\">&#36;<\/span>&nbsp;36.90<\/span><\/span>\n<\/div>\t\t<\/div><!-- box-text -->\n\t<\/div><!-- box -->\n\t\t<\/div><!-- .col-inner -->\n<\/div><!-- col -->\t            \t\t\t\t\t\n<div class=\"product-small col has-hover post-33213 product type-product status-publish has-post-thumbnail product_cat-hand-und-fusscremes product_cat-koerperkosmetik product_cat-kosmetik-fuer-maenner-de product_tag-glatte-haut product_tag-schoene-haut  instock shipping-taxable purchasable product-type-simple\">\n\t<div class=\"col-inner\">\t\n\t\n<div class=\"badge-container absolute left top z-1\">\n<\/div>\t<div class=\"product-small box \">\n\t\t<div class=\"box-image\">\n\t\t\t<div class=\"image-none\">\n\t\t\t\t<a href=\"https:\/\/seacare.com\/de\/produkt\/fusscreme-fuer-maenner-150-ml-seacare\/\">\n\t\t\t\t\t<img loading=\"lazy\" decoding=\"async\" width=\"247\" height=\"300\" src=\"https:\/\/seacare.com\/wp-content\/uploads\/2021\/01\/Foot-Cream-Men-SC-1-copy-247x300.jpg\" class=\"attachment-shop_catalog size-shop_catalog wp-post-image\" alt=\"Foot Cream Men SC\" title=\"Foot Cream Men SC\" \/>\t\t\t\t<\/a>\n\t\t\t<\/div>\n\t\t\t<div class=\"image-tools is-small top right show-on-hover\">\n\t\t\t\t\t\t\t<\/div>\n\t\t\t<div class=\"image-tools is-small hide-for-small bottom left show-on-hover\">\n\t\t\t\t\t\t\t<\/div>\n\t\t\t<div class=\"image-tools grid-tools text-center hide-for-small bottom hover-slide-in show-on-hover\">\n\t\t\t\t  <a class=\"quick-view\" data-prod=\"33213\" href=\"#quick-view\">Schnellansicht<\/a>\t\t\t<\/div>\n\t\t\t\t\t<\/div><!-- box-image -->\n\n\t\t<div class=\"box-text box-text-products\">\n\t\t\t<div class=\"title-wrapper\">  <p class=\"category uppercase is-smaller no-text-overflow product-cat op-7\">\n        Hand- und Fu\u00dfcremes   <\/p> <p class=\"name product-title\"><a href=\"https:\/\/seacare.com\/de\/produkt\/fusscreme-fuer-maenner-150-ml-seacare\/\">Fu\u00dfcreme f\u00fcr M\u00e4nner, 150 ml, Sea\u0421are<\/a><\/p><\/div><div class=\"price-wrapper\">\n\t<span class=\"price\"><span class=\"woocommerce-Price-amount amount\"><span class=\"woocommerce-Price-currencySymbol\">&#36;<\/span>&nbsp;28.90<\/span><\/span>\n<\/div>\t\t<\/div><!-- box-text -->\n\t<\/div><!-- box -->\n\t\t<\/div><!-- .col-inner -->\n<\/div><!-- col -->\t            \t\t\t\t\t\n<div class=\"product-small col has-hover post-33243 product type-product status-publish has-post-thumbnail product_cat-bio-spa-kosmetik product_cat-bio-spa-kosmetik-de product_cat-hand-und-fusscremes product_cat-koerperkosmetik product_tag-glatte-haut product_tag-schoene-haut last instock shipping-taxable purchasable product-type-simple\">\n\t<div class=\"col-inner\">\t\n\t\n<div class=\"badge-container absolute left top z-1\">\n<\/div>\t<div class=\"product-small box \">\n\t\t<div class=\"box-image\">\n\t\t\t<div class=\"image-none\">\n\t\t\t\t<a href=\"https:\/\/seacare.com\/de\/produkt\/bio-fusscreme-150-ml-seacare\/\">\n\t\t\t\t\t<img loading=\"lazy\" decoding=\"async\" width=\"247\" height=\"300\" src=\"https:\/\/seacare.com\/wp-content\/uploads\/2020\/06\/Organic-Care-Foot-Cream-SC-1-copy-247x300.jpg\" class=\"attachment-shop_catalog size-shop_catalog wp-post-image\" alt=\"Organic Care Foot Cream SC\" title=\"Organic Care Foot Cream SC\" \/>\t\t\t\t<\/a>\n\t\t\t<\/div>\n\t\t\t<div class=\"image-tools is-small top right show-on-hover\">\n\t\t\t\t\t\t\t<\/div>\n\t\t\t<div class=\"image-tools is-small hide-for-small bottom left show-on-hover\">\n\t\t\t\t\t\t\t<\/div>\n\t\t\t<div class=\"image-tools grid-tools text-center hide-for-small bottom hover-slide-in show-on-hover\">\n\t\t\t\t  <a class=\"quick-view\" data-prod=\"33243\" href=\"#quick-view\">Schnellansicht<\/a>\t\t\t<\/div>\n\t\t\t\t\t<\/div><!-- box-image -->\n\n\t\t<div class=\"box-text box-text-products\">\n\t\t\t<div class=\"title-wrapper\">  <p class=\"category uppercase is-smaller no-text-overflow product-cat op-7\">\n        Bio-SPA-Kosmetik   <\/p> <p class=\"name product-title\"><a href=\"https:\/\/seacare.com\/de\/produkt\/bio-fusscreme-150-ml-seacare\/\">Bio-Fu\u00dfcreme, 150 ml, SeaCare<\/a><\/p><\/div><div class=\"price-wrapper\">\n\t<span class=\"price\"><span class=\"woocommerce-Price-amount amount\"><span class=\"woocommerce-Price-currencySymbol\">&#36;<\/span>&nbsp;36.90<\/span><\/span>\n<\/div>\t\t<\/div><!-- box-text -->\n\t<\/div><!-- box -->\n\t\t<\/div><!-- .col-inner -->\n<\/div><!-- col -->\t            \n\t        <\/div>\n","protected":false},"excerpt":{"rendered":"<p>f\u00fcr normale und trockene Haut<br \/>\n150 ml &#8211; 5.07 fl.oz.<\/p>\n","protected":false},"featured_media":59437,"comment_status":"open","ping_status":"closed","template":"","meta":[],"_links":{"self":[{"href":"https:\/\/seacare.com\/de\/wp-json\/wp\/v2\/product\/33186"}],"collection":[{"href":"https:\/\/seacare.com\/de\/wp-json\/wp\/v2\/product"}],"about":[{"href":"https:\/\/seacare.com\/de\/wp-json\/wp\/v2\/types\/product"}],"replies":[{"embeddable":true,"href":"https:\/\/seacare.com\/de\/wp-json\/wp\/v2\/comments?post=33186"}],"wp:featuredmedia":[{"embeddable":true,"href":"https:\/\/seacare.com\/de\/wp-json\/wp\/v2\/media\/59437"}],"wp:attachment":[{"href":"https:\/\/seacare.com\/de\/wp-json\/wp\/v2\/media?parent=33186"}],"curies":[{"name":"wp","href":"https:\/\/api.w.org\/{rel}","templated":true}]}}