{"id":33197,"date":"2017-03-01T17:10:20","date_gmt":"2021-04-23T09:41:17","guid":{"rendered":"https:\/\/seacare.com\/ru\/?post_type=product&#038;p=33197"},"modified":"2021-04-26T19:15:32","modified_gmt":"2021-04-26T16:15:32","slug":"schlammgesichtsreinigungsgeld-150-ml-seacare","status":"publish","type":"product","link":"https:\/\/seacare.com\/de\/produkt\/schlammgesichtsreinigungsgeld-150-ml-seacare\/","title":{"rendered":"Schlammgesichtsreinigungsgeld, 150 ml, Sea\u0421are"},"content":{"rendered":"<p>Das SeaCare Schlammgesichtsreinigungsgel ist ein innovatives Tiefreinigungs-Gesichtsreinigungsmittel, das sorgf\u00e4ltig ausgew\u00e4hlte Kombinationen von nat\u00fcrlichen \u00d6len, Vitaminen und Extrakten enth\u00e4lt. Es hat einen beruhigenden Duft. Die tief reinigende Gelformel ist mit Mineralien aus dem Toten Meer angereichert. Das Schlammgel aus dem Toten Meer entfernt Unreinheiten und abgestorbene Haut, bereichert die Haut mit Mineralien, st\u00e4rkt und verbessert die Elastizit\u00e4t. Das Gel enth\u00e4lt Pentavitin, einen 100%-ig nat\u00fcrlichen Pflanzenextrakt, der feuchtigkeitsspendende Eigenschaften hat und einen verbesserten Hautschutz gegen Austrocknung und Empfindlichkeit bietet, sowie und Dermosoft OMP, einen multifunktionalen kosmetischen Inhaltsstoff mit starker Antimikrobieller Aktivit\u00e4t, sowie mit feuchtigkeitsspendenden und regenerierenden Eigenschaften.<\/p>\n<p><strong>Enth\u00e4lt keine:<\/strong>\u00a0Parabene, Propylenglykol, Silikone, Mineral\u00f6le, Petrolatum, SLS.<\/p>\n<p><strong>Anwendung<\/strong>: In kreisenden Bewegungen in die feuchte Gesichtshaut solange einmassieren, bis sich Schaum bildet, mit Wasser absp\u00fclen. Bitte Kontakt mit den Augen vermeiden. F\u00fcr morgens und abends empfohlen. F\u00fcr ein optimales Ergebnis verwenden Sie die SeaCare Anti-Aging- oder Multivitamin-Creme bzw. Gesichtsserum nach diesem Gel.<\/p>\n<h3>Schl\u00fcsselinhaltsstoffe<\/h3>\n<hr \/>\n<div class=\"row\"  id=\"row-1690383524\">\n<div class=\"col medium-6 small-12 large-6\"  ><div class=\"col-inner\"  >\n<div class=\"row\"  id=\"row-1859771419\">\n<div class=\"col medium-3 small-12 large-3\"  ><div class=\"col-inner\"  >\n    <div class=\"img has-hover x md-x lg-x y md-y lg-y\" id=\"image_2121469945\">\n                <div class=\"img-inner dark\" >\n        <img loading=\"lazy\" decoding=\"async\" width=\"500\" height=\"500\" src=\"https:\/\/seacare.com\/wp-content\/uploads\/2017\/03\/minerals-1.png\" class=\"attachment-large size-large\" alt=\"\" srcset=\"https:\/\/seacare.com\/wp-content\/uploads\/2017\/03\/minerals-1.png 500w, https:\/\/seacare.com\/wp-content\/uploads\/2017\/03\/minerals-1-280x280.png 280w, https:\/\/seacare.com\/wp-content\/uploads\/2017\/03\/minerals-1-400x400.png 400w, https:\/\/seacare.com\/wp-content\/uploads\/2017\/03\/minerals-1-180x180.png 180w, https:\/\/seacare.com\/wp-content\/uploads\/2017\/03\/minerals-1-300x300.png 300w\" sizes=\"(max-width: 500px) 100vw, 500px\" \/>                \n            <\/div>\n                   \n<style scope=\"scope\">\n\n<\/style>\n    <\/div>\n    \n<\/div><\/div>\n<div class=\"col medium-9 small-12 large-9\"  ><div class=\"col-inner\"  >\n<h4 class=\"text-head\">Mineralien aus dem Toten Meer<\/h4>\n<p>Das Tote Meer enth\u00e4lt \u00fcber 20 Mineralien, die nachweislich das Hautbild verbessern und die Haut gesund und jung halten. Sogar die an der K\u00fcste des Toten Meeren wachsenden <a href=\"\/de\/mineralien-aus-dem-toten-meer\/\">Mehr Details&#8230;<\/a><\/p>\n<\/div><\/div>\n<\/div>\n<\/div><\/div>\n<div class=\"col medium-6 small-12 large-6\"  ><div class=\"col-inner\"  >\n<div class=\"row\"  id=\"row-1467143522\">\n<div class=\"col medium-3 small-12 large-3\"  ><div class=\"col-inner\"  >\n    <div class=\"img has-hover x md-x lg-x y md-y lg-y\" id=\"image_670332648\">\n                <div class=\"img-inner dark\" >\n        <img loading=\"lazy\" decoding=\"async\" width=\"500\" height=\"500\" src=\"https:\/\/seacare.com\/wp-content\/uploads\/2020\/07\/\u0413\u0440\u044f\u0437\u044c.jpg\" class=\"attachment-large size-large\" alt=\"Dead Sea Mud\" srcset=\"https:\/\/seacare.com\/wp-content\/uploads\/2020\/07\/\u0413\u0440\u044f\u0437\u044c.jpg 500w, https:\/\/seacare.com\/wp-content\/uploads\/2020\/07\/\u0413\u0440\u044f\u0437\u044c-247x247.jpg 247w, https:\/\/seacare.com\/wp-content\/uploads\/2020\/07\/\u0413\u0440\u044f\u0437\u044c-400x400.jpg 400w, https:\/\/seacare.com\/wp-content\/uploads\/2020\/07\/\u0413\u0440\u044f\u0437\u044c-180x180.jpg 180w\" sizes=\"(max-width: 500px) 100vw, 500px\" \/>                \n            <\/div>\n                   \n<style scope=\"scope\">\n\n<\/style>\n    <\/div>\n    \n<\/div><\/div>\n<div class=\"col medium-9 small-12 large-9\"  ><div class=\"col-inner\"  >\n<h4>Schlamm aus dem Toten Meer<\/h4>\n<p>Der Schlamm aus dem Toten Meer wird zur Behandlung der Erkrankungen wie Psoriasis, Arthritis, Akne und chronischen R\u00fcckenschmerzen verwendet. Durch viele Studien werden <a href=\"\/de\/schlamm-aus-dem-toten-meer\/\">Mehr Details&#8230;<\/a><\/p>\n<\/div><\/div>\n<\/div>\n<\/div><\/div>\n<div class=\"col medium-6 small-12 large-6\"  ><div class=\"col-inner\"  >\n<div class=\"row\"  id=\"row-22549011\">\n<div class=\"col medium-3 small-12 large-3\"  ><div class=\"col-inner\"  >\n    <div class=\"img has-hover x md-x lg-x y md-y lg-y\" id=\"image_1159258580\">\n                <div class=\"img-inner dark\" >\n        <img loading=\"lazy\" decoding=\"async\" width=\"500\" height=\"500\" src=\"https:\/\/seacare.com\/wp-content\/uploads\/2017\/03\/pentavitin.png\" class=\"attachment-large size-large\" alt=\"\" srcset=\"https:\/\/seacare.com\/wp-content\/uploads\/2017\/03\/pentavitin.png 500w, https:\/\/seacare.com\/wp-content\/uploads\/2017\/03\/pentavitin-280x280.png 280w, https:\/\/seacare.com\/wp-content\/uploads\/2017\/03\/pentavitin-400x400.png 400w, https:\/\/seacare.com\/wp-content\/uploads\/2017\/03\/pentavitin-180x180.png 180w, https:\/\/seacare.com\/wp-content\/uploads\/2017\/03\/pentavitin-300x300.png 300w\" sizes=\"(max-width: 500px) 100vw, 500px\" \/>                \n            <\/div>\n                   \n<style scope=\"scope\">\n\n<\/style>\n    <\/div>\n    \n<\/div><\/div>\n<div class=\"col medium-9 small-12 large-9\"  ><div class=\"col-inner\"  >\n<h4 class=\"text-head\">PENTAVITIN\u00ae<\/h4>\n<p>PENTAVITIN\u00ae ist ein 100%-ig nat\u00fcrlicher Inhaltsstoff pflanzlicher Herkunft. Seine Wirksamkeit basiert auf der einzigartigen Zusammensetzung, die einem in der menschlichen Haut <a href=\"\/de\/pentavitin\/\">Mehr Details&#8230;<\/a><\/p>\n<\/div><\/div>\n<\/div>\n<\/div><\/div>\n<div class=\"col medium-6 small-12 large-6\"  ><div class=\"col-inner\"  >\n<div class=\"row\"  id=\"row-660140760\">\n<div class=\"col medium-3 small-12 large-3\"  ><div class=\"col-inner\"  >\n    <div class=\"img has-hover x md-x lg-x y md-y lg-y\" id=\"image_1137976714\">\n                <div class=\"img-inner dark\" >\n        <img loading=\"lazy\" decoding=\"async\" width=\"500\" height=\"500\" src=\"https:\/\/seacare.com\/wp-content\/uploads\/2020\/07\/3.jpg\" class=\"attachment-large size-large\" alt=\"\" srcset=\"https:\/\/seacare.com\/wp-content\/uploads\/2020\/07\/3.jpg 500w, https:\/\/seacare.com\/wp-content\/uploads\/2020\/07\/3-247x247.jpg 247w, https:\/\/seacare.com\/wp-content\/uploads\/2020\/07\/3-400x400.jpg 400w, https:\/\/seacare.com\/wp-content\/uploads\/2020\/07\/3-180x180.jpg 180w\" sizes=\"(max-width: 500px) 100vw, 500px\" \/>                \n            <\/div>\n                   \n<style scope=\"scope\">\n\n<\/style>\n    <\/div>\n    \n<\/div><\/div>\n<div class=\"col medium-9 small-12 large-9\"  ><div class=\"col-inner\"  >\n<h4 class=\"text-head\">Dermosoft\u00ae OMP<\/h4>\n<p>Dermosoft\u00ae OMP ist ein multifunktionaler kosmetischer Inhaltsstoff mit starker Antimikrobenaktivit\u00e4t, der feuchtigkeitsspendende und regenerierende <a href=\"\/de\/dermosoft-omp\/\">Mehr Details&#8230;<\/a><\/p>\n<\/div><\/div>\n<\/div>\n<\/div><\/div>\n<\/div>\n<h3>Andere Produkte in der Linie<\/h3>\n\n  \n    <div class=\"row large-columns-4 medium-columns- small-columns-2 row-small slider row-slider slider-nav-reveal slider-nav-push\"  data-flickity-options='{\"imagesLoaded\": true, \"groupCells\": \"100%\", \"dragThreshold\" : 5, \"cellAlign\": \"left\",\"wrapAround\": true,\"prevNextButtons\": true,\"percentPosition\": true,\"pageDots\": false, \"rightToLeft\": false, \"autoPlay\" : false}'>\n\n  \t<\/div>\n<h3>\u00c4hnliche Produkte in anderen Linien<\/h3>\n\n  \n    <div class=\"row large-columns-4 medium-columns- small-columns-2 row-small slider row-slider slider-nav-reveal slider-nav-push\"  data-flickity-options='{\"imagesLoaded\": true, \"groupCells\": \"100%\", \"dragThreshold\" : 5, \"cellAlign\": \"left\",\"wrapAround\": true,\"prevNextButtons\": true,\"percentPosition\": true,\"pageDots\": false, \"rightToLeft\": false, \"autoPlay\" : false}'>\n\n  \t\n\t            \t\t\t\t\t\n<div class=\"product-small col has-hover post-33204 product type-product status-publish has-post-thumbnail product_cat-gesichtskosmetik product_cat-kosmetik-fuer-maenner-de product_cat-reinigungsgele product_tag-fuer-maenner product_tag-glatte-gesichtshaut product_tag-schoene-haut product_tag-tiefenreinigung first instock shipping-taxable purchasable product-type-simple\">\n\t<div class=\"col-inner\">\t\n\t\n<div class=\"badge-container absolute left top z-1\">\n<\/div>\t<div class=\"product-small box \">\n\t\t<div class=\"box-image\">\n\t\t\t<div class=\"image-none\">\n\t\t\t\t<a href=\"https:\/\/seacare.com\/de\/produkt\/schlammgesichtsreinigungsgel-fuer-maenner-150-ml-seacare\/\">\n\t\t\t\t\t<img loading=\"lazy\" decoding=\"async\" width=\"247\" height=\"300\" src=\"https:\/\/seacare.com\/wp-content\/uploads\/2020\/07\/Facial-Mud-Cleansing-Gel-Men-SC-1-copy-247x300.jpg\" class=\"attachment-shop_catalog size-shop_catalog wp-post-image\" alt=\"Facial Mud Cleansing Gel Men SC\" title=\"Facial Mud Cleansing Gel Men SC\" \/>\t\t\t\t<\/a>\n\t\t\t<\/div>\n\t\t\t<div class=\"image-tools is-small top right show-on-hover\">\n\t\t\t\t\t\t\t<\/div>\n\t\t\t<div class=\"image-tools is-small hide-for-small bottom left show-on-hover\">\n\t\t\t\t\t\t\t<\/div>\n\t\t\t<div class=\"image-tools grid-tools text-center hide-for-small bottom hover-slide-in show-on-hover\">\n\t\t\t\t  <a class=\"quick-view\" data-prod=\"33204\" href=\"#quick-view\">Schnellansicht<\/a>\t\t\t<\/div>\n\t\t\t\t\t<\/div><!-- box-image -->\n\n\t\t<div class=\"box-text box-text-products\">\n\t\t\t<div class=\"title-wrapper\">  <p class=\"category uppercase is-smaller no-text-overflow product-cat op-7\">\n        Gesichtskosmetik   <\/p> <p class=\"name product-title\"><a href=\"https:\/\/seacare.com\/de\/produkt\/schlammgesichtsreinigungsgel-fuer-maenner-150-ml-seacare\/\">Schlammgesichtsreinigungsgel f\u00fcr M\u00e4nner, 150 ml, Sea\u0421are<\/a><\/p><\/div><div class=\"price-wrapper\">\n\t<span class=\"price\"><span class=\"woocommerce-Price-amount amount\"><span class=\"woocommerce-Price-currencySymbol\">&#36;<\/span>&nbsp;29.90<\/span><\/span>\n<\/div>\t\t<\/div><!-- box-text -->\n\t<\/div><!-- box -->\n\t\t<\/div><!-- .col-inner -->\n<\/div><!-- col -->\t            \t\t\t\t\t\n<div class=\"product-small col has-hover post-33171 product type-product status-publish has-post-thumbnail product_cat-anti-akne-kosmetik product_cat-anti-akne-kosmetik-de product_cat-gesichtskosmetik product_cat-reinigungsgele  instock shipping-taxable purchasable product-type-simple\">\n\t<div class=\"col-inner\">\t\n\t\n<div class=\"badge-container absolute left top z-1\">\n<\/div>\t<div class=\"product-small box \">\n\t\t<div class=\"box-image\">\n\t\t\t<div class=\"image-none\">\n\t\t\t\t<a href=\"https:\/\/seacare.com\/de\/produkt\/anti-akne-reinigungsgel-gegen-pickel-und-mitesser-150-ml-seacare\/\">\n\t\t\t\t\t<img loading=\"lazy\" decoding=\"async\" width=\"247\" height=\"300\" src=\"https:\/\/seacare.com\/wp-content\/uploads\/2019\/11\/\u0414\u043b\u044f-SCCleansing-Gel_Face-247x300.jpg\" class=\"attachment-shop_catalog size-shop_catalog wp-post-image\" alt=\"\u0414\u043b\u044f SCCleansing Gel_Face\" title=\"\u0414\u043b\u044f SCCleansing Gel_Face\" \/>\t\t\t\t<\/a>\n\t\t\t<\/div>\n\t\t\t<div class=\"image-tools is-small top right show-on-hover\">\n\t\t\t\t\t\t\t<\/div>\n\t\t\t<div class=\"image-tools is-small hide-for-small bottom left show-on-hover\">\n\t\t\t\t\t\t\t<\/div>\n\t\t\t<div class=\"image-tools grid-tools text-center hide-for-small bottom hover-slide-in show-on-hover\">\n\t\t\t\t  <a class=\"quick-view\" data-prod=\"33171\" href=\"#quick-view\">Schnellansicht<\/a>\t\t\t<\/div>\n\t\t\t\t\t<\/div><!-- box-image -->\n\n\t\t<div class=\"box-text box-text-products\">\n\t\t\t<div class=\"title-wrapper\">  <p class=\"category uppercase is-smaller no-text-overflow product-cat op-7\">\n        Anti-Akne-Kosmetik   <\/p> <p class=\"name product-title\"><a href=\"https:\/\/seacare.com\/de\/produkt\/anti-akne-reinigungsgel-gegen-pickel-und-mitesser-150-ml-seacare\/\">Anti-Akne-Reinigungsgel gegen Pickel und Mitesser, 150 ml , Sea\u0421are<\/a><\/p><\/div><div class=\"price-wrapper\">\n\t<span class=\"price\"><span class=\"woocommerce-Price-amount amount\"><span class=\"woocommerce-Price-currencySymbol\">&#36;<\/span>&nbsp;45.90<\/span><\/span>\n<\/div>\t\t<\/div><!-- box-text -->\n\t<\/div><!-- box -->\n\t\t<\/div><!-- .col-inner -->\n<\/div><!-- col -->\t            \t\t\t\t\t\n<div class=\"product-small col has-hover post-32595 product type-product status-publish has-post-thumbnail product_cat-bio-spa-kosmetik product_cat-bio-spa-kosmetik-de product_cat-gesichtskosmetik product_cat-reinigungsgele product_tag-glatte-gesichtshaut product_tag-schoene-haut product_tag-tiefenreinigung  instock shipping-taxable purchasable product-type-simple\">\n\t<div class=\"col-inner\">\t\n\t\n<div class=\"badge-container absolute left top z-1\">\n<\/div>\t<div class=\"product-small box \">\n\t\t<div class=\"box-image\">\n\t\t\t<div class=\"image-none\">\n\t\t\t\t<a href=\"https:\/\/seacare.com\/de\/produkt\/bio-reinigungsgesichtsgel-150-ml-seacare\/\">\n\t\t\t\t\t<img loading=\"lazy\" decoding=\"async\" width=\"247\" height=\"300\" src=\"https:\/\/seacare.com\/wp-content\/uploads\/2020\/06\/Facial-Cleansing-Gel-Organic-SC-1-copy-1-247x300.jpg\" class=\"attachment-shop_catalog size-shop_catalog wp-post-image\" alt=\"Organic Care Facial Cleansing Gel \u041b\u0435\u0442\u0443\u0430\u043b\u044c\" title=\"Organic Care Facial Cleansing Gel \u041b\u0435\u0442\u0443\u0430\u043b\u044c\" \/>\t\t\t\t<\/a>\n\t\t\t<\/div>\n\t\t\t<div class=\"image-tools is-small top right show-on-hover\">\n\t\t\t\t\t\t\t<\/div>\n\t\t\t<div class=\"image-tools is-small hide-for-small bottom left show-on-hover\">\n\t\t\t\t\t\t\t<\/div>\n\t\t\t<div class=\"image-tools grid-tools text-center hide-for-small bottom hover-slide-in show-on-hover\">\n\t\t\t\t  <a class=\"quick-view\" data-prod=\"32595\" href=\"#quick-view\">Schnellansicht<\/a>\t\t\t<\/div>\n\t\t\t\t\t<\/div><!-- box-image -->\n\n\t\t<div class=\"box-text box-text-products\">\n\t\t\t<div class=\"title-wrapper\">  <p class=\"category uppercase is-smaller no-text-overflow product-cat op-7\">\n        Bio-SPA-Kosmetik   <\/p> <p class=\"name product-title\"><a href=\"https:\/\/seacare.com\/de\/produkt\/bio-reinigungsgesichtsgel-150-ml-seacare\/\">Bio-Reinigungsgesichtsgel, 150 ml, Sea\u0421are<\/a><\/p><\/div><div class=\"price-wrapper\">\n\t<span class=\"price\"><span class=\"woocommerce-Price-amount amount\"><span class=\"woocommerce-Price-currencySymbol\">&#36;<\/span>&nbsp;42.90<\/span><\/span>\n<\/div>\t\t<\/div><!-- box-text -->\n\t<\/div><!-- box -->\n\t\t<\/div><!-- .col-inner -->\n<\/div><!-- col -->\t            \t\t\t\t\t\n<div class=\"product-small col has-hover post-33207 product type-product status-publish has-post-thumbnail product_cat-gesichtskosmetik product_cat-kosmetik-fuer-maenner-de product_cat-peelings product_tag-fuer-maenner product_tag-tiefenreinigung last instock shipping-taxable purchasable product-type-simple\">\n\t<div class=\"col-inner\">\t\n\t\n<div class=\"badge-container absolute left top z-1\">\n<\/div>\t<div class=\"product-small box \">\n\t\t<div class=\"box-image\">\n\t\t\t<div class=\"image-none\">\n\t\t\t\t<a href=\"https:\/\/seacare.com\/de\/produkt\/reinigungsgesichtspeeling-fuer-maenner-150-ml-seacare\/\">\n\t\t\t\t\t<img loading=\"lazy\" decoding=\"async\" width=\"247\" height=\"300\" src=\"https:\/\/seacare.com\/wp-content\/uploads\/2020\/07\/Facial-Cleansing-Scrub-Men-SC-1-copy-247x300.jpg\" class=\"attachment-shop_catalog size-shop_catalog wp-post-image\" alt=\"Facial Cleansing Scrub Men SC\" title=\"Facial Cleansing Scrub Men SC\" \/>\t\t\t\t<\/a>\n\t\t\t<\/div>\n\t\t\t<div class=\"image-tools is-small top right show-on-hover\">\n\t\t\t\t\t\t\t<\/div>\n\t\t\t<div class=\"image-tools is-small hide-for-small bottom left show-on-hover\">\n\t\t\t\t\t\t\t<\/div>\n\t\t\t<div class=\"image-tools grid-tools text-center hide-for-small bottom hover-slide-in show-on-hover\">\n\t\t\t\t  <a class=\"quick-view\" data-prod=\"33207\" href=\"#quick-view\">Schnellansicht<\/a>\t\t\t<\/div>\n\t\t\t\t\t<\/div><!-- box-image -->\n\n\t\t<div class=\"box-text box-text-products\">\n\t\t\t<div class=\"title-wrapper\">  <p class=\"category uppercase is-smaller no-text-overflow product-cat op-7\">\n        Gesichtskosmetik   <\/p> <p class=\"name product-title\"><a href=\"https:\/\/seacare.com\/de\/produkt\/reinigungsgesichtspeeling-fuer-maenner-150-ml-seacare\/\">Reinigungsgesichtspeeling f\u00fcr M\u00e4nner, 150 ml, Sea\u0421are<\/a><\/p><\/div><div class=\"price-wrapper\">\n\t<span class=\"price\"><span class=\"woocommerce-Price-amount amount\"><span class=\"woocommerce-Price-currencySymbol\">&#36;<\/span>&nbsp;30.90<\/span><\/span>\n<\/div>\t\t<\/div><!-- box-text -->\n\t<\/div><!-- box -->\n\t\t<\/div><!-- .col-inner -->\n<\/div><!-- col -->\t            \t\t\t\t\t\n<div class=\"product-small col has-hover post-33242 product type-product status-publish has-post-thumbnail product_cat-bio-spa-kosmetik product_cat-bio-spa-kosmetik-de product_cat-gesichtskosmetik product_cat-toner-de product_tag-schoene-haut first instock shipping-taxable purchasable product-type-simple\">\n\t<div class=\"col-inner\">\t\n\t\n<div class=\"badge-container absolute left top z-1\">\n<\/div>\t<div class=\"product-small box \">\n\t\t<div class=\"box-image\">\n\t\t\t<div class=\"image-none\">\n\t\t\t\t<a href=\"https:\/\/seacare.com\/de\/produkt\/bio-gesichtstoner-150-ml-seacare\/\">\n\t\t\t\t\t<img loading=\"lazy\" decoding=\"async\" width=\"247\" height=\"300\" src=\"https:\/\/seacare.com\/wp-content\/uploads\/2020\/06\/Organic-Care-Facial-Toner-SC-1-copy-247x300.jpg\" class=\"attachment-shop_catalog size-shop_catalog wp-post-image\" alt=\"Organic Care Facial Toner \u041b\u0435\u0442\u0443\u0430\u043b\u044c\" title=\"Organic Care Facial Toner \u041b\u0435\u0442\u0443\u0430\u043b\u044c\" \/>\t\t\t\t<\/a>\n\t\t\t<\/div>\n\t\t\t<div class=\"image-tools is-small top right show-on-hover\">\n\t\t\t\t\t\t\t<\/div>\n\t\t\t<div class=\"image-tools is-small hide-for-small bottom left show-on-hover\">\n\t\t\t\t\t\t\t<\/div>\n\t\t\t<div class=\"image-tools grid-tools text-center hide-for-small bottom hover-slide-in show-on-hover\">\n\t\t\t\t  <a class=\"quick-view\" data-prod=\"33242\" href=\"#quick-view\">Schnellansicht<\/a>\t\t\t<\/div>\n\t\t\t\t\t<\/div><!-- box-image -->\n\n\t\t<div class=\"box-text box-text-products\">\n\t\t\t<div class=\"title-wrapper\">  <p class=\"category uppercase is-smaller no-text-overflow product-cat op-7\">\n        Bio-SPA-Kosmetik   <\/p> <p class=\"name product-title\"><a href=\"https:\/\/seacare.com\/de\/produkt\/bio-gesichtstoner-150-ml-seacare\/\">Bio-Gesichtstoner, 150 ml, SeaCare<\/a><\/p><\/div><div class=\"price-wrapper\">\n\t<span class=\"price\"><span class=\"woocommerce-Price-amount amount\"><span class=\"woocommerce-Price-currencySymbol\">&#36;<\/span>&nbsp;42.90<\/span><\/span>\n<\/div>\t\t<\/div><!-- box-text -->\n\t<\/div><!-- box -->\n\t\t<\/div><!-- .col-inner -->\n<\/div><!-- col -->\t            \n\t        <\/div>\n","protected":false},"excerpt":{"rendered":"<p>f\u00fcr alle Hauttypen<br \/>\n150 ml &#8211; 5.07 fl.oz.<\/p>\n","protected":false},"featured_media":33943,"comment_status":"open","ping_status":"closed","template":"","meta":[],"_links":{"self":[{"href":"https:\/\/seacare.com\/de\/wp-json\/wp\/v2\/product\/33197"}],"collection":[{"href":"https:\/\/seacare.com\/de\/wp-json\/wp\/v2\/product"}],"about":[{"href":"https:\/\/seacare.com\/de\/wp-json\/wp\/v2\/types\/product"}],"replies":[{"embeddable":true,"href":"https:\/\/seacare.com\/de\/wp-json\/wp\/v2\/comments?post=33197"}],"wp:featuredmedia":[{"embeddable":true,"href":"https:\/\/seacare.com\/de\/wp-json\/wp\/v2\/media\/33943"}],"wp:attachment":[{"href":"https:\/\/seacare.com\/de\/wp-json\/wp\/v2\/media?parent=33197"}],"curies":[{"name":"wp","href":"https:\/\/api.w.org\/{rel}","templated":true}]}}