{"id":33204,"date":"2020-07-16T10:36:52","date_gmt":"2021-04-23T11:47:51","guid":{"rendered":"https:\/\/seacare.com\/ru\/?post_type=product&#038;p=33204"},"modified":"2021-04-26T19:08:31","modified_gmt":"2021-04-26T16:08:31","slug":"schlammgesichtsreinigungsgel-fuer-maenner-150-ml-seacare","status":"publish","type":"product","link":"https:\/\/seacare.com\/de\/produkt\/schlammgesichtsreinigungsgel-fuer-maenner-150-ml-seacare\/","title":{"rendered":"Schlammgesichtsreinigungsgel f\u00fcr M\u00e4nner, 150 ml, Sea\u0421are"},"content":{"rendered":"<p>Das SeaCare Schlammgesichtsreinigungsgel f\u00fcr M\u00e4nner ist ein wirksames Reinigungsmittel f\u00fcr Gesichtshauttiefreinigung. Die Gelformel ist mit Mineralien aus dem Toten Meer angereichert und enth\u00e4lt au\u00dferdem Dermosoft OMP, einen multifunktionalen Inhaltsstoff mit starker antimikrobieller Aktivit\u00e4t, sowie mit feuchtigkeitsspendenden und regenerierenden Eigenschaften. Das Gel auf Basis vom Schlamm aus dem Toten Meer entfernt Unreinheiten und abgestorbene Haut, bereichert die Haut mit Mineralien, st\u00e4rkt und verbessert ihre Elastizit\u00e4t. Das Gel enth\u00e4lt auch Pentavitin, einen 100%-ig nat\u00fcrlichen Pflanzenextrakt, der feuchtigkeitsspendende Eigenschaften hat und einen verbesserten Hautschutz gegen Austrocknung und Empfindlichkeit bietet. Das SeaCare Schlammgesichtsreinigungsgel f\u00fcr M\u00e4nner verstopft die Poren, absorbiert \u00fcbersch\u00fcssiges \u00d6l, entfernt Schmutz und andere Verunreinigungen, erfrischt und spendet der Haut Feuchtigkeit. Das Gel macht die Haut sauber, weich, geschmeidig und strahlend.<\/p>\n<p><strong>Anwendung<\/strong>: In kreisenden Bewegungen in die feuchte Gesichtshaut solange einmassieren, bis sich Schaum bildet, mit Wasser absp\u00fclen. Bitte Kontakt mit den Augen vermeiden. F\u00fcr morgens und abends empfohlen. F\u00fcr ein optimales Ergebnis verwenden Sie die SeaCare Feuchtigkeitscreme oder SeaCare Antifaltencreme f\u00fcr M\u00e4nner nach dem Gel.<\/p>\n<h3>Schl\u00fcsselinhaltsstoffe<\/h3>\n<hr \/>\n<div class=\"row\"  id=\"row-445689151\">\n<div class=\"col medium-6 small-12 large-6\"  ><div class=\"col-inner\"  >\n<div class=\"row\"  id=\"row-976081514\">\n<div class=\"col medium-3 small-12 large-3\"  ><div class=\"col-inner\"  >\n    <div class=\"img has-hover x md-x lg-x y md-y lg-y\" id=\"image_867827010\">\n                <div class=\"img-inner dark\" >\n        <img loading=\"lazy\" decoding=\"async\" width=\"500\" height=\"500\" src=\"https:\/\/seacare.com\/wp-content\/uploads\/2017\/03\/minerals-1.png\" class=\"attachment-large size-large\" alt=\"\" srcset=\"https:\/\/seacare.com\/wp-content\/uploads\/2017\/03\/minerals-1.png 500w, https:\/\/seacare.com\/wp-content\/uploads\/2017\/03\/minerals-1-280x280.png 280w, https:\/\/seacare.com\/wp-content\/uploads\/2017\/03\/minerals-1-400x400.png 400w, https:\/\/seacare.com\/wp-content\/uploads\/2017\/03\/minerals-1-180x180.png 180w, https:\/\/seacare.com\/wp-content\/uploads\/2017\/03\/minerals-1-300x300.png 300w\" sizes=\"(max-width: 500px) 100vw, 500px\" \/>                \n            <\/div>\n                   \n<style scope=\"scope\">\n\n<\/style>\n    <\/div>\n    \n<\/div><\/div>\n<div class=\"col medium-9 small-12 large-9\"  ><div class=\"col-inner\"  >\n<h4 class=\"text-head\">Mineralien aus dem Toten Meer<\/h4>\n<p>Das Tote Meer enth\u00e4lt \u00fcber 20 Mineralien, die nachweislich das Hautbild verbessern und die Haut gesund und jung halten. Sogar die an der K\u00fcste des Toten Meeren wachsenden <a href=\"\/de\/mineralien-aus-dem-toten-meer\/\">Mehr Details&#8230;<\/a><\/p>\n<\/div><\/div>\n<\/div>\n<\/div><\/div>\n<div class=\"col medium-6 small-12 large-6\"  ><div class=\"col-inner\"  >\n<div class=\"row\"  id=\"row-393477794\">\n<div class=\"col medium-3 small-12 large-3\"  ><div class=\"col-inner\"  >\n    <div class=\"img has-hover x md-x lg-x y md-y lg-y\" id=\"image_1050315053\">\n                <div class=\"img-inner dark\" >\n        <img loading=\"lazy\" decoding=\"async\" width=\"500\" height=\"500\" src=\"https:\/\/seacare.com\/wp-content\/uploads\/2020\/07\/\u0421\u043e\u043b\u044c-\u041c\u0435\u0440\u0442\u0432\u043e\u0433\u043e-\u043c\u043e\u0440\u044f-1.jpg\" class=\"attachment-large size-large\" alt=\"\" srcset=\"https:\/\/seacare.com\/wp-content\/uploads\/2020\/07\/\u0421\u043e\u043b\u044c-\u041c\u0435\u0440\u0442\u0432\u043e\u0433\u043e-\u043c\u043e\u0440\u044f-1.jpg 500w, https:\/\/seacare.com\/wp-content\/uploads\/2020\/07\/\u0421\u043e\u043b\u044c-\u041c\u0435\u0440\u0442\u0432\u043e\u0433\u043e-\u043c\u043e\u0440\u044f-1-247x247.jpg 247w, https:\/\/seacare.com\/wp-content\/uploads\/2020\/07\/\u0421\u043e\u043b\u044c-\u041c\u0435\u0440\u0442\u0432\u043e\u0433\u043e-\u043c\u043e\u0440\u044f-1-400x400.jpg 400w, https:\/\/seacare.com\/wp-content\/uploads\/2020\/07\/\u0421\u043e\u043b\u044c-\u041c\u0435\u0440\u0442\u0432\u043e\u0433\u043e-\u043c\u043e\u0440\u044f-1-180x180.jpg 180w\" sizes=\"(max-width: 500px) 100vw, 500px\" \/>                \n            <\/div>\n                   \n<style scope=\"scope\">\n\n<\/style>\n    <\/div>\n    \n<\/div><\/div>\n<div class=\"col medium-9 small-12 large-9\"  ><div class=\"col-inner\"  >\n<h4>Salz aus dem Toten Meer<\/h4>\n<p>Das Salz aus dem Toten Meer ist mit erforderlichen Mineralien angereicht, das Salz aus dem Toten Meer kann gerade so sein, was wir f\u00fcr unsere allgemeine Gesundheit und unser <a href=\"\/de\/salz-aus-dem-toten-meer\/\">Mehr Details&#8230;<\/a><\/p>\n<\/div><\/div>\n<\/div>\n<\/div><\/div>\n<div class=\"col medium-6 small-12 large-6\"  ><div class=\"col-inner\"  >\n<div class=\"row\"  id=\"row-1412562519\">\n<div class=\"col medium-3 small-12 large-3\"  ><div class=\"col-inner\"  >\n    <div class=\"img has-hover x md-x lg-x y md-y lg-y\" id=\"image_1046090217\">\n                <div class=\"img-inner dark\" >\n        <img loading=\"lazy\" decoding=\"async\" width=\"500\" height=\"500\" src=\"https:\/\/seacare.com\/wp-content\/uploads\/2017\/03\/pentavitin.png\" class=\"attachment-large size-large\" alt=\"\" srcset=\"https:\/\/seacare.com\/wp-content\/uploads\/2017\/03\/pentavitin.png 500w, https:\/\/seacare.com\/wp-content\/uploads\/2017\/03\/pentavitin-280x280.png 280w, https:\/\/seacare.com\/wp-content\/uploads\/2017\/03\/pentavitin-400x400.png 400w, https:\/\/seacare.com\/wp-content\/uploads\/2017\/03\/pentavitin-180x180.png 180w, https:\/\/seacare.com\/wp-content\/uploads\/2017\/03\/pentavitin-300x300.png 300w\" sizes=\"(max-width: 500px) 100vw, 500px\" \/>                \n            <\/div>\n                   \n<style scope=\"scope\">\n\n<\/style>\n    <\/div>\n    \n<\/div><\/div>\n<div class=\"col medium-9 small-12 large-9\"  ><div class=\"col-inner\"  >\n<h4 class=\"text-head\">PENTAVITIN\u00ae<\/h4>\n<p>PENTAVITIN\u00ae ist ein 100%-ig nat\u00fcrlicher Inhaltsstoff pflanzlicher Herkunft. Seine Wirksamkeit basiert auf der einzigartigen Zusammensetzung, die einem in der menschlichen Haut <a href=\"\/de\/pentavitin\/\">Mehr Details&#8230;<\/a><\/p>\n<\/div><\/div>\n<\/div>\n<\/div><\/div>\n<div class=\"col medium-6 small-12 large-6\"  ><div class=\"col-inner\"  >\n<div class=\"row\"  id=\"row-671033521\">\n<div class=\"col medium-3 small-12 large-3\"  ><div class=\"col-inner\"  >\n    <div class=\"img has-hover x md-x lg-x y md-y lg-y\" id=\"image_90753090\">\n                <div class=\"img-inner dark\" >\n        <img loading=\"lazy\" decoding=\"async\" width=\"500\" height=\"500\" src=\"https:\/\/seacare.com\/wp-content\/uploads\/2020\/07\/3.jpg\" class=\"attachment-large size-large\" alt=\"\" srcset=\"https:\/\/seacare.com\/wp-content\/uploads\/2020\/07\/3.jpg 500w, https:\/\/seacare.com\/wp-content\/uploads\/2020\/07\/3-247x247.jpg 247w, https:\/\/seacare.com\/wp-content\/uploads\/2020\/07\/3-400x400.jpg 400w, https:\/\/seacare.com\/wp-content\/uploads\/2020\/07\/3-180x180.jpg 180w\" sizes=\"(max-width: 500px) 100vw, 500px\" \/>                \n            <\/div>\n                   \n<style scope=\"scope\">\n\n<\/style>\n    <\/div>\n    \n<\/div><\/div>\n<div class=\"col medium-9 small-12 large-9\"  ><div class=\"col-inner\"  >\n<h4 class=\"text-head\">Dermosoft\u00ae OMP<\/h4>\n<p>Dermosoft\u00ae OMP ist ein multifunktionaler kosmetischer Inhaltsstoff mit starker Antimikrobenaktivit\u00e4t, der feuchtigkeitsspendende und regenerierende <a href=\"\/de\/dermosoft-omp\/\">Mehr Details&#8230;<\/a><\/p>\n<\/div><\/div>\n<\/div>\n<\/div><\/div>\n<\/div>\n<h3>Andere Produkte in der Linie<\/h3>\n\n  \n    <div class=\"row large-columns-4 medium-columns- small-columns-2 row-small slider row-slider slider-nav-reveal slider-nav-push\"  data-flickity-options='{\"imagesLoaded\": true, \"groupCells\": \"100%\", \"dragThreshold\" : 5, \"cellAlign\": \"left\",\"wrapAround\": true,\"prevNextButtons\": true,\"percentPosition\": true,\"pageDots\": false, \"rightToLeft\": false, \"autoPlay\" : false}'>\n\n  \t<\/div>\n<h3>\u00c4hnliche Produkte in anderen Linien<\/h3>\n\n  \n    <div class=\"row large-columns-4 medium-columns- small-columns-2 row-small slider row-slider slider-nav-reveal slider-nav-push\"  data-flickity-options='{\"imagesLoaded\": true, \"groupCells\": \"100%\", \"dragThreshold\" : 5, \"cellAlign\": \"left\",\"wrapAround\": true,\"prevNextButtons\": true,\"percentPosition\": true,\"pageDots\": false, \"rightToLeft\": false, \"autoPlay\" : false}'>\n\n  \t\n\t            \t\t\t\t\t\n<div class=\"product-small col has-hover post-33197 product type-product status-publish has-post-thumbnail product_cat-dead-sea-spa-kosmetik product_cat-dead-sea-spa-kosmetik-de product_cat-gesichtskosmetik product_cat-reinigungsgele product_tag-glatte-haut product_tag-schoene-haut product_tag-tiefenreinigung first instock shipping-taxable purchasable product-type-simple\">\n\t<div class=\"col-inner\">\t\n\t\n<div class=\"badge-container absolute left top z-1\">\n<\/div>\t<div class=\"product-small box \">\n\t\t<div class=\"box-image\">\n\t\t\t<div class=\"image-none\">\n\t\t\t\t<a href=\"https:\/\/seacare.com\/de\/produkt\/schlammgesichtsreinigungsgeld-150-ml-seacare\/\">\n\t\t\t\t\t<img loading=\"lazy\" decoding=\"async\" width=\"247\" height=\"300\" src=\"https:\/\/seacare.com\/wp-content\/uploads\/2017\/03\/1.-Mud-Cleansing-Gel-247x300.jpg\" class=\"attachment-shop_catalog size-shop_catalog wp-post-image\" alt=\"1. Mud Cleansing Gel\" title=\"1. Mud Cleansing Gel\" \/>\t\t\t\t<\/a>\n\t\t\t<\/div>\n\t\t\t<div class=\"image-tools is-small top right show-on-hover\">\n\t\t\t\t\t\t\t<\/div>\n\t\t\t<div class=\"image-tools is-small hide-for-small bottom left show-on-hover\">\n\t\t\t\t\t\t\t<\/div>\n\t\t\t<div class=\"image-tools grid-tools text-center hide-for-small bottom hover-slide-in show-on-hover\">\n\t\t\t\t  <a class=\"quick-view\" data-prod=\"33197\" href=\"#quick-view\">Schnellansicht<\/a>\t\t\t<\/div>\n\t\t\t\t\t<\/div><!-- box-image -->\n\n\t\t<div class=\"box-text box-text-products\">\n\t\t\t<div class=\"title-wrapper\">  <p class=\"category uppercase is-smaller no-text-overflow product-cat op-7\">\n        Dead Sea SPA-Kosmetik   <\/p> <p class=\"name product-title\"><a href=\"https:\/\/seacare.com\/de\/produkt\/schlammgesichtsreinigungsgeld-150-ml-seacare\/\">Schlammgesichtsreinigungsgeld, 150 ml, Sea\u0421are<\/a><\/p><\/div><div class=\"price-wrapper\">\n\t<span class=\"price\"><span class=\"woocommerce-Price-amount amount\"><span class=\"woocommerce-Price-currencySymbol\">&#36;<\/span>&nbsp;29.90<\/span><\/span>\n<\/div>\t\t<\/div><!-- box-text -->\n\t<\/div><!-- box -->\n\t\t<\/div><!-- .col-inner -->\n<\/div><!-- col -->\t            \t\t\t\t\t\n<div class=\"product-small col has-hover post-32595 product type-product status-publish has-post-thumbnail product_cat-bio-spa-kosmetik product_cat-bio-spa-kosmetik-de product_cat-gesichtskosmetik product_cat-reinigungsgele product_tag-glatte-gesichtshaut product_tag-schoene-haut product_tag-tiefenreinigung  instock shipping-taxable purchasable product-type-simple\">\n\t<div class=\"col-inner\">\t\n\t\n<div class=\"badge-container absolute left top z-1\">\n<\/div>\t<div class=\"product-small box \">\n\t\t<div class=\"box-image\">\n\t\t\t<div class=\"image-none\">\n\t\t\t\t<a href=\"https:\/\/seacare.com\/de\/produkt\/bio-reinigungsgesichtsgel-150-ml-seacare\/\">\n\t\t\t\t\t<img loading=\"lazy\" decoding=\"async\" width=\"247\" height=\"300\" src=\"https:\/\/seacare.com\/wp-content\/uploads\/2020\/06\/Facial-Cleansing-Gel-Organic-SC-1-copy-1-247x300.jpg\" class=\"attachment-shop_catalog size-shop_catalog wp-post-image\" alt=\"Organic Care Facial Cleansing Gel \u041b\u0435\u0442\u0443\u0430\u043b\u044c\" title=\"Organic Care Facial Cleansing Gel \u041b\u0435\u0442\u0443\u0430\u043b\u044c\" \/>\t\t\t\t<\/a>\n\t\t\t<\/div>\n\t\t\t<div class=\"image-tools is-small top right show-on-hover\">\n\t\t\t\t\t\t\t<\/div>\n\t\t\t<div class=\"image-tools is-small hide-for-small bottom left show-on-hover\">\n\t\t\t\t\t\t\t<\/div>\n\t\t\t<div class=\"image-tools grid-tools text-center hide-for-small bottom hover-slide-in show-on-hover\">\n\t\t\t\t  <a class=\"quick-view\" data-prod=\"32595\" href=\"#quick-view\">Schnellansicht<\/a>\t\t\t<\/div>\n\t\t\t\t\t<\/div><!-- box-image -->\n\n\t\t<div class=\"box-text box-text-products\">\n\t\t\t<div class=\"title-wrapper\">  <p class=\"category uppercase is-smaller no-text-overflow product-cat op-7\">\n        Bio-SPA-Kosmetik   <\/p> <p class=\"name product-title\"><a href=\"https:\/\/seacare.com\/de\/produkt\/bio-reinigungsgesichtsgel-150-ml-seacare\/\">Bio-Reinigungsgesichtsgel, 150 ml, Sea\u0421are<\/a><\/p><\/div><div class=\"price-wrapper\">\n\t<span class=\"price\"><span class=\"woocommerce-Price-amount amount\"><span class=\"woocommerce-Price-currencySymbol\">&#36;<\/span>&nbsp;42.90<\/span><\/span>\n<\/div>\t\t<\/div><!-- box-text -->\n\t<\/div><!-- box -->\n\t\t<\/div><!-- .col-inner -->\n<\/div><!-- col -->\t            \t\t\t\t\t\n<div class=\"product-small col has-hover post-33196 product type-product status-publish has-post-thumbnail product_cat-dead-sea-spa-kosmetik product_cat-dead-sea-spa-kosmetik-de product_cat-gesichtskosmetik product_cat-reinigungsgele product_tag-glatte-haut product_tag-make-up product_tag-schoene-haut product_tag-tiefenreinigung  instock shipping-taxable purchasable product-type-simple\">\n\t<div class=\"col-inner\">\t\n\t\n<div class=\"badge-container absolute left top z-1\">\n<\/div>\t<div class=\"product-small box \">\n\t\t<div class=\"box-image\">\n\t\t\t<div class=\"image-none\">\n\t\t\t\t<a href=\"https:\/\/seacare.com\/de\/produkt\/reinigungsmilch-und-make-up-entferner-150-ml-seacare\/\">\n\t\t\t\t\t<img loading=\"lazy\" decoding=\"async\" width=\"247\" height=\"300\" src=\"https:\/\/seacare.com\/wp-content\/uploads\/2017\/03\/1.-Cleansing-Milk-Make-Up-Remover-\u043a\u043e\u043f\u0438\u044f-247x300.jpg\" class=\"attachment-shop_catalog size-shop_catalog wp-post-image\" alt=\"1. Cleansing Milk &amp; Make Up Remover \u043a\u043e\u043f\u0438\u044f\" title=\"1. Cleansing Milk &amp; Make Up Remover \u043a\u043e\u043f\u0438\u044f\" \/>\t\t\t\t<\/a>\n\t\t\t<\/div>\n\t\t\t<div class=\"image-tools is-small top right show-on-hover\">\n\t\t\t\t\t\t\t<\/div>\n\t\t\t<div class=\"image-tools is-small hide-for-small bottom left show-on-hover\">\n\t\t\t\t\t\t\t<\/div>\n\t\t\t<div class=\"image-tools grid-tools text-center hide-for-small bottom hover-slide-in show-on-hover\">\n\t\t\t\t  <a class=\"quick-view\" data-prod=\"33196\" href=\"#quick-view\">Schnellansicht<\/a>\t\t\t<\/div>\n\t\t\t\t\t<\/div><!-- box-image -->\n\n\t\t<div class=\"box-text box-text-products\">\n\t\t\t<div class=\"title-wrapper\">  <p class=\"category uppercase is-smaller no-text-overflow product-cat op-7\">\n        Dead Sea SPA-Kosmetik   <\/p> <p class=\"name product-title\"><a href=\"https:\/\/seacare.com\/de\/produkt\/reinigungsmilch-und-make-up-entferner-150-ml-seacare\/\">Reinigungsmilch und Make-Up-Entferner, 150 ml, Sea\u0421are<\/a><\/p><\/div><div class=\"price-wrapper\">\n\t<span class=\"price\"><span class=\"woocommerce-Price-amount amount\"><span class=\"woocommerce-Price-currencySymbol\">&#36;<\/span>&nbsp;30.90<\/span><\/span>\n<\/div>\t\t<\/div><!-- box-text -->\n\t<\/div><!-- box -->\n\t\t<\/div><!-- .col-inner -->\n<\/div><!-- col -->\t            \t\t\t\t\t\n<div class=\"product-small col has-hover post-33202 product type-product status-publish has-post-thumbnail product_cat-dead-sea-spa-kosmetik product_cat-dead-sea-spa-kosmetik-de product_cat-gesichtskosmetik product_cat-peelings product_tag-glatte-haut product_tag-schoene-haut product_tag-tiefenreinigung last instock shipping-taxable purchasable product-type-simple\">\n\t<div class=\"col-inner\">\t\n\t\n<div class=\"badge-container absolute left top z-1\">\n<\/div>\t<div class=\"product-small box \">\n\t\t<div class=\"box-image\">\n\t\t\t<div class=\"image-none\">\n\t\t\t\t<a href=\"https:\/\/seacare.com\/de\/produkt\/reinigungsgesichtspeeling-150-ml-seacare\/\">\n\t\t\t\t\t<img loading=\"lazy\" decoding=\"async\" width=\"247\" height=\"300\" src=\"https:\/\/seacare.com\/wp-content\/uploads\/2017\/03\/1.-Cleansing-Facial-Scrub-247x300.jpg\" class=\"attachment-shop_catalog size-shop_catalog wp-post-image\" alt=\"1. Cleansing Facial Scrub\" title=\"1. Cleansing Facial Scrub\" \/>\t\t\t\t<\/a>\n\t\t\t<\/div>\n\t\t\t<div class=\"image-tools is-small top right show-on-hover\">\n\t\t\t\t\t\t\t<\/div>\n\t\t\t<div class=\"image-tools is-small hide-for-small bottom left show-on-hover\">\n\t\t\t\t\t\t\t<\/div>\n\t\t\t<div class=\"image-tools grid-tools text-center hide-for-small bottom hover-slide-in show-on-hover\">\n\t\t\t\t  <a class=\"quick-view\" data-prod=\"33202\" href=\"#quick-view\">Schnellansicht<\/a>\t\t\t<\/div>\n\t\t\t\t\t<\/div><!-- box-image -->\n\n\t\t<div class=\"box-text box-text-products\">\n\t\t\t<div class=\"title-wrapper\">  <p class=\"category uppercase is-smaller no-text-overflow product-cat op-7\">\n        Dead Sea SPA-Kosmetik   <\/p> <p class=\"name product-title\"><a href=\"https:\/\/seacare.com\/de\/produkt\/reinigungsgesichtspeeling-150-ml-seacare\/\">Reinigungsgesichtspeeling, 150 ml, Sea\u0421are<\/a><\/p><\/div><div class=\"price-wrapper\">\n\t<span class=\"price\"><span class=\"woocommerce-Price-amount amount\"><span class=\"woocommerce-Price-currencySymbol\">&#36;<\/span>&nbsp;30.90<\/span><\/span>\n<\/div>\t\t<\/div><!-- box-text -->\n\t<\/div><!-- box -->\n\t\t<\/div><!-- .col-inner -->\n<\/div><!-- col -->\t            \t\t\t\t\t\n<div class=\"product-small col has-hover post-33242 product type-product status-publish has-post-thumbnail product_cat-bio-spa-kosmetik product_cat-bio-spa-kosmetik-de product_cat-gesichtskosmetik product_cat-toner-de product_tag-schoene-haut first instock shipping-taxable purchasable product-type-simple\">\n\t<div class=\"col-inner\">\t\n\t\n<div class=\"badge-container absolute left top z-1\">\n<\/div>\t<div class=\"product-small box \">\n\t\t<div class=\"box-image\">\n\t\t\t<div class=\"image-none\">\n\t\t\t\t<a href=\"https:\/\/seacare.com\/de\/produkt\/bio-gesichtstoner-150-ml-seacare\/\">\n\t\t\t\t\t<img loading=\"lazy\" decoding=\"async\" width=\"247\" height=\"300\" src=\"https:\/\/seacare.com\/wp-content\/uploads\/2020\/06\/Organic-Care-Facial-Toner-SC-1-copy-247x300.jpg\" class=\"attachment-shop_catalog size-shop_catalog wp-post-image\" alt=\"Organic Care Facial Toner \u041b\u0435\u0442\u0443\u0430\u043b\u044c\" title=\"Organic Care Facial Toner \u041b\u0435\u0442\u0443\u0430\u043b\u044c\" \/>\t\t\t\t<\/a>\n\t\t\t<\/div>\n\t\t\t<div class=\"image-tools is-small top right show-on-hover\">\n\t\t\t\t\t\t\t<\/div>\n\t\t\t<div class=\"image-tools is-small hide-for-small bottom left show-on-hover\">\n\t\t\t\t\t\t\t<\/div>\n\t\t\t<div class=\"image-tools grid-tools text-center hide-for-small bottom hover-slide-in show-on-hover\">\n\t\t\t\t  <a class=\"quick-view\" data-prod=\"33242\" href=\"#quick-view\">Schnellansicht<\/a>\t\t\t<\/div>\n\t\t\t\t\t<\/div><!-- box-image -->\n\n\t\t<div class=\"box-text box-text-products\">\n\t\t\t<div class=\"title-wrapper\">  <p class=\"category uppercase is-smaller no-text-overflow product-cat op-7\">\n        Bio-SPA-Kosmetik   <\/p> <p class=\"name product-title\"><a href=\"https:\/\/seacare.com\/de\/produkt\/bio-gesichtstoner-150-ml-seacare\/\">Bio-Gesichtstoner, 150 ml, SeaCare<\/a><\/p><\/div><div class=\"price-wrapper\">\n\t<span class=\"price\"><span class=\"woocommerce-Price-amount amount\"><span class=\"woocommerce-Price-currencySymbol\">&#36;<\/span>&nbsp;42.90<\/span><\/span>\n<\/div>\t\t<\/div><!-- box-text -->\n\t<\/div><!-- box -->\n\t\t<\/div><!-- .col-inner -->\n<\/div><!-- col -->\t            \t\t\t\t\t\n<div class=\"product-small col has-hover post-33200 product type-product status-publish has-post-thumbnail product_cat-dead-sea-spa-kosmetik product_cat-dead-sea-spa-kosmetik-de product_cat-koerperkosmetik product_cat-peelings product_tag-glatte-haut product_tag-schoene-haut product_tag-tiefenreinigung  instock shipping-taxable purchasable product-type-simple\">\n\t<div class=\"col-inner\">\t\n\t\n<div class=\"badge-container absolute left top z-1\">\n<\/div>\t<div class=\"product-small box \">\n\t\t<div class=\"box-image\">\n\t\t\t<div class=\"image-none\">\n\t\t\t\t<a href=\"https:\/\/seacare.com\/de\/produkt\/fusspeeling-150-ml-seacare\/\">\n\t\t\t\t\t<img loading=\"lazy\" decoding=\"async\" width=\"247\" height=\"300\" src=\"https:\/\/seacare.com\/wp-content\/uploads\/2017\/03\/1.-Foot-Scrub-\u043a\u043e\u043f\u0438\u044f-247x300.jpg\" class=\"attachment-shop_catalog size-shop_catalog wp-post-image\" alt=\"1. Foot Scrub \u043a\u043e\u043f\u0438\u044f\" title=\"1. Foot Scrub \u043a\u043e\u043f\u0438\u044f\" \/>\t\t\t\t<\/a>\n\t\t\t<\/div>\n\t\t\t<div class=\"image-tools is-small top right show-on-hover\">\n\t\t\t\t\t\t\t<\/div>\n\t\t\t<div class=\"image-tools is-small hide-for-small bottom left show-on-hover\">\n\t\t\t\t\t\t\t<\/div>\n\t\t\t<div class=\"image-tools grid-tools text-center hide-for-small bottom hover-slide-in show-on-hover\">\n\t\t\t\t  <a class=\"quick-view\" data-prod=\"33200\" href=\"#quick-view\">Schnellansicht<\/a>\t\t\t<\/div>\n\t\t\t\t\t<\/div><!-- box-image -->\n\n\t\t<div class=\"box-text box-text-products\">\n\t\t\t<div class=\"title-wrapper\">  <p class=\"category uppercase is-smaller no-text-overflow product-cat op-7\">\n        Dead Sea SPA-Kosmetik   <\/p> <p class=\"name product-title\"><a href=\"https:\/\/seacare.com\/de\/produkt\/fusspeeling-150-ml-seacare\/\">Fu\u00dfpeeling, 150 ml, Sea\u0421are<\/a><\/p><\/div><div class=\"price-wrapper\">\n\t<span class=\"price\"><span class=\"woocommerce-Price-amount amount\"><span class=\"woocommerce-Price-currencySymbol\">&#36;<\/span>&nbsp;33.90<\/span><\/span>\n<\/div>\t\t<\/div><!-- box-text -->\n\t<\/div><!-- box -->\n\t\t<\/div><!-- .col-inner -->\n<\/div><!-- col -->\t            \n\t        <\/div>\n","protected":false},"excerpt":{"rendered":"<p>f\u00fcr alle Hauttypen<br \/>\n150 ml &#8211; 5.07 fl.oz.<\/p>\n","protected":false},"featured_media":59265,"comment_status":"open","ping_status":"closed","template":"","meta":[],"_links":{"self":[{"href":"https:\/\/seacare.com\/de\/wp-json\/wp\/v2\/product\/33204"}],"collection":[{"href":"https:\/\/seacare.com\/de\/wp-json\/wp\/v2\/product"}],"about":[{"href":"https:\/\/seacare.com\/de\/wp-json\/wp\/v2\/types\/product"}],"replies":[{"embeddable":true,"href":"https:\/\/seacare.com\/de\/wp-json\/wp\/v2\/comments?post=33204"}],"wp:featuredmedia":[{"embeddable":true,"href":"https:\/\/seacare.com\/de\/wp-json\/wp\/v2\/media\/59265"}],"wp:attachment":[{"href":"https:\/\/seacare.com\/de\/wp-json\/wp\/v2\/media?parent=33204"}],"curies":[{"name":"wp","href":"https:\/\/api.w.org\/{rel}","templated":true}]}}