{"id":38149,"date":"2021-05-20T18:33:16","date_gmt":"2021-05-20T15:33:16","guid":{"rendered":"https:\/\/seacare.com\/es\/?page_id=38149"},"modified":"2021-05-20T18:33:16","modified_gmt":"2021-05-20T15:33:16","slug":"matrixyl-3000","status":"publish","type":"page","link":"https:\/\/seacare.com\/es\/matrixyl-3000\/","title":{"rendered":"Matrixyl\u00ae 3000"},"content":{"rendered":"<h1 class=\"text-head\" style=\"text-align: center;\"><span data-text-color=\"primary\">Matrixyl\u00ae 3000<\/span><\/h1>\n<p>Matrixyl\u00ae 3000 es un cosm\u00e9tico antiarrugas innovador de origen pept\u00eddico. La matrixila consta de unos componentes espec\u00edficos: las \u201cmatrixinas\u201d, que, al aplicarse, alcanzan objetivo necesario y activan los procesos de regeneraci\u00f3n de las c\u00e9lulas moribundas de la piel. Gracias a este mecanismo se consigue el efecto rejuvenecedor.<\/p>\n","protected":false},"excerpt":{"rendered":"<p>Matrixyl\u00ae 3000 Matrixyl\u00ae 3000 es un cosm\u00e9tico antiarrugas innovador de origen pept\u00eddico. La matrixila consta de unos componentes espec\u00edficos: las \u201cmatrixinas\u201d, que, al aplicarse, alcanzan objetivo necesario y activan los procesos de regeneraci\u00f3n de las c\u00e9lulas moribundas de la piel. Gracias a este mecanismo se consigue el efecto rejuvenecedor.<\/p>\n","protected":false},"author":1,"featured_media":0,"parent":0,"menu_order":0,"comment_status":"closed","ping_status":"closed","template":"","meta":{"footnotes":""},"_links":{"self":[{"href":"https:\/\/seacare.com\/es\/wp-json\/wp\/v2\/pages\/38149"}],"collection":[{"href":"https:\/\/seacare.com\/es\/wp-json\/wp\/v2\/pages"}],"about":[{"href":"https:\/\/seacare.com\/es\/wp-json\/wp\/v2\/types\/page"}],"author":[{"embeddable":true,"href":"https:\/\/seacare.com\/es\/wp-json\/wp\/v2\/users\/1"}],"replies":[{"embeddable":true,"href":"https:\/\/seacare.com\/es\/wp-json\/wp\/v2\/comments?post=38149"}],"version-history":[{"count":1,"href":"https:\/\/seacare.com\/es\/wp-json\/wp\/v2\/pages\/38149\/revisions"}],"predecessor-version":[{"id":38150,"href":"https:\/\/seacare.com\/es\/wp-json\/wp\/v2\/pages\/38149\/revisions\/38150"}],"wp:attachment":[{"href":"https:\/\/seacare.com\/es\/wp-json\/wp\/v2\/media?parent=38149"}],"curies":[{"name":"wp","href":"https:\/\/api.w.org\/{rel}","templated":true}]}}