{"id":38153,"date":"2021-05-20T18:34:44","date_gmt":"2021-05-20T15:34:44","guid":{"rendered":"https:\/\/seacare.com\/es\/?page_id=38153"},"modified":"2021-05-20T18:34:44","modified_gmt":"2021-05-20T15:34:44","slug":"renovage","status":"publish","type":"page","link":"https:\/\/seacare.com\/es\/renovage\/","title":{"rendered":"Renovage\u2122"},"content":{"rendered":"<h1 class=\"text-head\" style=\"text-align: center;\"><span data-text-color=\"primary\">Renovage\u2122<\/span><\/h1>\n<p>Renovage\u2122 es un complejo antiedad de Sederma, fabricante de matrixila y otras sustancias excelentes para cuidar la piel. Se ha demostrado a nivel cient\u00edfico mediante ensayos cl\u00ednicos que Renovage tiene una capacidad maravillosa para disminuir la aparici\u00f3n de indicios de envejecimiento de la piel. \u00a1Renovage lo hace de modo que las c\u00e9lulas duren m\u00e1s tiempo!<\/p>\n","protected":false},"excerpt":{"rendered":"<p>Renovage\u2122 Renovage\u2122 es un complejo antiedad de Sederma, fabricante de matrixila y otras sustancias excelentes para cuidar la piel. Se ha demostrado a nivel cient\u00edfico mediante ensayos cl\u00ednicos que Renovage tiene una capacidad maravillosa para disminuir la aparici\u00f3n de indicios de envejecimiento de la piel. \u00a1Renovage lo hace de modo que las c\u00e9lulas duren m\u00e1s [&hellip;]\n","protected":false},"author":1,"featured_media":0,"parent":0,"menu_order":0,"comment_status":"closed","ping_status":"closed","template":"","meta":{"footnotes":""},"_links":{"self":[{"href":"https:\/\/seacare.com\/es\/wp-json\/wp\/v2\/pages\/38153"}],"collection":[{"href":"https:\/\/seacare.com\/es\/wp-json\/wp\/v2\/pages"}],"about":[{"href":"https:\/\/seacare.com\/es\/wp-json\/wp\/v2\/types\/page"}],"author":[{"embeddable":true,"href":"https:\/\/seacare.com\/es\/wp-json\/wp\/v2\/users\/1"}],"replies":[{"embeddable":true,"href":"https:\/\/seacare.com\/es\/wp-json\/wp\/v2\/comments?post=38153"}],"version-history":[{"count":1,"href":"https:\/\/seacare.com\/es\/wp-json\/wp\/v2\/pages\/38153\/revisions"}],"predecessor-version":[{"id":38154,"href":"https:\/\/seacare.com\/es\/wp-json\/wp\/v2\/pages\/38153\/revisions\/38154"}],"wp:attachment":[{"href":"https:\/\/seacare.com\/es\/wp-json\/wp\/v2\/media?parent=38153"}],"curies":[{"name":"wp","href":"https:\/\/api.w.org\/{rel}","templated":true}]}}