{"id":38155,"date":"2021-05-20T18:37:28","date_gmt":"2021-05-20T15:37:28","guid":{"rendered":"https:\/\/seacare.com\/es\/?page_id=38155"},"modified":"2021-05-20T18:37:28","modified_gmt":"2021-05-20T15:37:28","slug":"acido-hialuronico","status":"publish","type":"page","link":"https:\/\/seacare.com\/es\/acido-hialuronico\/","title":{"rendered":"\u00c1cido hialur\u00f3nico"},"content":{"rendered":"<h1 class=\"text-head\" style=\"text-align: center;\"><span data-text-color=\"primary\">\u00c1cido hialur\u00f3nico<\/span><\/h1>\n<p>El \u00e1cido hialur\u00f3nico es un ingrediente clave de muchos productos para luchar contra la edad y cuidar de la piel. Se usa para hidratar la piel, mejorar su elasticidad y disminuir la aparici\u00f3n de arrugas. Puede encontrarlo en sueros, cremas y lociones. Confiere a la piel su aspecto natural y recupera su tono. <\/p>\n","protected":false},"excerpt":{"rendered":"<p>\u00c1cido hialur\u00f3nico El \u00e1cido hialur\u00f3nico es un ingrediente clave de muchos productos para luchar contra la edad y cuidar de la piel. Se usa para hidratar la piel, mejorar su elasticidad y disminuir la aparici\u00f3n de arrugas. Puede encontrarlo en sueros, cremas y lociones. Confiere a la piel su aspecto natural y recupera su tono.<\/p>\n","protected":false},"author":1,"featured_media":0,"parent":0,"menu_order":0,"comment_status":"closed","ping_status":"closed","template":"","meta":{"footnotes":""},"_links":{"self":[{"href":"https:\/\/seacare.com\/es\/wp-json\/wp\/v2\/pages\/38155"}],"collection":[{"href":"https:\/\/seacare.com\/es\/wp-json\/wp\/v2\/pages"}],"about":[{"href":"https:\/\/seacare.com\/es\/wp-json\/wp\/v2\/types\/page"}],"author":[{"embeddable":true,"href":"https:\/\/seacare.com\/es\/wp-json\/wp\/v2\/users\/1"}],"replies":[{"embeddable":true,"href":"https:\/\/seacare.com\/es\/wp-json\/wp\/v2\/comments?post=38155"}],"version-history":[{"count":1,"href":"https:\/\/seacare.com\/es\/wp-json\/wp\/v2\/pages\/38155\/revisions"}],"predecessor-version":[{"id":38156,"href":"https:\/\/seacare.com\/es\/wp-json\/wp\/v2\/pages\/38155\/revisions\/38156"}],"wp:attachment":[{"href":"https:\/\/seacare.com\/es\/wp-json\/wp\/v2\/media?parent=38155"}],"curies":[{"name":"wp","href":"https:\/\/api.w.org\/{rel}","templated":true}]}}